{"id":10960,"date":"2022-07-25T13:06:29","date_gmt":"2022-07-25T13:06:29","guid":{"rendered":"http:\/\/ecclesiae.de\/blog\/?page_id=10960"},"modified":"2022-07-25T13:06:29","modified_gmt":"2022-07-25T13:06:29","slug":"herrsche-ueber-meine-seele","status":"publish","type":"page","link":"https:\/\/ecclesiae.de\/blog\/?page_id=10960","title":{"rendered":"Herrsche \u00fcber meine Seele"},"content":{"rendered":"\n<figure class=\"wp-block-table\"><table><tbody><tr><td><br>Oh mein im Sakrament verborgener Heiland!<br>Siehe, ich bin ganz nahe bei dir, ich verlange von dir nichts, als Eifer und Beharrlichkeit in deinem Dienst.<br>Ich danke dir o heiliger Glaube!<br>Denn du lehrst und versicherst mich, dass im allerheiligsten Sakrament des Altars, in diesem Himmelsbrot, nicht Brot,<br>sondern mein Herr Jesus Christus mit seiner Gottheit und Menschheit aus Liebe zu mir, gegenw\u00e4rtig ist Mein Herr und mein alles!<br>Ich glaube, dass du im allerheiligsten Sakrament gegenw\u00e4rtig bist<br>und obgleich du den Augen des Leibes verborgen bist, so erkenne ich dich doch, durch das Licht des heiligen Glaubens,<br>in dieser heiligen Hostie, als den Herrn des Himmels und der Erde, als den Heiland der Welt.<br>O mein s\u00fc\u00dfester Jesus!<br>Gleichwie du meine Hoffnung, mein Heil, meine St\u00e4rke, mein Trost bist, so will ich auch, dass du allein meine Liebe,<br>der einzige Gegenstand meiner Gedanken, meiner W\u00fcnsche, meiner Neigungen seist.<br>Die unendliche Seligkeit, die du genie\u00dft und in alle Ewigkeit genie\u00dfen wirst, gew\u00e4hrt mir mehr Freude, als alle G\u00fcter,<br>die ich auf Erden oder im Himmel besitzen k\u00f6nnte.<br>Nichts macht mir mehr Freude, als dass du, mein Heiland vollkommen zufrieden und unendlich gl\u00fccklich bist.<br>Herrsche, herrsche, o Herr, \u00fcber meine Seele, ich \u00fcbergebe sie dir ganz, besitze sie f\u00fcr immer!<br>Mein Wille, meine Sinne, alle F\u00e4higkeiten meiner Seele, sollen deiner Liebe unterworfen sein<br>und mir auf Erden nur dienen, um dir wohlzugefallen, um deine Ehre zu bef\u00f6rdern.<br>Auf solche Weise lebtest du auf Erden, o Mutter meines Jesus!<br>Heiligste Maria, hilf mir, erbitte mir die Gnade, dass ich von heute an lebe wie du und kein anderes Gl\u00fcck suche als dass, Gott anzugeh\u00f6ren.<br>Hl. Alphos Maria von Liguori,<\/td><\/tr><\/tbody><\/table><\/figure>\n","protected":false},"excerpt":{"rendered":"<p>Oh mein im Sakrament verborgener Heiland!Siehe, ich bin ganz nahe bei dir, ich verlange von dir nichts, als Eifer und Beharrlichkeit in deinem Dienst.Ich danke dir o heiliger Glaube!Denn du lehrst und versicherst mich, dass im allerheiligsten Sakrament des Altars, &hellip; <a href=\"https:\/\/ecclesiae.de\/blog\/?page_id=10960\">Weiterlesen <span class=\"meta-nav\">&rarr;<\/span><\/a><\/p>\n","protected":false},"author":3,"featured_media":0,"parent":10545,"menu_order":0,"comment_status":"closed","ping_status":"closed","template":"","meta":{"footnotes":""},"class_list":["post-10960","page","type-page","status-publish","hentry"],"_links":{"self":[{"href":"https:\/\/ecclesiae.de\/blog\/index.php?rest_route=\/wp\/v2\/pages\/10960","targetHints":{"allow":["GET"]}}],"collection":[{"href":"https:\/\/ecclesiae.de\/blog\/index.php?rest_route=\/wp\/v2\/pages"}],"about":[{"href":"https:\/\/ecclesiae.de\/blog\/index.php?rest_route=\/wp\/v2\/types\/page"}],"author":[{"embeddable":true,"href":"https:\/\/ecclesiae.de\/blog\/index.php?rest_route=\/wp\/v2\/users\/3"}],"replies":[{"embeddable":true,"href":"https:\/\/ecclesiae.de\/blog\/index.php?rest_route=%2Fwp%2Fv2%2Fcomments&post=10960"}],"version-history":[{"count":1,"href":"https:\/\/ecclesiae.de\/blog\/index.php?rest_route=\/wp\/v2\/pages\/10960\/revisions"}],"predecessor-version":[{"id":10961,"href":"https:\/\/ecclesiae.de\/blog\/index.php?rest_route=\/wp\/v2\/pages\/10960\/revisions\/10961"}],"up":[{"embeddable":true,"href":"https:\/\/ecclesiae.de\/blog\/index.php?rest_route=\/wp\/v2\/pages\/10545"}],"wp:attachment":[{"href":"https:\/\/ecclesiae.de\/blog\/index.php?rest_route=%2Fwp%2Fv2%2Fmedia&parent=10960"}],"curies":[{"name":"wp","href":"https:\/\/api.w.org\/{rel}","templated":true}]}}