{"id":10964,"date":"2022-07-25T13:10:21","date_gmt":"2022-07-25T13:10:21","guid":{"rendered":"http:\/\/ecclesiae.de\/blog\/?page_id=10964"},"modified":"2022-07-25T13:10:21","modified_gmt":"2022-07-25T13:10:21","slug":"an-meinen-schutzengel","status":"publish","type":"page","link":"https:\/\/ecclesiae.de\/blog\/?page_id=10964","title":{"rendered":"An meinen Schutzengel"},"content":{"rendered":"\n<p>Der du in dem sch\u00f6nen Himmel strahlst<br>Wie eine milde und reine Flamme,<br>Nahe dem Thron des Ewigen!<br>Du steigst f\u00fcr mich zur Erde nieder<br>Und erleuchtest mich mit deinem Glanz.<br>Sch\u00f6ner Engel, du wirst mein Bruder,<br>Mein Freund, mein Tr\u00f6ster!<br><br>Meine Schw\u00e4che kennend,<br>Leitest du mich mit deiner Hand,<br>Und ich sehe, wie du voll Z\u00e4rtlichkeit<br>Den Stein aus dem Wege r\u00e4umst.<br>Immer l\u00e4dt mich deine s\u00fc\u00dfe Stimme ein,<br>Auf nichts zu schauen als auf den Himmel.<br>Je mehr du mich dem\u00fctig und klein siehst,<br>Desto leuchtender ist deine Stirn.<br><br>O du, der du den Raum durchquerst<br>Rascher als die Blitze,<br>Ich flehe dich darum an:<br>Fliege an meinen Platz<br>Bei denen, die mir teuer sind!<br>Trockne mit deinem Fl\u00fcgel ihre Tr\u00e4nen!<br>Singe, wie gut JESUS ist!<br>Singe davon, dass Leiden seinen Reiz hat,<br>Und ganz leise fl\u00fcstere meinen Namen!&#8230;<br><br>W\u00e4hrend meines kurzen Lebens will ich<br>Meine Br\u00fcder, die S\u00fcnder, retten.<br>O sch\u00f6ner Engel des Vaterlandes,<br>Schenke mir deinen heiligen Eifer!<br>Ich habe nichts als meine Opfer<br>Und meine strenge Armut.<br>Mit deinen himmlischen Wonnen bringe sie<br>Der Dreifaltigkeit dar!<br><br>Dir das Reich der Herrlichkeit,<br>Die Reicht\u00fcmer des K\u00f6nigs der K\u00f6nige!<br>Mir die schlichte Hostie des Speisekelches,<br>Mir den Schatz des Kreuzes!<br>Mit dem Kreuz, mit der Hostie<br>Und mit deiner himmlischen Hilfe<br>Erwarte ich im Frieden die Freuden<br>Des anderen Lebens,<br>die f\u00fcr immer Bestand haben werden.<\/p>\n\n\n\n<p>Hl. Theresia von Lisieux,<\/p>\n","protected":false},"excerpt":{"rendered":"<p>Der du in dem sch\u00f6nen Himmel strahlstWie eine milde und reine Flamme,Nahe dem Thron des Ewigen!Du steigst f\u00fcr mich zur Erde niederUnd erleuchtest mich mit deinem Glanz.Sch\u00f6ner Engel, du wirst mein Bruder,Mein Freund, mein Tr\u00f6ster! Meine Schw\u00e4che kennend,Leitest du mich &hellip; <a href=\"https:\/\/ecclesiae.de\/blog\/?page_id=10964\">Weiterlesen <span class=\"meta-nav\">&rarr;<\/span><\/a><\/p>\n","protected":false},"author":3,"featured_media":0,"parent":10545,"menu_order":0,"comment_status":"closed","ping_status":"closed","template":"","meta":{"footnotes":""},"class_list":["post-10964","page","type-page","status-publish","hentry"],"_links":{"self":[{"href":"https:\/\/ecclesiae.de\/blog\/index.php?rest_route=\/wp\/v2\/pages\/10964","targetHints":{"allow":["GET"]}}],"collection":[{"href":"https:\/\/ecclesiae.de\/blog\/index.php?rest_route=\/wp\/v2\/pages"}],"about":[{"href":"https:\/\/ecclesiae.de\/blog\/index.php?rest_route=\/wp\/v2\/types\/page"}],"author":[{"embeddable":true,"href":"https:\/\/ecclesiae.de\/blog\/index.php?rest_route=\/wp\/v2\/users\/3"}],"replies":[{"embeddable":true,"href":"https:\/\/ecclesiae.de\/blog\/index.php?rest_route=%2Fwp%2Fv2%2Fcomments&post=10964"}],"version-history":[{"count":1,"href":"https:\/\/ecclesiae.de\/blog\/index.php?rest_route=\/wp\/v2\/pages\/10964\/revisions"}],"predecessor-version":[{"id":10965,"href":"https:\/\/ecclesiae.de\/blog\/index.php?rest_route=\/wp\/v2\/pages\/10964\/revisions\/10965"}],"up":[{"embeddable":true,"href":"https:\/\/ecclesiae.de\/blog\/index.php?rest_route=\/wp\/v2\/pages\/10545"}],"wp:attachment":[{"href":"https:\/\/ecclesiae.de\/blog\/index.php?rest_route=%2Fwp%2Fv2%2Fmedia&parent=10964"}],"curies":[{"name":"wp","href":"https:\/\/api.w.org\/{rel}","templated":true}]}}