{"id":10970,"date":"2022-07-25T13:42:52","date_gmt":"2022-07-25T13:42:52","guid":{"rendered":"http:\/\/ecclesiae.de\/blog\/?page_id=10970"},"modified":"2022-07-25T13:42:52","modified_gmt":"2022-07-25T13:42:52","slug":"rosenkranz-zu-den-7-schmerzen-mariens","status":"publish","type":"page","link":"https:\/\/ecclesiae.de\/blog\/?page_id=10970","title":{"rendered":"Rosenkranz zu den 7 Schmerzen Mariens"},"content":{"rendered":"\n<p><strong>Reuegebet:<\/strong><br>Mein Gott, aus ganzem Herzen bereue ich alle meine S\u00fcnden, nicht nur wegen der gerechten Strafen,<br>die ich daf\u00fcr verdient habe, sondern vor allem, weil ich Dich beleidigt habe, das h\u00f6chste Gut,<br>das w\u00fcrdig ist, \u00fcber alles geliebt zu werden.<br>Darum nehme ich mir fest vor, mit Hilfe Deiner Gnade nicht mehr zu s\u00fcndigen und die Gelegenheiten zur S\u00fcnde zu meiden. Amen.<br>Gegr\u00fc\u00dfet seist du, Maria\u2026 (3-mal)<br>Mutter der Barmherzigkeit, erinnere uns alle Tage an das Leiden Jesu.<\/p>\n\n\n\n<p><strong>Die sieben Schmerzen:<\/strong><\/p>\n\n\n\n<p>1. Der greise Simeon k\u00fcndigt Maria an, dass ein Schwert des Schmerzes ihr Herz durchbohren wird (Lk 2,22-35).<br>2. Die Flucht Jesu nach \u00c4gypten (Mt 2,13-15).<br>3. Der Schmerz Mariens bei der dreit\u00e4gigen Suche nach Jesus (Lk 2,41-52).<br>4.Die Jungfrau Maria begegnet Jesus,der das Kreuz tr\u00e4gt (Lk 23,27).<br>5.Die Jungfrau Maria zu F\u00fc\u00dfen des Kreuzes Jesu (Joh 19,25-27).<br>6. Die Jungfrau Maria nimmt den Leichnam Jesu in ihre Arme (Joh 19,38-40).<br>7.Die Jungfrau Maria legt den Leichnam Jesu ins Grab (Joh 19,41-42).<\/p>\n\n\n\n<p>Nach jedem Schmerz betet man ein Vater unser<br>und sieben Gegr\u00fc\u00dfet seist du, Maria.<\/p>\n\n\n\n<p><strong>Das Schlussgebet:<\/strong><br>K\u00f6nigin der M\u00e4rtyrer, Dein Herz hat so vieles erlitten.<br>Ich bitte Dich um der Tr\u00e4nen willen, die Du in diesen furchtbaren und<br>schmerzensreichen Zeiten<br>vergossen hast, mir und allen S\u00fcndern der Welt die Gnade der vollkommenen Reue zu erwirken.<br>Amen.<br>Quelle: Kirche heute 12\/2018<\/p>\n","protected":false},"excerpt":{"rendered":"<p>Reuegebet:Mein Gott, aus ganzem Herzen bereue ich alle meine S\u00fcnden, nicht nur wegen der gerechten Strafen,die ich daf\u00fcr verdient habe, sondern vor allem, weil ich Dich beleidigt habe, das h\u00f6chste Gut,das w\u00fcrdig ist, \u00fcber alles geliebt zu werden.Darum nehme ich &hellip; <a href=\"https:\/\/ecclesiae.de\/blog\/?page_id=10970\">Weiterlesen <span class=\"meta-nav\">&rarr;<\/span><\/a><\/p>\n","protected":false},"author":3,"featured_media":0,"parent":10364,"menu_order":0,"comment_status":"closed","ping_status":"closed","template":"","meta":{"footnotes":""},"class_list":["post-10970","page","type-page","status-publish","hentry"],"_links":{"self":[{"href":"https:\/\/ecclesiae.de\/blog\/index.php?rest_route=\/wp\/v2\/pages\/10970","targetHints":{"allow":["GET"]}}],"collection":[{"href":"https:\/\/ecclesiae.de\/blog\/index.php?rest_route=\/wp\/v2\/pages"}],"about":[{"href":"https:\/\/ecclesiae.de\/blog\/index.php?rest_route=\/wp\/v2\/types\/page"}],"author":[{"embeddable":true,"href":"https:\/\/ecclesiae.de\/blog\/index.php?rest_route=\/wp\/v2\/users\/3"}],"replies":[{"embeddable":true,"href":"https:\/\/ecclesiae.de\/blog\/index.php?rest_route=%2Fwp%2Fv2%2Fcomments&post=10970"}],"version-history":[{"count":1,"href":"https:\/\/ecclesiae.de\/blog\/index.php?rest_route=\/wp\/v2\/pages\/10970\/revisions"}],"predecessor-version":[{"id":10971,"href":"https:\/\/ecclesiae.de\/blog\/index.php?rest_route=\/wp\/v2\/pages\/10970\/revisions\/10971"}],"up":[{"embeddable":true,"href":"https:\/\/ecclesiae.de\/blog\/index.php?rest_route=\/wp\/v2\/pages\/10364"}],"wp:attachment":[{"href":"https:\/\/ecclesiae.de\/blog\/index.php?rest_route=%2Fwp%2Fv2%2Fmedia&parent=10970"}],"curies":[{"name":"wp","href":"https:\/\/api.w.org\/{rel}","templated":true}]}}