{"id":10976,"date":"2022-07-25T13:52:55","date_gmt":"2022-07-25T13:52:55","guid":{"rendered":"http:\/\/ecclesiae.de\/blog\/?page_id=10976"},"modified":"2022-07-25T13:52:55","modified_gmt":"2022-07-25T13:52:55","slug":"weihegebet-zur-vollkommenen-hingabe-an-jesus-durch-maria","status":"publish","type":"page","link":"https:\/\/ecclesiae.de\/blog\/?page_id=10976","title":{"rendered":"Weihegebet zur vollkommenen Hingabe an Jesus durch Maria"},"content":{"rendered":"\n<figure class=\"wp-block-table\"><table><tbody><tr><td>O ewige, menschgewordene Weisheit! S\u00fc\u00dfester und anbetungsw\u00fcrdigster Jesus! Wahrer Gott und wahrer Mensch, einziger Sohn des ewigen Vaters und der immerw\u00e4hrenden Jungfrau Maria!<br>In tiefster Ehrfurcht bete ich Dich an im Scho\u00dfe und in der Herrlichkeit Deines Vaters von Ewigkeit her, und im jungfr\u00e4ulichen Scho\u00dfe Mari\u00e4, Deiner w\u00fcrdigsten Mutter, im Hinblick auf Deine Menschwerdung in der Zeit.<br>Ich sage Dir Dank, dass Du Dich selbst vernichtet hast, indem Du Knechtsgestalt annahmst, um mich aus der grausamen Knechtschaft des Satans zu befreien.<br>Ich preise und verherrliche Dich daf\u00fcr, da Du Dich Maria, Deiner heiligen Mutter, in allen Dingen unterwerfen wolltest, um mich durch sie zu Deinem getreuen Sklaven zu machen.<br>Aber ach! Undankbar und untreu, wie ich bin, habe ich Dir die Versprechen nicht gehalten, die ich so feierlich bei meiner Taufe gemacht habe. Ich habe meine Verpflichtungen nicht erf\u00fcllt; ich verdiene nicht, Dein Kind noch Dein Sklave zu hei\u00dfen, und da in mir nichts ist, wodurch ich nicht Deine Zurechtweisung und Deinen Zorn verdiente, so wage ich es nicht mehr, mich selbst Deiner heiligsten und erhabensten Majest\u00e4t zu nahen.<br>Daher nehme ich meine Zuflucht zu Deiner heiligsten Mutter, welche Du selbst mir zur Mittlerin gegeben hast. Durch ihre Vermittlung hoffe ich, von Dir die Gnade der Reue und die Verzeihung meiner S\u00fcnden, die Erwerbung und die Bewahrung der Weisheit zu erlangen.<br>Ich gr\u00fc\u00dfe Dich, O unbefleckte Jungfrau Maria, Du lebendiger Tabernakel der Gottheit, in dem die ewige verborgene Weisheit \u00a0von den Engeln und Menschen angebetet werden will.<br>Ich gr\u00fc\u00dfe Dich, Du K\u00f6nigin des Himmels und der Erde, deren Herrschaft alle Gesch\u00f6pfe unterworfen sind.<br>Ich gr\u00fc\u00dfe Dich, Du sichere Zuflucht der S\u00fcnder, deren Barmherzigkeit niemandem versagt ist. Erh\u00f6re mein Verlangen nach g\u00f6ttlicher Weisheit und empfange die Gel\u00f6bnisse und Gaben, die ich in meiner Niedrigkeit dir darzubringen wage.<br><br>ICH, \u00a0N.N., TREULOSER \u00a0S\u00dcNDER, \u00a0ERNEUERE \u00a0UND \u00a0BEKR\u00c4FTIGE \u00a0 IN \u00a0DEINE \u00a0H\u00c4NDE \u00a0MEINE \u00a0TAUFGEL\u00dcBDE. \u00a0ICH \u00a0WIDERSAGE \u00a0F\u00dcR \u00a0IMMER \u00a0DEM \u00a0SATAN, \u00a0SEINER \u00a0HOFFART \u00a0UND \u00a0SEINEN \u00a0WERKEN, \u00a0UND \u00a0\u00dcBERGEBE \u00a0MICH \u00a0GANZ \u00a0JESUS \u00a0CHRISTUS, \u00a0DER \u00a0FLEISCHGEWORDENEN \u00a0WEISHEIT, \u00a0UM \u00a0MEIN \u00a0KREUZ \u00a0IHM \u00a0 NACHZUTRAGEN \u00a0ALLE \u00a0TAGE \u00a0MEINES \u00a0LEBENS. DAMIT \u00a0ICH \u00a0IHM \u00a0ABER \u00a0TREUER \u00a0DIENE, \u00a0ALS \u00a0ICH \u00a0ES \u00a0BIS \u00a0JETZT \u00a0GETAN, \u00a0ERW\u00c4HLE \u00a0ICH \u00a0DICH, \u00a0O \u00a0MARIA, \u00a0IN \u00a0GEGENWART \u00a0DES \u00a0GANZEN \u00a0HIMMLISCHEN \u00a0HOFES, \u00a0ZU \u00a0MEINER \u00a0MUTTER \u00a0UND \u00a0HERRIN. \u00a0ICH \u00a0\u00dcBERGEBE \u00a0UND \u00a0WEIHE \u00a0DIR \u00a0IN \u00a0DER \u00a0EIGENSCHAFT \u00a0EINES \u00a0SKLAVEN \u00a0MEINEN \u00a0LEIB \u00a0UND \u00a0MEINE \u00a0SEELE, \u00a0MEINE \u00a0INNEREN \u00a0UND \u00c4USSEREN \u00a0G\u00dcTER \u00a0UND \u00a0SELBST \u00a0DEN \u00a0WERT \u00a0ALLER \u00a0MEINER \u00a0VERGANGENEN, \u00a0GEGENW\u00c4RTIGEN \u00a0UND \u00a0ZUK\u00dcNFTIGEN \u00a0GUTEN \u00a0HANDLUNGEN, \u00a0INDEM \u00a0ICH \u00a0DIR \u00a0ALLES \u00a0RECHT \u00a0UND \u00a0VOLLE \u00a0GEWALT \u00a0\u00dcBERLASSE \u00a0\u00dcBER \u00a0MICH \u00a0UND \u00a0ALL \u00a0MEIN \u00a0EIGENTUM \u00a0OHNE \u00a0AUSNAHME \u00a0NACH \u00a0DEINEM \u00a0WOHLGEFALLEN, \u00a0ZUR \u00a0GR\u00d6SSEREN \u00a0EHRE \u00a0GOTTES \u00a0IN \u00a0DER \u00a0ZEIT \u00a0UND \u00a0IN \u00a0DER \u00a0EWIGKEIT.<br><br>Empfange, O g\u00fctige Jungfrau, diese kleine Opfergabe meiner Liebesknechtschaft zu Deiner Ehre und in Vereinigung mit der Unterwerfung, welche die ewige Weisheit \u00a0Deiner Mutterschaft erwiesen hat, als Anerkennung der Macht, die ihr beide \u00fcber \u00a0mich armseligen Erdenwurm und elenden S\u00fcnder besitzet, und zur Danksagung f\u00fcr die Vorz\u00fcge, mit denen die heilige Dreifaltigkeit Dich geschm\u00fcckt hat.<br>Ich beteure, dass ich als Dein wahrer Sklave von nun an nur Deine Ehre suchen und Dir in allem gehorchen will.<br>O wunderbare Mutter, stelle mich Deinem lieben Sohne als ewigen Sklaven vor, damit er mich durch Dich aufnehme, wie er mich durch Dich erl\u00f6st hat.<br>O Mutter der Barmherzigkeit, erweise mir die Gnade, die wahre Weisheit von Gott zu erlangen und mich in die Zahl derjenigen aufzunehmen, die Du liebst, lehrst und f\u00fchrst, die Du n\u00e4hrst und besch\u00fctzest als Deine Kinder und als Deine Knechte.<br>O getreue Jungfrau, mach mich in allen Dingen zu einem so vollkommenen Sch\u00fcler, Nachahmer und Sklaven der fleischgewordenen Weisheit Jesu Christi, Deines Sohnes, dass ich durch Deine F\u00fcrbitte und nach Deinem Beispiel zur F\u00fclle seines Alters auf Erden und seiner Glorie im Himmel gelange. Amen<\/td><\/tr><tr><td><\/td><\/tr><\/tbody><\/table><\/figure>\n","protected":false},"excerpt":{"rendered":"<p>O ewige, menschgewordene Weisheit! S\u00fc\u00dfester und anbetungsw\u00fcrdigster Jesus! Wahrer Gott und wahrer Mensch, einziger Sohn des ewigen Vaters und der immerw\u00e4hrenden Jungfrau Maria!In tiefster Ehrfurcht bete ich Dich an im Scho\u00dfe und in der Herrlichkeit Deines Vaters von Ewigkeit her, &hellip; <a href=\"https:\/\/ecclesiae.de\/blog\/?page_id=10976\">Weiterlesen <span class=\"meta-nav\">&rarr;<\/span><\/a><\/p>\n","protected":false},"author":3,"featured_media":0,"parent":10378,"menu_order":0,"comment_status":"closed","ping_status":"closed","template":"","meta":{"footnotes":""},"class_list":["post-10976","page","type-page","status-publish","hentry"],"_links":{"self":[{"href":"https:\/\/ecclesiae.de\/blog\/index.php?rest_route=\/wp\/v2\/pages\/10976","targetHints":{"allow":["GET"]}}],"collection":[{"href":"https:\/\/ecclesiae.de\/blog\/index.php?rest_route=\/wp\/v2\/pages"}],"about":[{"href":"https:\/\/ecclesiae.de\/blog\/index.php?rest_route=\/wp\/v2\/types\/page"}],"author":[{"embeddable":true,"href":"https:\/\/ecclesiae.de\/blog\/index.php?rest_route=\/wp\/v2\/users\/3"}],"replies":[{"embeddable":true,"href":"https:\/\/ecclesiae.de\/blog\/index.php?rest_route=%2Fwp%2Fv2%2Fcomments&post=10976"}],"version-history":[{"count":1,"href":"https:\/\/ecclesiae.de\/blog\/index.php?rest_route=\/wp\/v2\/pages\/10976\/revisions"}],"predecessor-version":[{"id":10977,"href":"https:\/\/ecclesiae.de\/blog\/index.php?rest_route=\/wp\/v2\/pages\/10976\/revisions\/10977"}],"up":[{"embeddable":true,"href":"https:\/\/ecclesiae.de\/blog\/index.php?rest_route=\/wp\/v2\/pages\/10378"}],"wp:attachment":[{"href":"https:\/\/ecclesiae.de\/blog\/index.php?rest_route=%2Fwp%2Fv2%2Fmedia&parent=10976"}],"curies":[{"name":"wp","href":"https:\/\/api.w.org\/{rel}","templated":true}]}}