{"id":10978,"date":"2022-07-25T13:54:46","date_gmt":"2022-07-25T13:54:46","guid":{"rendered":"http:\/\/ecclesiae.de\/blog\/?page_id=10978"},"modified":"2022-07-25T13:54:46","modified_gmt":"2022-07-25T13:54:46","slug":"weihegebet-an-die-unbefleckte-empfaengnis","status":"publish","type":"page","link":"https:\/\/ecclesiae.de\/blog\/?page_id=10978","title":{"rendered":"Weihegebet an die Unbefleckte Empf\u00e4ngnis"},"content":{"rendered":"\n<p>Nimm gn\u00e4dig meinen Lobpreis an, o gebenedeite Jungfrau!<br>Unbefleckte Empf\u00e4ngnis,<br>K\u00f6nigin des Himmels und der Erde,<br>Zuflucht der S\u00fcnder und innig geliebte Mutter,<br>der Gott den ganzen Schatz der Barmherzigkeit anvertrauen wollte.<br>Hier bin ich zu deinen F\u00fcssen,<br>ich armer S\u00fcnder,<br>und bitte dich inst\u00e4ndig:<br>Nimm mich ganz an als dein Gut und Eigentum.<br>Mache mit mir, was dir gef\u00e4llt,<br>mit meiner Seele und mit meinem Leib,<br>mit meinem Leben, meinem Tod und meiner Ewigkeit.<br><br>Vor allem verf\u00fcge \u00fcber mich, wie du es w\u00fcnscht,<br>damit sich endlich erf\u00fclle, was von dir gesagt wird:<br>\u201eDie Frau wird der Schlange den Kopf zertreten\u201c und:<br>\u201eDu allein wirst die Irrlehren in der ganzen Welt besiegen.\u201c<\/p>\n\n\n\n<p>In deinen ganz reinen H\u00e4nden, so reich an Barmherzigkeit,<br>m\u00f6ge ich ein Werkzeug deiner Liebe werden,<br>das f\u00e4hig ist, viele laue und vom Weg abgekommene Seelen<br>neu zu entfachen und zur vollen Freude zu f\u00fchren.<br>So m\u00f6ge sich ohne Ende, die Herrschaft des G\u00f6ttlichen Herzens Jesu ausbreiten.<\/p>\n\n\n\n<p>Wahrhaftig, deine blosse Gegenwart zieht die Gnaden an,<br>die die Seelen bekehren und heiligen,<br>da ja die Gnade aus dem G\u00f6ttlichen Herzen Jesu<br>auf uns alle \u00fcberstr\u00f6mt,<br>indem sie durch deine m\u00fctterlichen H\u00e4nde fliesst.<br>Amen.<\/p>\n\n\n\n<p>Hl. Pater Maximilian Kolbe<\/p>\n","protected":false},"excerpt":{"rendered":"<p>Nimm gn\u00e4dig meinen Lobpreis an, o gebenedeite Jungfrau!Unbefleckte Empf\u00e4ngnis,K\u00f6nigin des Himmels und der Erde,Zuflucht der S\u00fcnder und innig geliebte Mutter,der Gott den ganzen Schatz der Barmherzigkeit anvertrauen wollte.Hier bin ich zu deinen F\u00fcssen,ich armer S\u00fcnder,und bitte dich inst\u00e4ndig:Nimm mich ganz &hellip; <a href=\"https:\/\/ecclesiae.de\/blog\/?page_id=10978\">Weiterlesen <span class=\"meta-nav\">&rarr;<\/span><\/a><\/p>\n","protected":false},"author":3,"featured_media":0,"parent":10378,"menu_order":0,"comment_status":"closed","ping_status":"closed","template":"","meta":{"footnotes":""},"class_list":["post-10978","page","type-page","status-publish","hentry"],"_links":{"self":[{"href":"https:\/\/ecclesiae.de\/blog\/index.php?rest_route=\/wp\/v2\/pages\/10978","targetHints":{"allow":["GET"]}}],"collection":[{"href":"https:\/\/ecclesiae.de\/blog\/index.php?rest_route=\/wp\/v2\/pages"}],"about":[{"href":"https:\/\/ecclesiae.de\/blog\/index.php?rest_route=\/wp\/v2\/types\/page"}],"author":[{"embeddable":true,"href":"https:\/\/ecclesiae.de\/blog\/index.php?rest_route=\/wp\/v2\/users\/3"}],"replies":[{"embeddable":true,"href":"https:\/\/ecclesiae.de\/blog\/index.php?rest_route=%2Fwp%2Fv2%2Fcomments&post=10978"}],"version-history":[{"count":1,"href":"https:\/\/ecclesiae.de\/blog\/index.php?rest_route=\/wp\/v2\/pages\/10978\/revisions"}],"predecessor-version":[{"id":10979,"href":"https:\/\/ecclesiae.de\/blog\/index.php?rest_route=\/wp\/v2\/pages\/10978\/revisions\/10979"}],"up":[{"embeddable":true,"href":"https:\/\/ecclesiae.de\/blog\/index.php?rest_route=\/wp\/v2\/pages\/10378"}],"wp:attachment":[{"href":"https:\/\/ecclesiae.de\/blog\/index.php?rest_route=%2Fwp%2Fv2%2Fmedia&parent=10978"}],"curies":[{"name":"wp","href":"https:\/\/api.w.org\/{rel}","templated":true}]}}