{"id":11002,"date":"2022-07-26T14:26:56","date_gmt":"2022-07-26T14:26:56","guid":{"rendered":"http:\/\/ecclesiae.de\/blog\/?page_id=11002"},"modified":"2022-07-26T14:26:56","modified_gmt":"2022-07-26T14:26:56","slug":"der-friseur","status":"publish","type":"page","link":"https:\/\/ecclesiae.de\/blog\/?page_id=11002","title":{"rendered":"Der Friseur"},"content":{"rendered":"\n<p>Ein Mann sitzt beim Friseur, um sich den Bart rasieren und die Haare schneiden zu lassen. W\u00e4hrend der Arbeit unterhalten sich Kunde und Friseur angeregt \u00fcber alles M\u00f6gliche. Dann sagt der Friseur: &#8222;Ich glaube nicht, dass Gott existiert.&#8220; Der Kunde fragt ihn darauf: &#8222;Wieso glauben Sie das?&#8220;, worauf der Friseur antwortet: &#8222;Nun, Sie m\u00fcssen nur mal auf die Stra\u00dfe gehen, um zu sehen, dass es Gott nicht gibt. Wenn Gott existieren w\u00fcrde, dann g\u00e4be es nicht die vielen kranken Menschen! Und das mit den ausgesetzten Kindern auch nicht. Wenn Gott existierte, g\u00e4be es weder Schmerzen noch Armut. Ich kann mir keinen liebenden Gott vorstellen, der all diese Dinge erlaubt&#8220;.<br>Der Kunde denkt einen Moment nach, geht aber nicht auf die Argumente ein, denn die Arbeit ist fertig. Er bezahlt und verl\u00e4sst den Laden. Kurz darauf trifft er auf einen Mann mit langen, dreckigen Haaren und einem zerzausten Vollbart. Er sieht schmutzig und ungepflegt aus. Der Kunde geht zur\u00fcck zum Friseur in dessen Salon und sagt: &#8222;Wissen Sie was? Es gibt keine Friseure!&#8220; Der Friseur ist verdutzt und antwortet &#8222;Warum sagen Sie so etwas? Ich bin hier, und ich bin ein Friseur! Und ich habe Ihnen gerade noch die Haare geschnitten!&#8220;<br>&#8222;Nein&#8220;, ruft der Kunde, &#8222;Friseure gibt es nicht! Denn wenn es sie g\u00e4be, dann w\u00fcrden keine Menschen mit langen, dreckigen Haaren und einem ungepflegten Bart herumlaufen, wie dieser Mann dort drau\u00dfen, den sie dort sehen k\u00f6nnen!&#8220;<br><br>&#8222;Halt, halt&#8220;, warf der Friseur ein, &#8222;Sie interpretieren das v\u00f6llig falsch! Nat\u00fcrlich gibt es Friseure! Das Problem ist, dass die Menschen nicht zu mir kommen!&#8220;<br>&#8222;Sehr richtig! Genau das ist es!&#8220;, erwiderte der Kunde. &#8222;Gott gibt es auch. Das Problem ist, dass die Menschen nicht zu ihm kommen und sich von ihm mit Liebe f\u00fcr ihre Mitmenschen beschenken lassen. Das ist der Grund, warum es so viel Schmerz und Armut in der Welt gibt.&#8220;<br><br>Quelle: unbekannt<\/p>\n","protected":false},"excerpt":{"rendered":"<p>Ein Mann sitzt beim Friseur, um sich den Bart rasieren und die Haare schneiden zu lassen. W\u00e4hrend der Arbeit unterhalten sich Kunde und Friseur angeregt \u00fcber alles M\u00f6gliche. Dann sagt der Friseur: &#8222;Ich glaube nicht, dass Gott existiert.&#8220; Der Kunde &hellip; <a href=\"https:\/\/ecclesiae.de\/blog\/?page_id=11002\">Weiterlesen <span class=\"meta-nav\">&rarr;<\/span><\/a><\/p>\n","protected":false},"author":3,"featured_media":0,"parent":10792,"menu_order":0,"comment_status":"closed","ping_status":"closed","template":"","meta":{"footnotes":""},"class_list":["post-11002","page","type-page","status-publish","hentry"],"_links":{"self":[{"href":"https:\/\/ecclesiae.de\/blog\/index.php?rest_route=\/wp\/v2\/pages\/11002","targetHints":{"allow":["GET"]}}],"collection":[{"href":"https:\/\/ecclesiae.de\/blog\/index.php?rest_route=\/wp\/v2\/pages"}],"about":[{"href":"https:\/\/ecclesiae.de\/blog\/index.php?rest_route=\/wp\/v2\/types\/page"}],"author":[{"embeddable":true,"href":"https:\/\/ecclesiae.de\/blog\/index.php?rest_route=\/wp\/v2\/users\/3"}],"replies":[{"embeddable":true,"href":"https:\/\/ecclesiae.de\/blog\/index.php?rest_route=%2Fwp%2Fv2%2Fcomments&post=11002"}],"version-history":[{"count":1,"href":"https:\/\/ecclesiae.de\/blog\/index.php?rest_route=\/wp\/v2\/pages\/11002\/revisions"}],"predecessor-version":[{"id":11003,"href":"https:\/\/ecclesiae.de\/blog\/index.php?rest_route=\/wp\/v2\/pages\/11002\/revisions\/11003"}],"up":[{"embeddable":true,"href":"https:\/\/ecclesiae.de\/blog\/index.php?rest_route=\/wp\/v2\/pages\/10792"}],"wp:attachment":[{"href":"https:\/\/ecclesiae.de\/blog\/index.php?rest_route=%2Fwp%2Fv2%2Fmedia&parent=11002"}],"curies":[{"name":"wp","href":"https:\/\/api.w.org\/{rel}","templated":true}]}}