{"id":11004,"date":"2022-07-26T14:28:53","date_gmt":"2022-07-26T14:28:53","guid":{"rendered":"http:\/\/ecclesiae.de\/blog\/?page_id=11004"},"modified":"2022-07-26T14:28:53","modified_gmt":"2022-07-26T14:28:53","slug":"der-glaube-an-das-gebet","status":"publish","type":"page","link":"https:\/\/ecclesiae.de\/blog\/?page_id=11004","title":{"rendered":"Der Glaube an das Gebet"},"content":{"rendered":"\n<p>Es war einmal ein Priester, der viele Kinder zur Erstkommunion f\u00fchrte. Dabei gab er ihnen die Aufgabe, von nun an jeden Abend das Gegr\u00fcsset seist du Maria zu beten. Nun gab es Kinder, die diesen Rat befolgten, aber nat\u00fcrlich auch welche, die es nicht taten. Roswitha ging auch bei diesem Priester zu ihrer Erstkommunion. Von nun an betete sie jeden Abend das Gegr\u00fcsset seist du Maria. Roswitha stammte aus einer wohlhabenen Familie, sie war sehr h\u00fcbsch und machte sich keine Sorgen um ihre Zukunft.<br>Inzwischen war der Priester Bischof geworden. Roswitha war eine junge Frau im Alter von 20 Jahren. Sie war gl\u00fccklich verheiratet und hatte schon einem Sohn das Leben geschenkt. Doch sie wurde schwer krank und es nahte ihr Tod. Der Bischof wurde gebeten, Roswitha \u00fcber ihre Todesgefahr zu unterrichten. So fuhr er zu ihr. Er wusste aber nicht, wie er der Kranken nahebringen sollte, dass sie bald sterben werde. So war er sehr erstaunt als er ihr Zimmer betrat und sie l\u00e4cheln sah. Sie l\u00e4chelte, er konnte es nicht verstehen. Der Bischof aber war traurig und dachte bei sich: &#8222;So eine junge Frau muss sterben.&#8220; Sie aber fragte ihn: &#8222;Herr Bischof, warum sind Sie so traurig? Glauben Sie nicht, dass ich in den Himmel kommen werde?&#8220; Da sagte der Bischof ganz erstaunt: &#8222;Was gibt Ihnen so eine Sicherheit?&#8220; Die Frau antwortete ihm: &#8222;Ich habe mein Leben lang ihren Rat von damals befolgt und jeden Tag das gegr\u00fcsset seist du Maria gebetet und in den letzten Jahren habe ich jeden Tag den Rosenkranz gebetet. In diesem Gebet hei\u00dft es doch: Muttergottes, bitte f\u00fcr uns S\u00fcnder jetzt und in der Stunde unseres Todes. So vertraue ich darauf, dass dieses Gebet in meiner Todesstunde in Erf\u00fcllung geht und ich in den Himmel eingehen darf.&#8220;<\/p>\n","protected":false},"excerpt":{"rendered":"<p>Es war einmal ein Priester, der viele Kinder zur Erstkommunion f\u00fchrte. Dabei gab er ihnen die Aufgabe, von nun an jeden Abend das Gegr\u00fcsset seist du Maria zu beten. Nun gab es Kinder, die diesen Rat befolgten, aber nat\u00fcrlich auch &hellip; <a href=\"https:\/\/ecclesiae.de\/blog\/?page_id=11004\">Weiterlesen <span class=\"meta-nav\">&rarr;<\/span><\/a><\/p>\n","protected":false},"author":3,"featured_media":0,"parent":10792,"menu_order":0,"comment_status":"closed","ping_status":"closed","template":"","meta":{"footnotes":""},"class_list":["post-11004","page","type-page","status-publish","hentry"],"_links":{"self":[{"href":"https:\/\/ecclesiae.de\/blog\/index.php?rest_route=\/wp\/v2\/pages\/11004","targetHints":{"allow":["GET"]}}],"collection":[{"href":"https:\/\/ecclesiae.de\/blog\/index.php?rest_route=\/wp\/v2\/pages"}],"about":[{"href":"https:\/\/ecclesiae.de\/blog\/index.php?rest_route=\/wp\/v2\/types\/page"}],"author":[{"embeddable":true,"href":"https:\/\/ecclesiae.de\/blog\/index.php?rest_route=\/wp\/v2\/users\/3"}],"replies":[{"embeddable":true,"href":"https:\/\/ecclesiae.de\/blog\/index.php?rest_route=%2Fwp%2Fv2%2Fcomments&post=11004"}],"version-history":[{"count":1,"href":"https:\/\/ecclesiae.de\/blog\/index.php?rest_route=\/wp\/v2\/pages\/11004\/revisions"}],"predecessor-version":[{"id":11005,"href":"https:\/\/ecclesiae.de\/blog\/index.php?rest_route=\/wp\/v2\/pages\/11004\/revisions\/11005"}],"up":[{"embeddable":true,"href":"https:\/\/ecclesiae.de\/blog\/index.php?rest_route=\/wp\/v2\/pages\/10792"}],"wp:attachment":[{"href":"https:\/\/ecclesiae.de\/blog\/index.php?rest_route=%2Fwp%2Fv2%2Fmedia&parent=11004"}],"curies":[{"name":"wp","href":"https:\/\/api.w.org\/{rel}","templated":true}]}}