{"id":11010,"date":"2022-07-26T14:46:09","date_gmt":"2022-07-26T14:46:09","guid":{"rendered":"http:\/\/ecclesiae.de\/blog\/?page_id=11010"},"modified":"2022-07-26T14:46:09","modified_gmt":"2022-07-26T14:46:09","slug":"die-ave-glocke","status":"publish","type":"page","link":"https:\/\/ecclesiae.de\/blog\/?page_id=11010","title":{"rendered":"Die Ave-Glocke"},"content":{"rendered":"\n<figure class=\"wp-block-table\"><table><tbody><tr><td><\/td><td>&nbsp;<\/td><\/tr><tr><td>Am Rand eines M\u00fchlbaches sa\u00dfen abends spielend zwei Kinder und erfreuten sich an den h\u00fcbschen Blumen und Gr\u00e4sern, die l\u00e4ngs des Grabens bl\u00fchten.<br>Pl\u00f6tzlich rutschte das kaum 2 1\/2 &nbsp;Jahre alte S\u00f6hnchen des M\u00fcllers aus und viel in den Bach.<br>Der gerade hinzukommende M\u00fcllerbursche sprang sofort nach, konnte aber das Kind nicht mehr erhaschen, denn das rasch flie\u00dfende Wasser trieb den Kleinen mit grausamer Geschwindigkeit dem M\u00fchlrad zu.<br>Ein banger Augenblick kam; der Kleine musste unter dem Rad unfehlbar zermalmt werden.<br>Da t\u00f6nte die Ave-Glocke und ermahnte zum \u201eEngel des Herrn\u201c.<br>In diesem Augenblick stand das Rad still.<br>Der brave M\u00fcller hatte beim Ruf der Glocke das Rad abgestellt und faltete drinnen die H\u00e4nde zum Gebet, ohne zu wissen, dass er damit ein Kind rettete.<br>Der M\u00fcllerbursche konnte nun das dem Tod zutreibende Kind ergreifen und den Eltern zur\u00fcckbringen.<br>(Mariannhill Kalender 1908, S.15.)<br><a href=\"http:\/\/www.mariannhill.de\" target=\"_blank\" rel=\"noreferrer noopener\">www.mariannhill.de<\/a><\/td><\/tr><\/tbody><\/table><\/figure>\n","protected":false},"excerpt":{"rendered":"<p>&nbsp; Am Rand eines M\u00fchlbaches sa\u00dfen abends spielend zwei Kinder und erfreuten sich an den h\u00fcbschen Blumen und Gr\u00e4sern, die l\u00e4ngs des Grabens bl\u00fchten.Pl\u00f6tzlich rutschte das kaum 2 1\/2 &nbsp;Jahre alte S\u00f6hnchen des M\u00fcllers aus und viel in den Bach.Der &hellip; <a href=\"https:\/\/ecclesiae.de\/blog\/?page_id=11010\">Weiterlesen <span class=\"meta-nav\">&rarr;<\/span><\/a><\/p>\n","protected":false},"author":3,"featured_media":0,"parent":10792,"menu_order":0,"comment_status":"closed","ping_status":"closed","template":"","meta":{"footnotes":""},"class_list":["post-11010","page","type-page","status-publish","hentry"],"_links":{"self":[{"href":"https:\/\/ecclesiae.de\/blog\/index.php?rest_route=\/wp\/v2\/pages\/11010","targetHints":{"allow":["GET"]}}],"collection":[{"href":"https:\/\/ecclesiae.de\/blog\/index.php?rest_route=\/wp\/v2\/pages"}],"about":[{"href":"https:\/\/ecclesiae.de\/blog\/index.php?rest_route=\/wp\/v2\/types\/page"}],"author":[{"embeddable":true,"href":"https:\/\/ecclesiae.de\/blog\/index.php?rest_route=\/wp\/v2\/users\/3"}],"replies":[{"embeddable":true,"href":"https:\/\/ecclesiae.de\/blog\/index.php?rest_route=%2Fwp%2Fv2%2Fcomments&post=11010"}],"version-history":[{"count":1,"href":"https:\/\/ecclesiae.de\/blog\/index.php?rest_route=\/wp\/v2\/pages\/11010\/revisions"}],"predecessor-version":[{"id":11011,"href":"https:\/\/ecclesiae.de\/blog\/index.php?rest_route=\/wp\/v2\/pages\/11010\/revisions\/11011"}],"up":[{"embeddable":true,"href":"https:\/\/ecclesiae.de\/blog\/index.php?rest_route=\/wp\/v2\/pages\/10792"}],"wp:attachment":[{"href":"https:\/\/ecclesiae.de\/blog\/index.php?rest_route=%2Fwp%2Fv2%2Fmedia&parent=11010"}],"curies":[{"name":"wp","href":"https:\/\/api.w.org\/{rel}","templated":true}]}}