{"id":11012,"date":"2022-07-26T14:48:06","date_gmt":"2022-07-26T14:48:06","guid":{"rendered":"http:\/\/ecclesiae.de\/blog\/?page_id=11012"},"modified":"2022-07-26T14:48:06","modified_gmt":"2022-07-26T14:48:06","slug":"zwei-verbannte-brueder","status":"publish","type":"page","link":"https:\/\/ecclesiae.de\/blog\/?page_id=11012","title":{"rendered":"Zwei verbannte Br\u00fcder"},"content":{"rendered":"\n<figure class=\"wp-block-table\"><table><tbody><tr><td>In einer Legende wird von einem Kloster erz\u00e4hlt, das einmal einen sehr gro\u00dfz\u00fcgigen Abt hatte.<br>Kein Bettler wurde je abgewiesen und er gab den Armen so viel er konnte.<br>Etwas Seltsames geschah:<br>je mehr er gab, desto reicher schien das Kloster zu werden.<br>Als der alte Abt starb, wurde er durch einen neuen ersetzt, der genau gegenteiliger Natur war:<br>er war schroff und geizig.<br>Eines Tages kam ein \u00e4lterer Mann zur Pforte und sagte, er h\u00e4tte dort vor Jahren einmal \u00fcbernachtet und suche wieder ein Dach \u00fcber dem Kopf.<br>Der Abt wies den Besucher ab und sagte, das Kloster k\u00f6nne sich seine einstige Gastlichkeit nicht mehr leisten.<br>\u00bbUnser Kloster kann Fremde nicht mehr aufnehmen wie vorher, als es noch reich war\u00ab, sagte er.<br>\u00bbNiemand scheint unserem Werk mehr Gaben geben zu wollen.\u00ab<br>Der Fremde erwiderte:<br>\u00bbAh, nun, ich glaube, das ist deshalb, weil du zwei Br\u00fcder vom Kloster verbannt hast.\u00ab<br>\u00bbIch glaube nicht, dass wir das je getan haben,\u00ab sagte der verdutzte Abt.<br>\u00bbOh ja,\u00ab war die Antwort. \u00bbSie waren Zwillinge. Der eine hie\u00df &#8218;Gebt&#8216; und der andere &#8218;Es wird euch gegeben werden&#8216;.<br>Du hast &#8218;Gebt&#8216; verjagt und so entschloss sich sein Bruder auch zu gehen.\u00ab<br>Autor unbekannt<\/td><\/tr><tr><td><\/td><\/tr><\/tbody><\/table><\/figure>\n","protected":false},"excerpt":{"rendered":"<p>In einer Legende wird von einem Kloster erz\u00e4hlt, das einmal einen sehr gro\u00dfz\u00fcgigen Abt hatte.Kein Bettler wurde je abgewiesen und er gab den Armen so viel er konnte.Etwas Seltsames geschah:je mehr er gab, desto reicher schien das Kloster zu werden.Als &hellip; <a href=\"https:\/\/ecclesiae.de\/blog\/?page_id=11012\">Weiterlesen <span class=\"meta-nav\">&rarr;<\/span><\/a><\/p>\n","protected":false},"author":3,"featured_media":0,"parent":10792,"menu_order":0,"comment_status":"closed","ping_status":"closed","template":"","meta":{"footnotes":""},"class_list":["post-11012","page","type-page","status-publish","hentry"],"_links":{"self":[{"href":"https:\/\/ecclesiae.de\/blog\/index.php?rest_route=\/wp\/v2\/pages\/11012","targetHints":{"allow":["GET"]}}],"collection":[{"href":"https:\/\/ecclesiae.de\/blog\/index.php?rest_route=\/wp\/v2\/pages"}],"about":[{"href":"https:\/\/ecclesiae.de\/blog\/index.php?rest_route=\/wp\/v2\/types\/page"}],"author":[{"embeddable":true,"href":"https:\/\/ecclesiae.de\/blog\/index.php?rest_route=\/wp\/v2\/users\/3"}],"replies":[{"embeddable":true,"href":"https:\/\/ecclesiae.de\/blog\/index.php?rest_route=%2Fwp%2Fv2%2Fcomments&post=11012"}],"version-history":[{"count":1,"href":"https:\/\/ecclesiae.de\/blog\/index.php?rest_route=\/wp\/v2\/pages\/11012\/revisions"}],"predecessor-version":[{"id":11013,"href":"https:\/\/ecclesiae.de\/blog\/index.php?rest_route=\/wp\/v2\/pages\/11012\/revisions\/11013"}],"up":[{"embeddable":true,"href":"https:\/\/ecclesiae.de\/blog\/index.php?rest_route=\/wp\/v2\/pages\/10792"}],"wp:attachment":[{"href":"https:\/\/ecclesiae.de\/blog\/index.php?rest_route=%2Fwp%2Fv2%2Fmedia&parent=11012"}],"curies":[{"name":"wp","href":"https:\/\/api.w.org\/{rel}","templated":true}]}}