{"id":11014,"date":"2022-07-26T14:49:30","date_gmt":"2022-07-26T14:49:30","guid":{"rendered":"http:\/\/ecclesiae.de\/blog\/?page_id=11014"},"modified":"2022-07-26T14:49:30","modified_gmt":"2022-07-26T14:49:30","slug":"zwei-steine","status":"publish","type":"page","link":"https:\/\/ecclesiae.de\/blog\/?page_id=11014","title":{"rendered":"Zwei Steine"},"content":{"rendered":"\n<p>Einstmals kam ein Edelmann zu einem anderen, der sein Freund war,<br>und dieser zeigte ihm seine Kleinode und die Ringe seiner Frau.<br>Darin waren Edelsteine gefasst, und einer war wohl an die dreihundert Gulden wert, ein anderer gar an die sechshundert Gulden<br><br>Da fragte der Gast: \u201cWelchen Nutzen bringen dir wohl diese Steine?\u201d<br>Der Hausherr sprach: \u201cKeinen.\u201d<br><br>\u201cNun\u201d, erwiderte der Freund, \u201cich habe zwei Edelsteine, die bringen mir j\u00e4hrlich mehr denn neunhundert Gulden.\u201d<br><br>Bald darauf besuchte der Freund nun den anderen, um sich dessen Steine zu betrachten.<br>Da f\u00fchrte ihn der Hausherr an seine M\u00fchle und zeigte ihm dort die M\u00fchlsteine und sprach: \u201cDiese hier sind es.\u201d<br>(unbekannt)<\/p>\n","protected":false},"excerpt":{"rendered":"<p>Einstmals kam ein Edelmann zu einem anderen, der sein Freund war,und dieser zeigte ihm seine Kleinode und die Ringe seiner Frau.Darin waren Edelsteine gefasst, und einer war wohl an die dreihundert Gulden wert, ein anderer gar an die sechshundert Gulden &hellip; <a href=\"https:\/\/ecclesiae.de\/blog\/?page_id=11014\">Weiterlesen <span class=\"meta-nav\">&rarr;<\/span><\/a><\/p>\n","protected":false},"author":3,"featured_media":0,"parent":10792,"menu_order":0,"comment_status":"closed","ping_status":"closed","template":"","meta":{"footnotes":""},"class_list":["post-11014","page","type-page","status-publish","hentry"],"_links":{"self":[{"href":"https:\/\/ecclesiae.de\/blog\/index.php?rest_route=\/wp\/v2\/pages\/11014","targetHints":{"allow":["GET"]}}],"collection":[{"href":"https:\/\/ecclesiae.de\/blog\/index.php?rest_route=\/wp\/v2\/pages"}],"about":[{"href":"https:\/\/ecclesiae.de\/blog\/index.php?rest_route=\/wp\/v2\/types\/page"}],"author":[{"embeddable":true,"href":"https:\/\/ecclesiae.de\/blog\/index.php?rest_route=\/wp\/v2\/users\/3"}],"replies":[{"embeddable":true,"href":"https:\/\/ecclesiae.de\/blog\/index.php?rest_route=%2Fwp%2Fv2%2Fcomments&post=11014"}],"version-history":[{"count":1,"href":"https:\/\/ecclesiae.de\/blog\/index.php?rest_route=\/wp\/v2\/pages\/11014\/revisions"}],"predecessor-version":[{"id":11015,"href":"https:\/\/ecclesiae.de\/blog\/index.php?rest_route=\/wp\/v2\/pages\/11014\/revisions\/11015"}],"up":[{"embeddable":true,"href":"https:\/\/ecclesiae.de\/blog\/index.php?rest_route=\/wp\/v2\/pages\/10792"}],"wp:attachment":[{"href":"https:\/\/ecclesiae.de\/blog\/index.php?rest_route=%2Fwp%2Fv2%2Fmedia&parent=11014"}],"curies":[{"name":"wp","href":"https:\/\/api.w.org\/{rel}","templated":true}]}}