{"id":11018,"date":"2022-07-26T14:53:45","date_gmt":"2022-07-26T14:53:45","guid":{"rendered":"http:\/\/ecclesiae.de\/blog\/?page_id=11018"},"modified":"2022-07-26T14:53:45","modified_gmt":"2022-07-26T14:53:45","slug":"strahlungsfrei","status":"publish","type":"page","link":"https:\/\/ecclesiae.de\/blog\/?page_id=11018","title":{"rendered":"Strahlungsfrei!"},"content":{"rendered":"\n<p>Durch den Unfall von Tschernobyl waren in Ober\u00f6sterreich die Johannesbeeren am st\u00e4rksten verseucht. Herr F. hat mir den folgenden Bericht schriftlich gegeben.<br>\u201eDie Strahlenbelastung war nach dem Reaktorunfall sehr hoch; in Linz wurden 40 und in Grieskirchen 35 Einheiten gemessen.<br>Der Grenzwert lag aber bei 4. Ich lie\u00df zwei getrennte Proben aus einer Ernte im Strahlenlabor der Bundesheerkaserne St. Polten pr\u00fcfen.<br>Ich ging durch den Garten und besprengte diesen ganz allgemein mit Weihwasser. Dann pfl\u00fcckte ich Beeren f\u00fcr die erste Probe.<br>Die Messung ergab dabei 0,2 Einheiten. Als zweite Probe w\u00e4hlte ich Beeren, die ich direkt mit Weihwasser besprengt hatte.<br>Diese Fr\u00fcchte waren vollkommen strahlungsfrei! Der junge Soldat, der mein Treiben einigerma\u00dfen skeptisch beobachtete, die Beeren mitgenommen hatte<br>und bei der Messung im Labor selbst anwesend war, hat sein Leben daraufhin v\u00f6llig ge\u00e4ndert. Er besucht wieder die Kirche, geht beichten und betet seither t\u00e4glich den Rosenkranz.&#8220;<br>Q: Hw. Pater Bernhard Kunst.<\/p>\n","protected":false},"excerpt":{"rendered":"<p>Durch den Unfall von Tschernobyl waren in Ober\u00f6sterreich die Johannesbeeren am st\u00e4rksten verseucht. Herr F. hat mir den folgenden Bericht schriftlich gegeben.\u201eDie Strahlenbelastung war nach dem Reaktorunfall sehr hoch; in Linz wurden 40 und in Grieskirchen 35 Einheiten gemessen.Der Grenzwert &hellip; <a href=\"https:\/\/ecclesiae.de\/blog\/?page_id=11018\">Weiterlesen <span class=\"meta-nav\">&rarr;<\/span><\/a><\/p>\n","protected":false},"author":3,"featured_media":0,"parent":10792,"menu_order":0,"comment_status":"closed","ping_status":"closed","template":"","meta":{"footnotes":""},"class_list":["post-11018","page","type-page","status-publish","hentry"],"_links":{"self":[{"href":"https:\/\/ecclesiae.de\/blog\/index.php?rest_route=\/wp\/v2\/pages\/11018","targetHints":{"allow":["GET"]}}],"collection":[{"href":"https:\/\/ecclesiae.de\/blog\/index.php?rest_route=\/wp\/v2\/pages"}],"about":[{"href":"https:\/\/ecclesiae.de\/blog\/index.php?rest_route=\/wp\/v2\/types\/page"}],"author":[{"embeddable":true,"href":"https:\/\/ecclesiae.de\/blog\/index.php?rest_route=\/wp\/v2\/users\/3"}],"replies":[{"embeddable":true,"href":"https:\/\/ecclesiae.de\/blog\/index.php?rest_route=%2Fwp%2Fv2%2Fcomments&post=11018"}],"version-history":[{"count":1,"href":"https:\/\/ecclesiae.de\/blog\/index.php?rest_route=\/wp\/v2\/pages\/11018\/revisions"}],"predecessor-version":[{"id":11019,"href":"https:\/\/ecclesiae.de\/blog\/index.php?rest_route=\/wp\/v2\/pages\/11018\/revisions\/11019"}],"up":[{"embeddable":true,"href":"https:\/\/ecclesiae.de\/blog\/index.php?rest_route=\/wp\/v2\/pages\/10792"}],"wp:attachment":[{"href":"https:\/\/ecclesiae.de\/blog\/index.php?rest_route=%2Fwp%2Fv2%2Fmedia&parent=11018"}],"curies":[{"name":"wp","href":"https:\/\/api.w.org\/{rel}","templated":true}]}}