{"id":11020,"date":"2022-07-26T14:57:55","date_gmt":"2022-07-26T14:57:55","guid":{"rendered":"http:\/\/ecclesiae.de\/blog\/?page_id=11020"},"modified":"2022-07-26T14:57:55","modified_gmt":"2022-07-26T14:57:55","slug":"die-puppe","status":"publish","type":"page","link":"https:\/\/ecclesiae.de\/blog\/?page_id=11020","title":{"rendered":"Die Puppe"},"content":{"rendered":"\n<p>Ein kleines M\u00e4dchen w\u00fcnschte sich eine Puppe, aber die Eltern waren arm. Jeden Abend betete es zu Gott, ihm doch eine Puppe zu schenken. In Liebe n\u00e4hte ihre Mutter eine, f\u00fcllte sie mit Weizenk\u00f6rnern und schenkte sie ihm. Die Freude konnte nicht gr\u00f6\u00dfer sein. \u201eDiese Puppe zeigt dir\u201c, sagte die Mutter, \u201edass Gott auch deine W\u00fcnsche kennt und er dich nie vergisst!\u201c Die Puppe wurde zu ihrer besten Freundin und sie hielt sie auch als Erwachsene in Ehren.<br>Dann kam in ihrem Leben eine schwere Zeit. Das Leben war einfach nur hart. Sie konnte Gott nicht mehr verstehen. Gedankenverloren nahm sie eines Tages ihre alte Puppe und weinte sich damit jeden Abend in den Schlaf. Niemand sah sie und die Puppe nahm alle Tr\u00e4nen auf. Irgendwie ging das Leben weiter.<br>Eines Tages bemerkte die Frau eine unglaubliche Ver\u00e4nderung an der Puppe. Immer wieder betrachtete sie dieses Wunder. Ihre Puppe war lebendig geworden. Aus ihrem K\u00f6rper wuchs frisches Gr\u00fcn. Die alten Weizenk\u00f6rner waren zum Leben erweckt worden. Ihre Tr\u00e4nen hatten sie keimen und wachsen lassen. Kein Mensch hatte sie gesehen, aber Gott! Und er gebrauchte sie, um ihr zu zeigen, dass Tr\u00e4nen nicht vergeblich sind. Er hatte sie nicht vergessen. Gott kann aus allem, auch aus dem Schwersten, etwas Gutes entstehen lassen.<br>Und Jesus selbst verglich sich mit einem Weizenkorn, das in die Erde f\u00e4llt, stirbt und somit Frucht bringt. So ist es auch mit unserem Leben. Manches in uns muss sterben und dabei geht es oft ohne Tr\u00e4nen nicht ab. Jesus hat sich seiner Tr\u00e4nen nicht gesch\u00e4mt, als er am Grab seines Freundes Lazarus weinte.<br>In Psalm 56, 9 hei\u00dft es: \u201eSammle meine Tr\u00e4nen in deinen Krug; ohne Zweifel, du z\u00e4hlst sie.\u201c Bei Gott ist keine Tr\u00e4ne umsonst geweint. Er richtet die m\u00fcden und weinenden Menschen auf und beschenkt sie mit neuer Kraft. Und er hat versprochen, dass er einmal abwischen wird alle Tr\u00e4nen von ihren Augen (Offb. 21,4) Mit diesem ewigen und g\u00fcltigen Trostwort hat Gott seinen Kindern eine neue Sichtweise gegeben, die \u00fcber dieses irdische Leben hinausgeht.<br>Autor unbekannt<\/p>\n","protected":false},"excerpt":{"rendered":"<p>Ein kleines M\u00e4dchen w\u00fcnschte sich eine Puppe, aber die Eltern waren arm. Jeden Abend betete es zu Gott, ihm doch eine Puppe zu schenken. In Liebe n\u00e4hte ihre Mutter eine, f\u00fcllte sie mit Weizenk\u00f6rnern und schenkte sie ihm. Die Freude &hellip; <a href=\"https:\/\/ecclesiae.de\/blog\/?page_id=11020\">Weiterlesen <span class=\"meta-nav\">&rarr;<\/span><\/a><\/p>\n","protected":false},"author":3,"featured_media":0,"parent":10792,"menu_order":0,"comment_status":"closed","ping_status":"closed","template":"","meta":{"footnotes":""},"class_list":["post-11020","page","type-page","status-publish","hentry"],"_links":{"self":[{"href":"https:\/\/ecclesiae.de\/blog\/index.php?rest_route=\/wp\/v2\/pages\/11020","targetHints":{"allow":["GET"]}}],"collection":[{"href":"https:\/\/ecclesiae.de\/blog\/index.php?rest_route=\/wp\/v2\/pages"}],"about":[{"href":"https:\/\/ecclesiae.de\/blog\/index.php?rest_route=\/wp\/v2\/types\/page"}],"author":[{"embeddable":true,"href":"https:\/\/ecclesiae.de\/blog\/index.php?rest_route=\/wp\/v2\/users\/3"}],"replies":[{"embeddable":true,"href":"https:\/\/ecclesiae.de\/blog\/index.php?rest_route=%2Fwp%2Fv2%2Fcomments&post=11020"}],"version-history":[{"count":1,"href":"https:\/\/ecclesiae.de\/blog\/index.php?rest_route=\/wp\/v2\/pages\/11020\/revisions"}],"predecessor-version":[{"id":11021,"href":"https:\/\/ecclesiae.de\/blog\/index.php?rest_route=\/wp\/v2\/pages\/11020\/revisions\/11021"}],"up":[{"embeddable":true,"href":"https:\/\/ecclesiae.de\/blog\/index.php?rest_route=\/wp\/v2\/pages\/10792"}],"wp:attachment":[{"href":"https:\/\/ecclesiae.de\/blog\/index.php?rest_route=%2Fwp%2Fv2%2Fmedia&parent=11020"}],"curies":[{"name":"wp","href":"https:\/\/api.w.org\/{rel}","templated":true}]}}