{"id":11022,"date":"2022-07-26T15:00:07","date_gmt":"2022-07-26T15:00:07","guid":{"rendered":"http:\/\/ecclesiae.de\/blog\/?page_id=11022"},"modified":"2022-07-26T15:00:07","modified_gmt":"2022-07-26T15:00:07","slug":"die-violine-des-meisters-hand","status":"publish","type":"page","link":"https:\/\/ecclesiae.de\/blog\/?page_id=11022","title":{"rendered":"Die Violine &#8211; Des Meisters Hand"},"content":{"rendered":"\n<figure class=\"wp-block-table\"><table><tbody><tr><td><\/td><td>&nbsp;<\/td><\/tr><tr><td><strong>Viel zu billig!<\/strong><br>Sie sah arg mitgenommen und zerkratzt aus, und der Auktion\u00e4r fand es kaum der Anstrengung wert, so viel Zeit f\u00fcr eine alte Violine zu vergeuden.<br>Doch er hielt sie mit einem L\u00e4cheln hoch.<br>&#8222;Wie viel bietet ihr f\u00fcr eine alte Violine, ihr guten Leute?&#8220; rief er.<br>&#8222;Wer macht das erste Angebot f\u00fcr sie? &#8211; Zwei Franken &#8211; zwei Franken, und dort vier, nur vier? &#8211; Ich gehe f\u00fcr sechs&#8230;&#8220;<br>Doch nein, vom hinteren Ende des Raumes bewegt sich ein ergrauter Herr nach vorne und nimmt den Bogen in die Hand.<br>Er wischt den Staub von der alten Violine und spannt die losen Saiten.<br>Dann spielt er eine Melodie so rein und bezaubernd, als w\u00e4re es reiner Engelsgesang.<br>Die Musik verklingt, und der Auktion\u00e4r fragt mit ruhiger, verhaltener Stimme:<br>&#8222;Nun, wie viel erhalte ich jetzt f\u00fcr die alte Violine?&#8220; Und er h\u00e4lt sie mitsamt dem Bogen hoch.<br>&#8222;Zweitausend Franken &#8211; und wer bietet vier?<br>Viertausend Franken &#8211; und wer bietet sechs? &#8211;<br>Sechstausend zum ersten &#8211; sechstausend zum zweiten &#8211; und sie geht f\u00fcr sechstausend Franken!&#8220; ruft er.<br>Die Leute klatschen, doch einige rufen:<br>&#8222;Wir verstehen das alles nicht mehr. Was hat den Wert der alten Violine so ver\u00e4ndert?&#8220; Schnell kommt die Antwort:<br>&#8222;Die Ber\u00fchrung durch des Meisters Hand!&#8220;<br>Doch der Meister kommt, und die gedankenlose Menge wird nie ganz verstehen, wie viel eine Menschenseele wert ist und was sich ver\u00e4ndert hat auf Grund der Ber\u00fchrung durch des Meisters Hand.<br>Verfasser unbekannt<\/td><\/tr><\/tbody><\/table><\/figure>\n","protected":false},"excerpt":{"rendered":"<p>&nbsp; Viel zu billig!Sie sah arg mitgenommen und zerkratzt aus, und der Auktion\u00e4r fand es kaum der Anstrengung wert, so viel Zeit f\u00fcr eine alte Violine zu vergeuden.Doch er hielt sie mit einem L\u00e4cheln hoch.&#8222;Wie viel bietet ihr f\u00fcr eine &hellip; <a href=\"https:\/\/ecclesiae.de\/blog\/?page_id=11022\">Weiterlesen <span class=\"meta-nav\">&rarr;<\/span><\/a><\/p>\n","protected":false},"author":3,"featured_media":0,"parent":10792,"menu_order":0,"comment_status":"closed","ping_status":"closed","template":"","meta":{"footnotes":""},"class_list":["post-11022","page","type-page","status-publish","hentry"],"_links":{"self":[{"href":"https:\/\/ecclesiae.de\/blog\/index.php?rest_route=\/wp\/v2\/pages\/11022","targetHints":{"allow":["GET"]}}],"collection":[{"href":"https:\/\/ecclesiae.de\/blog\/index.php?rest_route=\/wp\/v2\/pages"}],"about":[{"href":"https:\/\/ecclesiae.de\/blog\/index.php?rest_route=\/wp\/v2\/types\/page"}],"author":[{"embeddable":true,"href":"https:\/\/ecclesiae.de\/blog\/index.php?rest_route=\/wp\/v2\/users\/3"}],"replies":[{"embeddable":true,"href":"https:\/\/ecclesiae.de\/blog\/index.php?rest_route=%2Fwp%2Fv2%2Fcomments&post=11022"}],"version-history":[{"count":1,"href":"https:\/\/ecclesiae.de\/blog\/index.php?rest_route=\/wp\/v2\/pages\/11022\/revisions"}],"predecessor-version":[{"id":11023,"href":"https:\/\/ecclesiae.de\/blog\/index.php?rest_route=\/wp\/v2\/pages\/11022\/revisions\/11023"}],"up":[{"embeddable":true,"href":"https:\/\/ecclesiae.de\/blog\/index.php?rest_route=\/wp\/v2\/pages\/10792"}],"wp:attachment":[{"href":"https:\/\/ecclesiae.de\/blog\/index.php?rest_route=%2Fwp%2Fv2%2Fmedia&parent=11022"}],"curies":[{"name":"wp","href":"https:\/\/api.w.org\/{rel}","templated":true}]}}