{"id":11024,"date":"2022-07-26T15:02:37","date_gmt":"2022-07-26T15:02:37","guid":{"rendered":"http:\/\/ecclesiae.de\/blog\/?page_id=11024"},"modified":"2022-07-26T15:02:37","modified_gmt":"2022-07-26T15:02:37","slug":"ein-traum-von-don-bosco-am-1-mai-1865-erzaehlt","status":"publish","type":"page","link":"https:\/\/ecclesiae.de\/blog\/?page_id=11024","title":{"rendered":"Ein Traum von Don Bosco am 1. Mai 1865 erz\u00e4hlt:"},"content":{"rendered":"\n<p>\u201cIm Traum sah ich mich in einer Kirche, die von Jungen ganz gef\u00fcllt war. Nur wenige gingen zur hl. Kommunion.<br>An der Kommunionbank stand ein gro\u00dfer Mann in schwarzer Kleidung. Er hatte H\u00f6rner und hielt einen Apparat in der Hand.<br>Einigen Jungen zeigte er verschiedene Sachen, die in dem Apparat zu sehen waren. Den einen lie\u00df er die ganze vom Spiel belebte Erholungspause sehen.<br>Er interessierte sich vor allem f\u00fcr sein Lieblingsspiel. Einem anderen zeigte er fr\u00fchere Spiele, an denen er Vergn\u00fcgen fand in der Hoffnung auf zuk\u00fcnftige Siege beim Spiel.<br>Dann zeigte er einem seine Heimat, seine Spazierg\u00e4nge daselbst, Felder und Vaterhaus; einem andern den Studiersaal, die B\u00fccher, Arbeiten und seine Helfer.<br>Dem n\u00e4chsten zeigte er Obst, S\u00fc\u00dfigkeiten und den Wein, den er im Koffer hatte, und wieder einem andern seine Eltern und Freunde.<br>Aber auch Schlimmeres lie\u00df er sie schauen, n\u00e4mlich ihre S\u00fcnden und nicht abgegebenes Geld. Daher gingen nur wenige zu den hl. Sakramenten.<br>Einige sahen ihre Ferienausfl\u00fcge. Sie \u00fcbersahen alles andere und betrachteten nur die fr\u00fcheren Gef\u00e4hrten ihrer Vergn\u00fcgungen.<br>Wi\u00dft ihr, was dieser Traum bedeuten soll? Er will besagen, dass der Teufel sich anstrengt, die Jungen in der Kirche zu zerstreuen, um sie vom Empfang der hl. Sakramente fernzuhalten.<br>Und die Jungen sind so unklug und gehen darauf ein.<br>Meine lieben Jungen! Dieses elende Teufelswerk muss man zerschlagen. Wi\u00dft ihr auch wie?<br>Werft einen Blick auf das Kreuz und dann denkt daran, dass man sich dem Teufel in die Arme wirft, wenn man den Empfang der hl. Kommunion vernachl\u00e4ssigt.\u201d<\/p>\n","protected":false},"excerpt":{"rendered":"<p>\u201cIm Traum sah ich mich in einer Kirche, die von Jungen ganz gef\u00fcllt war. Nur wenige gingen zur hl. Kommunion.An der Kommunionbank stand ein gro\u00dfer Mann in schwarzer Kleidung. Er hatte H\u00f6rner und hielt einen Apparat in der Hand.Einigen Jungen &hellip; <a href=\"https:\/\/ecclesiae.de\/blog\/?page_id=11024\">Weiterlesen <span class=\"meta-nav\">&rarr;<\/span><\/a><\/p>\n","protected":false},"author":3,"featured_media":0,"parent":10792,"menu_order":0,"comment_status":"closed","ping_status":"closed","template":"","meta":{"footnotes":""},"class_list":["post-11024","page","type-page","status-publish","hentry"],"_links":{"self":[{"href":"https:\/\/ecclesiae.de\/blog\/index.php?rest_route=\/wp\/v2\/pages\/11024","targetHints":{"allow":["GET"]}}],"collection":[{"href":"https:\/\/ecclesiae.de\/blog\/index.php?rest_route=\/wp\/v2\/pages"}],"about":[{"href":"https:\/\/ecclesiae.de\/blog\/index.php?rest_route=\/wp\/v2\/types\/page"}],"author":[{"embeddable":true,"href":"https:\/\/ecclesiae.de\/blog\/index.php?rest_route=\/wp\/v2\/users\/3"}],"replies":[{"embeddable":true,"href":"https:\/\/ecclesiae.de\/blog\/index.php?rest_route=%2Fwp%2Fv2%2Fcomments&post=11024"}],"version-history":[{"count":1,"href":"https:\/\/ecclesiae.de\/blog\/index.php?rest_route=\/wp\/v2\/pages\/11024\/revisions"}],"predecessor-version":[{"id":11025,"href":"https:\/\/ecclesiae.de\/blog\/index.php?rest_route=\/wp\/v2\/pages\/11024\/revisions\/11025"}],"up":[{"embeddable":true,"href":"https:\/\/ecclesiae.de\/blog\/index.php?rest_route=\/wp\/v2\/pages\/10792"}],"wp:attachment":[{"href":"https:\/\/ecclesiae.de\/blog\/index.php?rest_route=%2Fwp%2Fv2%2Fmedia&parent=11024"}],"curies":[{"name":"wp","href":"https:\/\/api.w.org\/{rel}","templated":true}]}}