{"id":11028,"date":"2022-07-27T08:38:28","date_gmt":"2022-07-27T08:38:28","guid":{"rendered":"http:\/\/ecclesiae.de\/blog\/?page_id=11028"},"modified":"2022-07-27T08:38:28","modified_gmt":"2022-07-27T08:38:28","slug":"liebesopfer-argument-gegen-hinrichtung","status":"publish","type":"page","link":"https:\/\/ecclesiae.de\/blog\/?page_id=11028","title":{"rendered":"Liebesopfer &#8211; Argument gegen Hinrichtung"},"content":{"rendered":"\n<figure class=\"wp-block-table\"><table><tbody><tr><td><br>Vom englischen Staatsmann Oliver Cromwell (1599-1658) wird folgendes berichtet:<br>Er hatte einen Mann wegen Staatsverbrechen zum Tode verurteilt und angeordnet:<br>\u00bbWenn abends um sechs Uhr die Glocke vom Dom ert\u00f6nt, soll das Haupt des Verurteilten fallen. \u00ab<br>Viele Neugierige hatten sich auf dem Domplatz eingefunden, um Zeuge der Hinrichtung zu werden.<br>Man wartete auf das Glockenzeichen, doch das blieb aus.<br>Eine Abordnung wurde zum Gl\u00f6ckner geschickt.<br>Der aber zog wie sonst kr\u00e4ftig am Seil.<br>Als dann einige nach oben stiegen, um auf dem Glockenger\u00fcst nachzusehen, bot sich ihnen ein furchtbarer Anblick.<br>Eine Frau hing am Kl\u00f6ppel der Glocke und wurde hin- und her geschlagen.<br>Man hielt die Glocke an, und die Frau brach ohnm\u00e4chtig zusammen.<br>Es war die Frau des Verurteilten.<br>Als Cromwell davon erfuhr, war er zutiefst betroffen und gab den Verurteilten frei.<br>Der Mann selbst hatte nichts zu seinen Gunsten anf\u00fchren k\u00f6nnen.<br>Die Liebe und das Opfer seiner Frau waren das Argument gegen seine Hinrichtung.<br>Das Opfer Christi ist Argument gegen die Vollstreckung von Gottes Gericht.<br>Autor unbekannt<\/td><\/tr><tr><td><\/td><\/tr><\/tbody><\/table><\/figure>\n","protected":false},"excerpt":{"rendered":"<p>Vom englischen Staatsmann Oliver Cromwell (1599-1658) wird folgendes berichtet:Er hatte einen Mann wegen Staatsverbrechen zum Tode verurteilt und angeordnet:\u00bbWenn abends um sechs Uhr die Glocke vom Dom ert\u00f6nt, soll das Haupt des Verurteilten fallen. \u00abViele Neugierige hatten sich auf dem &hellip; <a href=\"https:\/\/ecclesiae.de\/blog\/?page_id=11028\">Weiterlesen <span class=\"meta-nav\">&rarr;<\/span><\/a><\/p>\n","protected":false},"author":3,"featured_media":0,"parent":10792,"menu_order":0,"comment_status":"closed","ping_status":"closed","template":"","meta":{"footnotes":""},"class_list":["post-11028","page","type-page","status-publish","hentry"],"_links":{"self":[{"href":"https:\/\/ecclesiae.de\/blog\/index.php?rest_route=\/wp\/v2\/pages\/11028","targetHints":{"allow":["GET"]}}],"collection":[{"href":"https:\/\/ecclesiae.de\/blog\/index.php?rest_route=\/wp\/v2\/pages"}],"about":[{"href":"https:\/\/ecclesiae.de\/blog\/index.php?rest_route=\/wp\/v2\/types\/page"}],"author":[{"embeddable":true,"href":"https:\/\/ecclesiae.de\/blog\/index.php?rest_route=\/wp\/v2\/users\/3"}],"replies":[{"embeddable":true,"href":"https:\/\/ecclesiae.de\/blog\/index.php?rest_route=%2Fwp%2Fv2%2Fcomments&post=11028"}],"version-history":[{"count":1,"href":"https:\/\/ecclesiae.de\/blog\/index.php?rest_route=\/wp\/v2\/pages\/11028\/revisions"}],"predecessor-version":[{"id":11029,"href":"https:\/\/ecclesiae.de\/blog\/index.php?rest_route=\/wp\/v2\/pages\/11028\/revisions\/11029"}],"up":[{"embeddable":true,"href":"https:\/\/ecclesiae.de\/blog\/index.php?rest_route=\/wp\/v2\/pages\/10792"}],"wp:attachment":[{"href":"https:\/\/ecclesiae.de\/blog\/index.php?rest_route=%2Fwp%2Fv2%2Fmedia&parent=11028"}],"curies":[{"name":"wp","href":"https:\/\/api.w.org\/{rel}","templated":true}]}}