{"id":11032,"date":"2022-07-27T08:42:40","date_gmt":"2022-07-27T08:42:40","guid":{"rendered":"http:\/\/ecclesiae.de\/blog\/?page_id=11032"},"modified":"2022-07-27T08:42:40","modified_gmt":"2022-07-27T08:42:40","slug":"schutzengelgeschichte","status":"publish","type":"page","link":"https:\/\/ecclesiae.de\/blog\/?page_id=11032","title":{"rendered":"Schutzengelgeschichte"},"content":{"rendered":"\n<p>Eine Krankenschwester musste sp\u00e4tabends in den Keller, um im gro\u00dfen Eisschrank eine Medizin zu holen.<br>Aber pl\u00f6tzlich klappte die gro\u00dfe T\u00fcre zu und sie war eingeschlossen.<br>Es gab innen kein Schloss und so war sie gefangen. Es war schon sp\u00e4t und niemand war mehr des Weges.<br>Keiner h\u00f6rte das Klopfen und Schreien der Schwester Sie setzte alle Hoffnung auf die hl. Engel und flehte sie mit Sturmgebeten an ihr zu helfen.<br>Und tats\u00e4chlich \u00f6ffnete sich bald die T\u00fcr. Eine alte Schwester stand vor ihr und sagte:<br>\u201eEtwas hat mich angetrieben, noch einmal aufzustehen und im Keller nachzuschauen, ob alles stimmt.\u201c<br>Beide waren fest dar\u00fcber \u00fcberzeugt, dass hier die hl. Schutzengel gearbeitet haben und sie schickten ein Dankgebet zu ihnen.<br>nacherz\u00e4hlt<\/p>\n","protected":false},"excerpt":{"rendered":"<p>Eine Krankenschwester musste sp\u00e4tabends in den Keller, um im gro\u00dfen Eisschrank eine Medizin zu holen.Aber pl\u00f6tzlich klappte die gro\u00dfe T\u00fcre zu und sie war eingeschlossen.Es gab innen kein Schloss und so war sie gefangen. Es war schon sp\u00e4t und niemand &hellip; <a href=\"https:\/\/ecclesiae.de\/blog\/?page_id=11032\">Weiterlesen <span class=\"meta-nav\">&rarr;<\/span><\/a><\/p>\n","protected":false},"author":3,"featured_media":0,"parent":10792,"menu_order":0,"comment_status":"closed","ping_status":"closed","template":"","meta":{"footnotes":""},"class_list":["post-11032","page","type-page","status-publish","hentry"],"_links":{"self":[{"href":"https:\/\/ecclesiae.de\/blog\/index.php?rest_route=\/wp\/v2\/pages\/11032","targetHints":{"allow":["GET"]}}],"collection":[{"href":"https:\/\/ecclesiae.de\/blog\/index.php?rest_route=\/wp\/v2\/pages"}],"about":[{"href":"https:\/\/ecclesiae.de\/blog\/index.php?rest_route=\/wp\/v2\/types\/page"}],"author":[{"embeddable":true,"href":"https:\/\/ecclesiae.de\/blog\/index.php?rest_route=\/wp\/v2\/users\/3"}],"replies":[{"embeddable":true,"href":"https:\/\/ecclesiae.de\/blog\/index.php?rest_route=%2Fwp%2Fv2%2Fcomments&post=11032"}],"version-history":[{"count":1,"href":"https:\/\/ecclesiae.de\/blog\/index.php?rest_route=\/wp\/v2\/pages\/11032\/revisions"}],"predecessor-version":[{"id":11033,"href":"https:\/\/ecclesiae.de\/blog\/index.php?rest_route=\/wp\/v2\/pages\/11032\/revisions\/11033"}],"up":[{"embeddable":true,"href":"https:\/\/ecclesiae.de\/blog\/index.php?rest_route=\/wp\/v2\/pages\/10792"}],"wp:attachment":[{"href":"https:\/\/ecclesiae.de\/blog\/index.php?rest_route=%2Fwp%2Fv2%2Fmedia&parent=11032"}],"curies":[{"name":"wp","href":"https:\/\/api.w.org\/{rel}","templated":true}]}}