{"id":11034,"date":"2022-07-27T08:43:22","date_gmt":"2022-07-27T08:43:22","guid":{"rendered":"http:\/\/ecclesiae.de\/blog\/?page_id=11034"},"modified":"2022-07-27T08:43:22","modified_gmt":"2022-07-27T08:43:22","slug":"schutzengelgeschichte-2","status":"publish","type":"page","link":"https:\/\/ecclesiae.de\/blog\/?page_id=11034","title":{"rendered":"Schutzengelgeschichte -2"},"content":{"rendered":"\n<p>Ein 10 j\u00e4hriges M\u00e4dchen machte mit ihren Eltern eine Radtour.<br>Sie fuhr voraus und lie\u00df sich dann an einem Flussufer nieder, um auf ihre Eltern zu warten.<br>Nicht weit von dieser Stelle lag ein Boot.<br>Sie kletterte hinein und wollte von da aus in ein Kanu springen, das l\u00e4ngsseits des Bootes lag.<br>Doch sie rutschte aus und viel ins Wasser. Die Str\u00f6mung war stark. Sie konnte nicht schwimmen.<br>Verzweifelt fing sie an zu zappeln und zu schreien, doch der Sog war zu stark und zog sie hinunter. In diesem Augenblick kamen die Eltern.<br>Der Vater st\u00fcrzte sich sofort ins Wasser, doch sie war schon untergegangen.<br>In seiner Not rief er ein Sto\u00dfgebet zum Himmel, damit sein Kind gerettet w\u00fcrde.<br>Dann geschah etwas Unglaubliches. Sie tauchte pl\u00f6tzlich wieder auf und schwamm ans rettende Ufer.<br>Sie erz\u00e4hlt: Ich hatte auf einmal das Gef\u00fchl, dass jemand neben mir war, aber unsichtbar.<br>Seine starken H\u00e4nde haben mich an Armen und Beinen gepackt und sie so bewegt, dass ich geschwommen bin.<br>Ich hatte nicht das Gef\u00fchl, dass ich selbst geschwommen bin. Das hat jemand anderer gemacht!<br><br><\/p>\n","protected":false},"excerpt":{"rendered":"<p>Ein 10 j\u00e4hriges M\u00e4dchen machte mit ihren Eltern eine Radtour.Sie fuhr voraus und lie\u00df sich dann an einem Flussufer nieder, um auf ihre Eltern zu warten.Nicht weit von dieser Stelle lag ein Boot.Sie kletterte hinein und wollte von da aus &hellip; <a href=\"https:\/\/ecclesiae.de\/blog\/?page_id=11034\">Weiterlesen <span class=\"meta-nav\">&rarr;<\/span><\/a><\/p>\n","protected":false},"author":3,"featured_media":0,"parent":10792,"menu_order":0,"comment_status":"closed","ping_status":"closed","template":"","meta":{"footnotes":""},"class_list":["post-11034","page","type-page","status-publish","hentry"],"_links":{"self":[{"href":"https:\/\/ecclesiae.de\/blog\/index.php?rest_route=\/wp\/v2\/pages\/11034","targetHints":{"allow":["GET"]}}],"collection":[{"href":"https:\/\/ecclesiae.de\/blog\/index.php?rest_route=\/wp\/v2\/pages"}],"about":[{"href":"https:\/\/ecclesiae.de\/blog\/index.php?rest_route=\/wp\/v2\/types\/page"}],"author":[{"embeddable":true,"href":"https:\/\/ecclesiae.de\/blog\/index.php?rest_route=\/wp\/v2\/users\/3"}],"replies":[{"embeddable":true,"href":"https:\/\/ecclesiae.de\/blog\/index.php?rest_route=%2Fwp%2Fv2%2Fcomments&post=11034"}],"version-history":[{"count":1,"href":"https:\/\/ecclesiae.de\/blog\/index.php?rest_route=\/wp\/v2\/pages\/11034\/revisions"}],"predecessor-version":[{"id":11035,"href":"https:\/\/ecclesiae.de\/blog\/index.php?rest_route=\/wp\/v2\/pages\/11034\/revisions\/11035"}],"up":[{"embeddable":true,"href":"https:\/\/ecclesiae.de\/blog\/index.php?rest_route=\/wp\/v2\/pages\/10792"}],"wp:attachment":[{"href":"https:\/\/ecclesiae.de\/blog\/index.php?rest_route=%2Fwp%2Fv2%2Fmedia&parent=11034"}],"curies":[{"name":"wp","href":"https:\/\/api.w.org\/{rel}","templated":true}]}}