{"id":11040,"date":"2022-07-27T08:50:45","date_gmt":"2022-07-27T08:50:45","guid":{"rendered":"http:\/\/ecclesiae.de\/blog\/?page_id=11040"},"modified":"2022-07-27T08:50:45","modified_gmt":"2022-07-27T08:50:45","slug":"vergreift-euch-niemals-am-kreuz","status":"publish","type":"page","link":"https:\/\/ecclesiae.de\/blog\/?page_id=11040","title":{"rendered":"Vergreift euch niemals am Kreuz"},"content":{"rendered":"\n<p><br>An einem Winter wurde ein junger Mann mit schweren Erfrierungen in ein Krankenhaus eingeliefert.<br>Er sagte, er sei betrunken in den Bach gefallen. Arbeitskollegen zogen ihn heraus, setzten ihn an den Ofen.<br>Das ganze verschlimmerte sich und man musste beide Beine abnehmen. Trotz allem war sein Leben nicht mehr zu retten.<br>In seiner Sterbestunde offenbarte er sich einer Krankenschwester: \u201eSchwester ich muss so s\u00fchnen f\u00fcr eine Schandtat, die ich im vorigen Jahre beging.<br>Ich zerschlug vor \u00dcbermut ein Feldkreuz und warf die einzelnen Teile des Kreuzes in den Bach. Nun m\u00f6chte ich allen Menschen sagen und in die Welt hinausschreien:<br>Vergreift euch niemals am Kreuz!!! Ich habe jetzt meine verdiente Strafe.\u201c<br>nacherz\u00e4hlt<\/p>\n","protected":false},"excerpt":{"rendered":"<p>An einem Winter wurde ein junger Mann mit schweren Erfrierungen in ein Krankenhaus eingeliefert.Er sagte, er sei betrunken in den Bach gefallen. Arbeitskollegen zogen ihn heraus, setzten ihn an den Ofen.Das ganze verschlimmerte sich und man musste beide Beine abnehmen. &hellip; <a href=\"https:\/\/ecclesiae.de\/blog\/?page_id=11040\">Weiterlesen <span class=\"meta-nav\">&rarr;<\/span><\/a><\/p>\n","protected":false},"author":3,"featured_media":0,"parent":10792,"menu_order":0,"comment_status":"closed","ping_status":"closed","template":"","meta":{"footnotes":""},"class_list":["post-11040","page","type-page","status-publish","hentry"],"_links":{"self":[{"href":"https:\/\/ecclesiae.de\/blog\/index.php?rest_route=\/wp\/v2\/pages\/11040","targetHints":{"allow":["GET"]}}],"collection":[{"href":"https:\/\/ecclesiae.de\/blog\/index.php?rest_route=\/wp\/v2\/pages"}],"about":[{"href":"https:\/\/ecclesiae.de\/blog\/index.php?rest_route=\/wp\/v2\/types\/page"}],"author":[{"embeddable":true,"href":"https:\/\/ecclesiae.de\/blog\/index.php?rest_route=\/wp\/v2\/users\/3"}],"replies":[{"embeddable":true,"href":"https:\/\/ecclesiae.de\/blog\/index.php?rest_route=%2Fwp%2Fv2%2Fcomments&post=11040"}],"version-history":[{"count":1,"href":"https:\/\/ecclesiae.de\/blog\/index.php?rest_route=\/wp\/v2\/pages\/11040\/revisions"}],"predecessor-version":[{"id":11041,"href":"https:\/\/ecclesiae.de\/blog\/index.php?rest_route=\/wp\/v2\/pages\/11040\/revisions\/11041"}],"up":[{"embeddable":true,"href":"https:\/\/ecclesiae.de\/blog\/index.php?rest_route=\/wp\/v2\/pages\/10792"}],"wp:attachment":[{"href":"https:\/\/ecclesiae.de\/blog\/index.php?rest_route=%2Fwp%2Fv2%2Fmedia&parent=11040"}],"curies":[{"name":"wp","href":"https:\/\/api.w.org\/{rel}","templated":true}]}}