{"id":11042,"date":"2022-07-27T08:53:00","date_gmt":"2022-07-27T08:53:00","guid":{"rendered":"http:\/\/ecclesiae.de\/blog\/?page_id=11042"},"modified":"2022-07-27T08:53:00","modified_gmt":"2022-07-27T08:53:00","slug":"seelen-retten-helfen","status":"publish","type":"page","link":"https:\/\/ecclesiae.de\/blog\/?page_id=11042","title":{"rendered":"Seelen retten helfen"},"content":{"rendered":"\n<figure class=\"wp-block-table\"><table><tbody><tr><td><\/td><td>&nbsp;<\/td><\/tr><tr><td>Ein Mann hatte die sch\u00f6ne Gewohnheit, in seinem Leben oft folgendes Gebet zu verrichten:<br><strong>&#8222;Himmlischer Vater, ich opfere Dir durch die reinsten H\u00e4nde der unbefleckten Jungfrau Maria das kostbare Blut Deines g\u00f6ttlichen Sohnes auf und bitte Dich inst\u00e4ndig, verh\u00fcte in dieser Stunde irgendwo auf Erden eine Tods\u00fcnde, und sei den Armen Seelen gn\u00e4dig und barmherzig!&#8220;<\/strong><br>Als er selbst zum Sterben kam, empfing er and\u00e4chtig die hl. Sakramente.<br>Pl\u00f6tzlich setzte er sich auf, schaute in der Kammer umher, als ob viele Leute da w\u00e4ren und nickte l\u00e4chelnd nach allen Seiten.<br>Der anwesende Geistliche fragte, ob er etwas w\u00fcnsche. Da erwiderte der Kranke lebhaft: &#8222;Sehr viele Seelen sind dagewesen, von Lebenden, Vornehmen und Armen sowie von Verstorbenen. Mein Schutzengel hat sie gef\u00fchrt und mir zu verstehen gegeben: Siehe, das sind die Seelen, die der allg\u00fctige Gott auf dein Gebet hin vor einer Tods\u00fcnde bewahrt hat!<br>Sie sind nun da, um deine F\u00fcrbitter zu sein beim ewigen Richter und dich zu begleiten in die Ewigkeit.&#8220; Darauf betete der Kranke noch einmal das Gebet und verschied selig im Herrn.<br><br>Jesus, Maria, Josef! Euch schenke ich mein Herz und meine Seele. Jesus, Maria, Josef! Steht mir bei in meinem Todeskampf!<br><br>Jesus, Maria, Josef! M\u00f6ge meine Seele mit Euch in Frieden scheiden! (Teilablass)<br>Q: Redaktion bekannt<\/td><\/tr><tr><td><\/td><\/tr><\/tbody><\/table><\/figure>\n","protected":false},"excerpt":{"rendered":"<p>&nbsp; Ein Mann hatte die sch\u00f6ne Gewohnheit, in seinem Leben oft folgendes Gebet zu verrichten:&#8222;Himmlischer Vater, ich opfere Dir durch die reinsten H\u00e4nde der unbefleckten Jungfrau Maria das kostbare Blut Deines g\u00f6ttlichen Sohnes auf und bitte Dich inst\u00e4ndig, verh\u00fcte in &hellip; <a href=\"https:\/\/ecclesiae.de\/blog\/?page_id=11042\">Weiterlesen <span class=\"meta-nav\">&rarr;<\/span><\/a><\/p>\n","protected":false},"author":3,"featured_media":0,"parent":10792,"menu_order":0,"comment_status":"closed","ping_status":"closed","template":"","meta":{"footnotes":""},"class_list":["post-11042","page","type-page","status-publish","hentry"],"_links":{"self":[{"href":"https:\/\/ecclesiae.de\/blog\/index.php?rest_route=\/wp\/v2\/pages\/11042","targetHints":{"allow":["GET"]}}],"collection":[{"href":"https:\/\/ecclesiae.de\/blog\/index.php?rest_route=\/wp\/v2\/pages"}],"about":[{"href":"https:\/\/ecclesiae.de\/blog\/index.php?rest_route=\/wp\/v2\/types\/page"}],"author":[{"embeddable":true,"href":"https:\/\/ecclesiae.de\/blog\/index.php?rest_route=\/wp\/v2\/users\/3"}],"replies":[{"embeddable":true,"href":"https:\/\/ecclesiae.de\/blog\/index.php?rest_route=%2Fwp%2Fv2%2Fcomments&post=11042"}],"version-history":[{"count":1,"href":"https:\/\/ecclesiae.de\/blog\/index.php?rest_route=\/wp\/v2\/pages\/11042\/revisions"}],"predecessor-version":[{"id":11043,"href":"https:\/\/ecclesiae.de\/blog\/index.php?rest_route=\/wp\/v2\/pages\/11042\/revisions\/11043"}],"up":[{"embeddable":true,"href":"https:\/\/ecclesiae.de\/blog\/index.php?rest_route=\/wp\/v2\/pages\/10792"}],"wp:attachment":[{"href":"https:\/\/ecclesiae.de\/blog\/index.php?rest_route=%2Fwp%2Fv2%2Fmedia&parent=11042"}],"curies":[{"name":"wp","href":"https:\/\/api.w.org\/{rel}","templated":true}]}}