{"id":11044,"date":"2022-07-27T08:55:00","date_gmt":"2022-07-27T08:55:00","guid":{"rendered":"http:\/\/ecclesiae.de\/blog\/?page_id=11044"},"modified":"2022-07-27T08:55:00","modified_gmt":"2022-07-27T08:55:00","slug":"muttergottesmedaille","status":"publish","type":"page","link":"https:\/\/ecclesiae.de\/blog\/?page_id=11044","title":{"rendered":"Muttergottesmedaille"},"content":{"rendered":"\n<p><br>Auf einer Alm trafen sich verschiedene Teilnehmer zu einem Wochenendkurs einer Sekte.<br>Nebenbei bemerkt, dieser Kurs kostete eine Menge Geld.<br>An einem bestimmten Wochenende war auch ein junger Volksschullehrer, der zur gleichen Sekte geh\u00f6rte, mit zur Alm gefahren.<br>Dieser Lehrer hatte vor kurzem eine Medaille der Mutter Gottes geschenkt bekommen, welche er seither auch immer trug.<br>Etwas merkw\u00fcrdiges geschah: Die meisten Teilnehmer sp\u00fcrten, dass eine St\u00f6rung im Haus sei. Die ganze unchristliche Meditation war diesmal gest\u00f6rt.<br>Es war freilich eine \u201ehimmlische St\u00f6rung!\u201c<br>Die Medaille d\u00fcrfte wohl den b\u00f6sen Geistern nicht gepasst haben!<br>Aber damit nicht genug. Ein anderes Mal traf man sich wieder auf dieser Alm. Diesmal hatte ein anderer Mann eine Muttergottesmedaille bei sich.<br>Sie standen auf und suchten nach der St\u00f6rung. Sie vermuteten (oder wussten?) sie genau in der Ecke, in der der Mann mit der Medaille schlief.<br>Allerdings schliefen in diesem Bereich drei Personen, sodass der \u201eSuchtrupp\u201c sich nicht ganz sicher war.<br>Am n\u00e4chsten Tag durchsuchte dieser \u201eSuchtrupp\u201c die Teilnehmerhefte dieser drei Personen und fragte sie genau aus.<br>Nach einigen Monaten kam der Betreffende \u2013 Gott sei Dank! von der Sekte los, beichtete, weihte sich der Muttergottes und ist gl\u00fccklich, nun zu Jesus Christus gefunden zu haben.<br>Q: Licht und Kraft f\u00fcr jeden Tag \u2013 Verlag Salvator Mundi<br><br><\/p>\n","protected":false},"excerpt":{"rendered":"<p>Auf einer Alm trafen sich verschiedene Teilnehmer zu einem Wochenendkurs einer Sekte.Nebenbei bemerkt, dieser Kurs kostete eine Menge Geld.An einem bestimmten Wochenende war auch ein junger Volksschullehrer, der zur gleichen Sekte geh\u00f6rte, mit zur Alm gefahren.Dieser Lehrer hatte vor kurzem &hellip; <a href=\"https:\/\/ecclesiae.de\/blog\/?page_id=11044\">Weiterlesen <span class=\"meta-nav\">&rarr;<\/span><\/a><\/p>\n","protected":false},"author":3,"featured_media":0,"parent":10792,"menu_order":0,"comment_status":"closed","ping_status":"closed","template":"","meta":{"footnotes":""},"class_list":["post-11044","page","type-page","status-publish","hentry"],"_links":{"self":[{"href":"https:\/\/ecclesiae.de\/blog\/index.php?rest_route=\/wp\/v2\/pages\/11044","targetHints":{"allow":["GET"]}}],"collection":[{"href":"https:\/\/ecclesiae.de\/blog\/index.php?rest_route=\/wp\/v2\/pages"}],"about":[{"href":"https:\/\/ecclesiae.de\/blog\/index.php?rest_route=\/wp\/v2\/types\/page"}],"author":[{"embeddable":true,"href":"https:\/\/ecclesiae.de\/blog\/index.php?rest_route=\/wp\/v2\/users\/3"}],"replies":[{"embeddable":true,"href":"https:\/\/ecclesiae.de\/blog\/index.php?rest_route=%2Fwp%2Fv2%2Fcomments&post=11044"}],"version-history":[{"count":1,"href":"https:\/\/ecclesiae.de\/blog\/index.php?rest_route=\/wp\/v2\/pages\/11044\/revisions"}],"predecessor-version":[{"id":11045,"href":"https:\/\/ecclesiae.de\/blog\/index.php?rest_route=\/wp\/v2\/pages\/11044\/revisions\/11045"}],"up":[{"embeddable":true,"href":"https:\/\/ecclesiae.de\/blog\/index.php?rest_route=\/wp\/v2\/pages\/10792"}],"wp:attachment":[{"href":"https:\/\/ecclesiae.de\/blog\/index.php?rest_route=%2Fwp%2Fv2%2Fmedia&parent=11044"}],"curies":[{"name":"wp","href":"https:\/\/api.w.org\/{rel}","templated":true}]}}