{"id":11048,"date":"2022-07-27T08:59:23","date_gmt":"2022-07-27T08:59:23","guid":{"rendered":"http:\/\/ecclesiae.de\/blog\/?page_id=11048"},"modified":"2022-07-27T08:59:23","modified_gmt":"2022-07-27T08:59:23","slug":"gebetserhoerung","status":"publish","type":"page","link":"https:\/\/ecclesiae.de\/blog\/?page_id=11048","title":{"rendered":"Gebetserh\u00f6rung"},"content":{"rendered":"\n<figure class=\"wp-block-table\"><table><tbody><tr><td><\/td><td>&nbsp;<\/td><\/tr><tr><td><br>Pfr. M. erz\u00e4hlt:<br>Als ich noch im Priesterseminar in Schwaz im Unterrinntal studierte, erlebte ich eines Tages folgendes:<br>Zu Mittag dr\u00e4ngt es mich pl\u00f6tzlich m\u00e4chtig, nach Innsbruck zu fahren.<br>Ich \u00fcberlege kurz und stelle fest, dass ich in Innsbruck heute weder etwas besorgen muss noch jemanden besuchen will.<br>Eigentlich m\u00f6chte ich heute nicht nach Innsbruck fahren. Doch weil mich irgendetwas dazu dr\u00e4ngt, fahre ich schlie\u00dflich mit dem Bus nach Innsbruck.<br>Unterwegs denke ich mir, wie sinnlos es eigentlich ist, dass ich heute dorthin fahre, wo ich doch dort \u00fcberhaupt nichts vorhabe.<br>Als wir in der Stadt sind, steige ich an einer Stelle aus, wo ich sonst nie ausgestiegen bin.<br>Kaum bin ich auf der Stra\u00dfe, kommt ein bekanntes Kind auf mich zu und ruft: \u201eIch habe so gebetet, dass du kommst!\u201c<br>Q: Buch: Licht und Kraft f\u00fcr jeden Tag<\/td><\/tr><\/tbody><\/table><\/figure>\n","protected":false},"excerpt":{"rendered":"<p>&nbsp; Pfr. M. erz\u00e4hlt:Als ich noch im Priesterseminar in Schwaz im Unterrinntal studierte, erlebte ich eines Tages folgendes:Zu Mittag dr\u00e4ngt es mich pl\u00f6tzlich m\u00e4chtig, nach Innsbruck zu fahren.Ich \u00fcberlege kurz und stelle fest, dass ich in Innsbruck heute weder etwas &hellip; <a href=\"https:\/\/ecclesiae.de\/blog\/?page_id=11048\">Weiterlesen <span class=\"meta-nav\">&rarr;<\/span><\/a><\/p>\n","protected":false},"author":3,"featured_media":0,"parent":10792,"menu_order":0,"comment_status":"closed","ping_status":"closed","template":"","meta":{"footnotes":""},"class_list":["post-11048","page","type-page","status-publish","hentry"],"_links":{"self":[{"href":"https:\/\/ecclesiae.de\/blog\/index.php?rest_route=\/wp\/v2\/pages\/11048","targetHints":{"allow":["GET"]}}],"collection":[{"href":"https:\/\/ecclesiae.de\/blog\/index.php?rest_route=\/wp\/v2\/pages"}],"about":[{"href":"https:\/\/ecclesiae.de\/blog\/index.php?rest_route=\/wp\/v2\/types\/page"}],"author":[{"embeddable":true,"href":"https:\/\/ecclesiae.de\/blog\/index.php?rest_route=\/wp\/v2\/users\/3"}],"replies":[{"embeddable":true,"href":"https:\/\/ecclesiae.de\/blog\/index.php?rest_route=%2Fwp%2Fv2%2Fcomments&post=11048"}],"version-history":[{"count":1,"href":"https:\/\/ecclesiae.de\/blog\/index.php?rest_route=\/wp\/v2\/pages\/11048\/revisions"}],"predecessor-version":[{"id":11049,"href":"https:\/\/ecclesiae.de\/blog\/index.php?rest_route=\/wp\/v2\/pages\/11048\/revisions\/11049"}],"up":[{"embeddable":true,"href":"https:\/\/ecclesiae.de\/blog\/index.php?rest_route=\/wp\/v2\/pages\/10792"}],"wp:attachment":[{"href":"https:\/\/ecclesiae.de\/blog\/index.php?rest_route=%2Fwp%2Fv2%2Fmedia&parent=11048"}],"curies":[{"name":"wp","href":"https:\/\/api.w.org\/{rel}","templated":true}]}}