{"id":11054,"date":"2022-07-27T12:48:04","date_gmt":"2022-07-27T12:48:04","guid":{"rendered":"http:\/\/ecclesiae.de\/blog\/?page_id=11054"},"modified":"2022-07-27T12:48:04","modified_gmt":"2022-07-27T12:48:04","slug":"heilung","status":"publish","type":"page","link":"https:\/\/ecclesiae.de\/blog\/?page_id=11054","title":{"rendered":"Heilung"},"content":{"rendered":"\n<p>Ein kranker Junge erhoffte sich im gro\u00dfen Wallfahrtsort Lourdes eine Heilung f\u00fcr sein k\u00f6rperliches Leiden.<br>Er wurde in die vorderste Reihe zu den Kranken geschoben, damit er wie die anderen den eucharistischen Einzelsegen erhalte.<br><br>Der Kardinal kam und gab den Segen mit dem Allerheiligsten und der Junge flehte: Jesus hilf!<br>Als der Kardinal dann schon einige Meter weitergegangen war und der Junge keine Heilung erkennen konnte&#8230; betete er weiter.. Jesus hilf!<br><br>Nun begann er verzweifelt zu schreien. Jesus wenn Du mir nicht hilfst, sag ichs Deiner Mama!<br>Da drehte sich der Kardinal nochmals um und segnete ihn abermals&#8230;Darauf sp\u00fcrte der Junge eine Ver\u00e4nderung in sich&#8230; er wurde gesund.<br><br>Von einem Priester in einer Predigt in diesem Sinn erz\u00e4hlt..<\/p>\n","protected":false},"excerpt":{"rendered":"<p>Ein kranker Junge erhoffte sich im gro\u00dfen Wallfahrtsort Lourdes eine Heilung f\u00fcr sein k\u00f6rperliches Leiden.Er wurde in die vorderste Reihe zu den Kranken geschoben, damit er wie die anderen den eucharistischen Einzelsegen erhalte. Der Kardinal kam und gab den Segen &hellip; <a href=\"https:\/\/ecclesiae.de\/blog\/?page_id=11054\">Weiterlesen <span class=\"meta-nav\">&rarr;<\/span><\/a><\/p>\n","protected":false},"author":3,"featured_media":0,"parent":10792,"menu_order":0,"comment_status":"closed","ping_status":"closed","template":"","meta":{"footnotes":""},"class_list":["post-11054","page","type-page","status-publish","hentry"],"_links":{"self":[{"href":"https:\/\/ecclesiae.de\/blog\/index.php?rest_route=\/wp\/v2\/pages\/11054","targetHints":{"allow":["GET"]}}],"collection":[{"href":"https:\/\/ecclesiae.de\/blog\/index.php?rest_route=\/wp\/v2\/pages"}],"about":[{"href":"https:\/\/ecclesiae.de\/blog\/index.php?rest_route=\/wp\/v2\/types\/page"}],"author":[{"embeddable":true,"href":"https:\/\/ecclesiae.de\/blog\/index.php?rest_route=\/wp\/v2\/users\/3"}],"replies":[{"embeddable":true,"href":"https:\/\/ecclesiae.de\/blog\/index.php?rest_route=%2Fwp%2Fv2%2Fcomments&post=11054"}],"version-history":[{"count":1,"href":"https:\/\/ecclesiae.de\/blog\/index.php?rest_route=\/wp\/v2\/pages\/11054\/revisions"}],"predecessor-version":[{"id":11055,"href":"https:\/\/ecclesiae.de\/blog\/index.php?rest_route=\/wp\/v2\/pages\/11054\/revisions\/11055"}],"up":[{"embeddable":true,"href":"https:\/\/ecclesiae.de\/blog\/index.php?rest_route=\/wp\/v2\/pages\/10792"}],"wp:attachment":[{"href":"https:\/\/ecclesiae.de\/blog\/index.php?rest_route=%2Fwp%2Fv2%2Fmedia&parent=11054"}],"curies":[{"name":"wp","href":"https:\/\/api.w.org\/{rel}","templated":true}]}}