{"id":11058,"date":"2022-07-27T12:54:49","date_gmt":"2022-07-27T12:54:49","guid":{"rendered":"http:\/\/ecclesiae.de\/blog\/?page_id=11058"},"modified":"2022-07-27T12:54:49","modified_gmt":"2022-07-27T12:54:49","slug":"schutz-im-gebet","status":"publish","type":"page","link":"https:\/\/ecclesiae.de\/blog\/?page_id=11058","title":{"rendered":"Schutz im Gebet"},"content":{"rendered":"\n<p>Sie betete den Rosenkranz und blieb als einzige am Leben<br>Am Josefstag (19.M\u00e4rz) im Kriegsjahr 1945, erlebte die Stadt Landshut einen gro\u00dfen Luftangriff.<br>Viele Geb\u00e4ude und die Franziskanerkirche wurden zerst\u00f6rt. Jedermann fl\u00fcchtete in den n\u00e4chsten Luftschutzkeller.<br><br>Doch etwa 30-40 Personen suchten Schutz unter einer Unterf\u00fchrung. Eine Luftmine l\u00f6schte das Leben aller Zufluchtssuchenden aus.<br><br>Waren es wirklich alle, die dort unter dem Durchlass sterben mussten? Ein Soldat hielt Totenwache.<br>Nach etwa drei Stunden glaubte er seinen Augen nicht zu trauen.<br>Pl\u00f6tzlich regte sich etwas in der Mitte der Verstorbenen und eine Frau fragte ganz sch\u00fcchtern den Bewacher, ob sie jetzt gehen d\u00fcrfe.<br><br>Der Soldat wollte nun wissen, was sie solange getan habe. Da antwortete sie: &#8222;Ich bete den Rosenkranz.&#8220;<br>Sie merkte gar nicht, dass bereits etliche Stunden vergangen waren.<br><br>Diese Nachricht breitete sich wie ein Lauffeuer in der ganzen Stadt aus.<br>Wollte die Mutter Gottes hier nicht allen zeigen, dass sie die Mittlerin aller Gnaden ist, wenn man sich vertrauensvoll an sie wendet?<br>Q: Gott und die Gottesmutter.de<\/p>\n","protected":false},"excerpt":{"rendered":"<p>Sie betete den Rosenkranz und blieb als einzige am LebenAm Josefstag (19.M\u00e4rz) im Kriegsjahr 1945, erlebte die Stadt Landshut einen gro\u00dfen Luftangriff.Viele Geb\u00e4ude und die Franziskanerkirche wurden zerst\u00f6rt. Jedermann fl\u00fcchtete in den n\u00e4chsten Luftschutzkeller. Doch etwa 30-40 Personen suchten Schutz &hellip; <a href=\"https:\/\/ecclesiae.de\/blog\/?page_id=11058\">Weiterlesen <span class=\"meta-nav\">&rarr;<\/span><\/a><\/p>\n","protected":false},"author":3,"featured_media":0,"parent":10792,"menu_order":0,"comment_status":"closed","ping_status":"closed","template":"","meta":{"footnotes":""},"class_list":["post-11058","page","type-page","status-publish","hentry"],"_links":{"self":[{"href":"https:\/\/ecclesiae.de\/blog\/index.php?rest_route=\/wp\/v2\/pages\/11058","targetHints":{"allow":["GET"]}}],"collection":[{"href":"https:\/\/ecclesiae.de\/blog\/index.php?rest_route=\/wp\/v2\/pages"}],"about":[{"href":"https:\/\/ecclesiae.de\/blog\/index.php?rest_route=\/wp\/v2\/types\/page"}],"author":[{"embeddable":true,"href":"https:\/\/ecclesiae.de\/blog\/index.php?rest_route=\/wp\/v2\/users\/3"}],"replies":[{"embeddable":true,"href":"https:\/\/ecclesiae.de\/blog\/index.php?rest_route=%2Fwp%2Fv2%2Fcomments&post=11058"}],"version-history":[{"count":1,"href":"https:\/\/ecclesiae.de\/blog\/index.php?rest_route=\/wp\/v2\/pages\/11058\/revisions"}],"predecessor-version":[{"id":11059,"href":"https:\/\/ecclesiae.de\/blog\/index.php?rest_route=\/wp\/v2\/pages\/11058\/revisions\/11059"}],"up":[{"embeddable":true,"href":"https:\/\/ecclesiae.de\/blog\/index.php?rest_route=\/wp\/v2\/pages\/10792"}],"wp:attachment":[{"href":"https:\/\/ecclesiae.de\/blog\/index.php?rest_route=%2Fwp%2Fv2%2Fmedia&parent=11058"}],"curies":[{"name":"wp","href":"https:\/\/api.w.org\/{rel}","templated":true}]}}