{"id":11060,"date":"2022-07-27T12:56:39","date_gmt":"2022-07-27T12:56:39","guid":{"rendered":"http:\/\/ecclesiae.de\/blog\/?page_id=11060"},"modified":"2022-07-27T12:56:39","modified_gmt":"2022-07-27T12:56:39","slug":"gefangene-der-liebe","status":"publish","type":"page","link":"https:\/\/ecclesiae.de\/blog\/?page_id=11060","title":{"rendered":"Gefangene der Liebe"},"content":{"rendered":"\n<p>Vor einigen Jahren wurden im kommunistischen China einige Schwestern, zusammen mit anderen H\u00e4ftlingen, mit dem Verbot zu beten eingesperrt.<br>Die Wachen beobachteten ihre Bewegungen, K\u00f6rperhaltungen, Gesichtsausdruck und Mundbewegungen, um jede \u00dcberschreitung der Vorschriften hart zu bestrafen.<br>Die \u00c4rmsten sehnten sich nur nach der Kommunion.<br>Eine alte Christin bot sich dem Bischof an, ihnen im Geheimen konsekrierte Hostien zu bringen, die sie in ein T\u00fcchlein wickelte.<br>Die List gelang. Sie kam in Gegenwart der Wachen zu den Gefangenen, geb\u00e4rdete sich w\u00fctend und beschimpfte die Schwestern lange Zeit.<br>In einem geeigneten Augenblick \u00fcbergab sie aber das Tuch einer Schwester und verlie\u00df das Gef\u00e4ngnis.<br>Sie versprach aber den Wachen, wieder zu kommen, um die Schwestern zu beschimpfen&#8230;.<br>Denken wir schlie\u00dflich noch an den himmlischen Trost, den Kranke durch die Hl. Kommunion erfahren, nicht blo\u00df seelisch, auch physisch, manchmal sogar durch wunderbare Heilung.<br>Bei der hl. Lidwina, bei der hl. Theresia und ehrw\u00fcrdige Alexandrina da Costa verschwanden oft pl\u00f6tzlich die furchtbaren Schmerzen w\u00e4hrend der Gegenwart Jesu im hl. Brot.<br>Auch der hl. Laurentius von Brindisi und der hl. Petrus Claver waren w\u00e4hrend der Hl. Messe von allen Schmerzen ihrer schweren Krankheit befreit.<br>Q: Jesus, die eucharistische Liebe unverk\u00e4uflich &#8211; mit Erlaubnis des Franziskanerklosters Kitzb\u00fchel<br><br><\/p>\n","protected":false},"excerpt":{"rendered":"<p>Vor einigen Jahren wurden im kommunistischen China einige Schwestern, zusammen mit anderen H\u00e4ftlingen, mit dem Verbot zu beten eingesperrt.Die Wachen beobachteten ihre Bewegungen, K\u00f6rperhaltungen, Gesichtsausdruck und Mundbewegungen, um jede \u00dcberschreitung der Vorschriften hart zu bestrafen.Die \u00c4rmsten sehnten sich nur nach &hellip; <a href=\"https:\/\/ecclesiae.de\/blog\/?page_id=11060\">Weiterlesen <span class=\"meta-nav\">&rarr;<\/span><\/a><\/p>\n","protected":false},"author":3,"featured_media":0,"parent":10792,"menu_order":0,"comment_status":"closed","ping_status":"closed","template":"","meta":{"footnotes":""},"class_list":["post-11060","page","type-page","status-publish","hentry"],"_links":{"self":[{"href":"https:\/\/ecclesiae.de\/blog\/index.php?rest_route=\/wp\/v2\/pages\/11060","targetHints":{"allow":["GET"]}}],"collection":[{"href":"https:\/\/ecclesiae.de\/blog\/index.php?rest_route=\/wp\/v2\/pages"}],"about":[{"href":"https:\/\/ecclesiae.de\/blog\/index.php?rest_route=\/wp\/v2\/types\/page"}],"author":[{"embeddable":true,"href":"https:\/\/ecclesiae.de\/blog\/index.php?rest_route=\/wp\/v2\/users\/3"}],"replies":[{"embeddable":true,"href":"https:\/\/ecclesiae.de\/blog\/index.php?rest_route=%2Fwp%2Fv2%2Fcomments&post=11060"}],"version-history":[{"count":1,"href":"https:\/\/ecclesiae.de\/blog\/index.php?rest_route=\/wp\/v2\/pages\/11060\/revisions"}],"predecessor-version":[{"id":11061,"href":"https:\/\/ecclesiae.de\/blog\/index.php?rest_route=\/wp\/v2\/pages\/11060\/revisions\/11061"}],"up":[{"embeddable":true,"href":"https:\/\/ecclesiae.de\/blog\/index.php?rest_route=\/wp\/v2\/pages\/10792"}],"wp:attachment":[{"href":"https:\/\/ecclesiae.de\/blog\/index.php?rest_route=%2Fwp%2Fv2%2Fmedia&parent=11060"}],"curies":[{"name":"wp","href":"https:\/\/api.w.org\/{rel}","templated":true}]}}