{"id":11062,"date":"2022-07-27T13:00:18","date_gmt":"2022-07-27T13:00:18","guid":{"rendered":"http:\/\/ecclesiae.de\/blog\/?page_id=11062"},"modified":"2022-07-27T13:00:18","modified_gmt":"2022-07-27T13:00:18","slug":"pater-pio-erzaehlt","status":"publish","type":"page","link":"https:\/\/ecclesiae.de\/blog\/?page_id=11062","title":{"rendered":"Pater Pio erz\u00e4hlt"},"content":{"rendered":"\n<p>Pater Pio erz\u00e4hlte Pater Anastasio diese Geschichte:<br>&#8222;Eines Abends, w\u00e4hrend ich allein im Chor war, um zu beten, h\u00f6rte ich Kleidung rascheln, und ich sah einen jungen M\u00f6nch, der sich neben dem Hochaltar bewegte.<br>Es schien, dass der junge M\u00f6nch den Altar abstaubte und die Blumenvasen der Blumen gerade r\u00fcckte.<br>Ich glaubte, es sei Pater Leone, der den Altar aufr\u00e4umte, und weil es die Zeit des Abendessens war, ging ich zu ihm, und sagte ihm:<br>&#8222;Pater Leone gehe zum Abendessen, es jetzt nicht die Zeit, den Altar abzustauben und aufzur\u00e4umen.\u201c &nbsp;<br>Aber eine Stimme, die nicht Pater Leones war, antwortete mir: &#8222;Ich bin nicht Pater Leone.&#8220;<br>&#8222;Wer sind Sie? &#8222;, &nbsp;fragte ich ihn. &#8222;Ich bin einer ihrer Br\u00fcder, der hier das Noviziat machte.<br>Ich wurde beauftragt, w\u00e4hrend des Jahres meines Noviziates den Altar zu reinigen.<br>Leider habe ich oftmals vers\u00e4umt, Jesus Ehrfurcht zu bezeugen, w\u00e4hrend ich vor dem Altar vorbeiging, und so verursachte ich die Missachtung des Heiligen Sakramentes, das im Tabernakel bewahrt wurde.<br>F\u00fcr diese ernste Unaufmerksamkeit bin ich immer noch im Fegefeuer.<br>Jetzt schickte mich Gott, in seiner endlosen G\u00fcte, hierher, damit Sie die Zeit einleiten, wenn ich &nbsp;das Paradies genie\u00dfen werde. K\u00fcmmern Sie sich um mich.&#8220; &nbsp;Ich glaubte, zu dieser leidenden Seele gro\u00dfz\u00fcgig zu sein, als ich rief:<br>&#8222;Sie werden morgen fr\u00fch im Paradies sein, wenn ich die Heilige Messe feiern werde&#8220;.<br>&#8222;Grausam!\u201c rief die Seele, dann weinte er und verschwand. &nbsp;Diese Klage wirkte in meinem Herzen eine Wunde, die ich mein ganzes Leben empfinden werde. &nbsp;In der Tat w\u00e4re ich f\u00e4hig gewesen, diese Seele sofort zum Himmel zu schicken, aber ich verurteilte ihn, eine weitere Nacht in den Flammen des Fegefeuers zu bleiben.\u201c<\/p>\n","protected":false},"excerpt":{"rendered":"<p>Pater Pio erz\u00e4hlte Pater Anastasio diese Geschichte:&#8222;Eines Abends, w\u00e4hrend ich allein im Chor war, um zu beten, h\u00f6rte ich Kleidung rascheln, und ich sah einen jungen M\u00f6nch, der sich neben dem Hochaltar bewegte.Es schien, dass der junge M\u00f6nch den Altar &hellip; <a href=\"https:\/\/ecclesiae.de\/blog\/?page_id=11062\">Weiterlesen <span class=\"meta-nav\">&rarr;<\/span><\/a><\/p>\n","protected":false},"author":3,"featured_media":0,"parent":10792,"menu_order":0,"comment_status":"closed","ping_status":"closed","template":"","meta":{"footnotes":""},"class_list":["post-11062","page","type-page","status-publish","hentry"],"_links":{"self":[{"href":"https:\/\/ecclesiae.de\/blog\/index.php?rest_route=\/wp\/v2\/pages\/11062","targetHints":{"allow":["GET"]}}],"collection":[{"href":"https:\/\/ecclesiae.de\/blog\/index.php?rest_route=\/wp\/v2\/pages"}],"about":[{"href":"https:\/\/ecclesiae.de\/blog\/index.php?rest_route=\/wp\/v2\/types\/page"}],"author":[{"embeddable":true,"href":"https:\/\/ecclesiae.de\/blog\/index.php?rest_route=\/wp\/v2\/users\/3"}],"replies":[{"embeddable":true,"href":"https:\/\/ecclesiae.de\/blog\/index.php?rest_route=%2Fwp%2Fv2%2Fcomments&post=11062"}],"version-history":[{"count":1,"href":"https:\/\/ecclesiae.de\/blog\/index.php?rest_route=\/wp\/v2\/pages\/11062\/revisions"}],"predecessor-version":[{"id":11063,"href":"https:\/\/ecclesiae.de\/blog\/index.php?rest_route=\/wp\/v2\/pages\/11062\/revisions\/11063"}],"up":[{"embeddable":true,"href":"https:\/\/ecclesiae.de\/blog\/index.php?rest_route=\/wp\/v2\/pages\/10792"}],"wp:attachment":[{"href":"https:\/\/ecclesiae.de\/blog\/index.php?rest_route=%2Fwp%2Fv2%2Fmedia&parent=11062"}],"curies":[{"name":"wp","href":"https:\/\/api.w.org\/{rel}","templated":true}]}}