{"id":11070,"date":"2022-07-27T13:09:30","date_gmt":"2022-07-27T13:09:30","guid":{"rendered":"http:\/\/ecclesiae.de\/blog\/?page_id=11070"},"modified":"2022-07-27T13:09:30","modified_gmt":"2022-07-27T13:09:30","slug":"gottvertrauen","status":"publish","type":"page","link":"https:\/\/ecclesiae.de\/blog\/?page_id=11070","title":{"rendered":"Gottvertrauen"},"content":{"rendered":"\n<figure class=\"wp-block-table\"><table><tbody><tr><td>\u00dcber den alternden Missionar Karl Studd lesen wir, dass er viele Beschwerden mit seinen Z\u00e4hnen, von denen die meisten schon ausgefallen waren, hatte, so dass er sich l\u00e4ngere Zeit von d\u00fcnnen Suppen ern\u00e4hren musste.<br>Man riet ihm deshalb, heimzufahren und sich einer Zahnbehandlung zu unterziehen. Aber er antwortete:<br>\u201eWenn Gott mir neue Z\u00e4hne schenken will, so kann Er sie mir ebenso leicht hierher senden.\u201c<br>Wenige Monate sp\u00e4ter bot ein Zahnarzt namens Buck dem Heimatkomitee seine Dienste in Innerafrika an.<br>Aber dieses wies ihn zur\u00fcck. Er sei 10 Jahre zu alt. Er jedoch sp\u00fcrte Gottes Ruf und machte sich auf eigene Faust auf den Weg, indem er seine Praxis verkaufte und aus dem Erl\u00f6s seine Reisekosten deckte.<br>An der Kongom\u00fcndung begegnete er zu seiner Freude dem Missionsehepaar Studd in einem Eingeborenenboot.<br>Nachdem sie zusammen gebetet hatten, er\u00f6ffnete ihnen Buck: \u201eGott hat mich nicht nur nach Afrika gesandt, um das Evangelium zu predigen, sondern auch um Studd ein Gebiss zu bringen. Ich habe alles n\u00f6tige mit, um es anzufertigen und einzusetzen.\u201c<br>\u201eIst das nicht wunderbar?\u201c staunte der greise Missionar.<br>\u201eGott schickt einen Zahnarzt in das innere Afrikas, um nach den Z\u00e4hnen seines Kindes, dass nicht heimreisen kann, zu sehen!\u201c<br>Der Prophet Jesaja sagte einmal:<br>Wir verlassen uns auf den Herrn, unsern Gott! (Jes. 36, 7).<br>Ich bin so dankbar, dass ich ein Kind dieses gro\u00dfen Gottes sein darf. &#8211; Du auch?<br>Autor unbekannt<\/td><\/tr><\/tbody><\/table><\/figure>\n","protected":false},"excerpt":{"rendered":"<p>\u00dcber den alternden Missionar Karl Studd lesen wir, dass er viele Beschwerden mit seinen Z\u00e4hnen, von denen die meisten schon ausgefallen waren, hatte, so dass er sich l\u00e4ngere Zeit von d\u00fcnnen Suppen ern\u00e4hren musste.Man riet ihm deshalb, heimzufahren und sich &hellip; <a href=\"https:\/\/ecclesiae.de\/blog\/?page_id=11070\">Weiterlesen <span class=\"meta-nav\">&rarr;<\/span><\/a><\/p>\n","protected":false},"author":3,"featured_media":0,"parent":10792,"menu_order":0,"comment_status":"closed","ping_status":"closed","template":"","meta":{"footnotes":""},"class_list":["post-11070","page","type-page","status-publish","hentry"],"_links":{"self":[{"href":"https:\/\/ecclesiae.de\/blog\/index.php?rest_route=\/wp\/v2\/pages\/11070","targetHints":{"allow":["GET"]}}],"collection":[{"href":"https:\/\/ecclesiae.de\/blog\/index.php?rest_route=\/wp\/v2\/pages"}],"about":[{"href":"https:\/\/ecclesiae.de\/blog\/index.php?rest_route=\/wp\/v2\/types\/page"}],"author":[{"embeddable":true,"href":"https:\/\/ecclesiae.de\/blog\/index.php?rest_route=\/wp\/v2\/users\/3"}],"replies":[{"embeddable":true,"href":"https:\/\/ecclesiae.de\/blog\/index.php?rest_route=%2Fwp%2Fv2%2Fcomments&post=11070"}],"version-history":[{"count":1,"href":"https:\/\/ecclesiae.de\/blog\/index.php?rest_route=\/wp\/v2\/pages\/11070\/revisions"}],"predecessor-version":[{"id":11071,"href":"https:\/\/ecclesiae.de\/blog\/index.php?rest_route=\/wp\/v2\/pages\/11070\/revisions\/11071"}],"up":[{"embeddable":true,"href":"https:\/\/ecclesiae.de\/blog\/index.php?rest_route=\/wp\/v2\/pages\/10792"}],"wp:attachment":[{"href":"https:\/\/ecclesiae.de\/blog\/index.php?rest_route=%2Fwp%2Fv2%2Fmedia&parent=11070"}],"curies":[{"name":"wp","href":"https:\/\/api.w.org\/{rel}","templated":true}]}}