{"id":11072,"date":"2022-07-28T06:02:34","date_gmt":"2022-07-28T06:02:34","guid":{"rendered":"http:\/\/ecclesiae.de\/blog\/?page_id=11072"},"modified":"2022-07-28T06:02:34","modified_gmt":"2022-07-28T06:02:34","slug":"die-kirche-ist-tot","status":"publish","type":"page","link":"https:\/\/ecclesiae.de\/blog\/?page_id=11072","title":{"rendered":"Die Kirche ist tot"},"content":{"rendered":"\n<p>Eine Erz\u00e4hlung<br>Kalte Gleichg\u00fcltigkeit, das war die Atmosph\u00e4re hier in Yonderton, als Pfarrer Wright sein Amt antrat.<br>Am ersten Sonntag predigte er in einer v\u00f6llig leeren Kirche. Am zweiten Sonntag war es genauso.<br>Und wenn der Pfarrer an den Werktagen seine Gemeindeglieder besuchte, erging es ihm nicht besser. &#8222;Die Kirche ist tot&#8220;, so sagte man ihm.<br>Aber am Donnerstag nach jenem zweiten trostlosen Sonntag geschah&#8217;s, dass eine Todesanzeige in der Zeitung erschien.<br>Dort konnte man lesen:<br>Mit dem Ausdruck tiefster Bedauerns und der Zustimmung meiner Gemeinde gebe ich den Tod der Kirche zu Yonderton bekannt.<br>Die Trauerfeier findet am Sonntag um 11 Uhr statt.<br>Herbert Wright, Pfarrer zu Yonderton.<br><br>Die Anzeige l\u00f6ste lebhafte Diskussionen aus.<br>Am Sonntag war bereits um halb elf die Kirche gedr\u00e4ngt voll.<br>Als ich die Kirche betrat, sah ich einen Sarg auf einer Bahre vor dem Altar stehen. P\u00fcnktlich um 11 Uhr bestieg Pfarrer Wright die Kanzel:<br>&#8222;Meine Freunde, Sie haben mir klar gemacht, dass Sie \u00fcberzeugt sind, unsere Kirche sei tot.<br>Sie haben auch keine Hoffnung auf Wiederbelebung. Ich m\u00f6chte nun diese Ihre Meinung auf eine letzte Probe stellen.<br>Bitte gehen Sie einer nach dem anderen an diesem Sarg vorbei und sehen Sie sich die Tote an.<br>Dann verlassen Sie die Kirche durch das Ostportal. Danach werde ich die Trauerfeier allein beschlie\u00dfen.<br>Sollten aber einige unter Ihnen Ihre Ansicht \u00e4ndern und w\u00e4ren auch nur wenige der Meinung, eine Wiederbelebung der Kirche sei vielleicht doch m\u00f6glich &#8211;<br>dann bitte ich diese, durch das Nordportal wieder hereinzukommen. Statt der Trauerfeier w\u00fcrde ich dann einen Dankgottesdienst halten.&#8220;<br>Ohne weitere Worte trat der Pfarrer an den Sarg und \u00f6ffnete ihn.<br>Ich war einer der letzten in der Reihe vor dem Sarg.<br>So hatte ich Zeit, dar\u00fcber nachzudenken:<br>&#8222;Was war eigentlich die Kirche? Wer w\u00fcrde wohl im Sarg liegen? W\u00fcrde es vielleicht ein Bild des Gekreuzigten sein?&#8220;<br>Die anderen in der Reihe dachten wohl \u00e4hnlich, ich merkte, wie uns ein Schaudern \u00fcberkam, je mehr wir uns dem Sarg n\u00e4herten.<br>Zudem erschreckte uns ein Knarren und Quietschen. Die T\u00fcr des Nordportals drehte sich in ihren verrosteten Angeln.<br>Herein trat eine kaum zu z\u00e4hlende Menge.<br>Nun war es soweit, dass ich die tote Kirche sehen sollte.<br>Unwillk\u00fcrlich schlo\u00df ich die Augen, als ich mich \u00fcber den Sarg beugte. Als ich sie \u00f6ffnete, sah ich mich selbst &#8211; im Spiegel.<br>Autor unbekannt<\/p>\n","protected":false},"excerpt":{"rendered":"<p>Eine Erz\u00e4hlungKalte Gleichg\u00fcltigkeit, das war die Atmosph\u00e4re hier in Yonderton, als Pfarrer Wright sein Amt antrat.Am ersten Sonntag predigte er in einer v\u00f6llig leeren Kirche. Am zweiten Sonntag war es genauso.Und wenn der Pfarrer an den Werktagen seine Gemeindeglieder besuchte, &hellip; <a href=\"https:\/\/ecclesiae.de\/blog\/?page_id=11072\">Weiterlesen <span class=\"meta-nav\">&rarr;<\/span><\/a><\/p>\n","protected":false},"author":3,"featured_media":0,"parent":10792,"menu_order":0,"comment_status":"closed","ping_status":"closed","template":"","meta":{"footnotes":""},"class_list":["post-11072","page","type-page","status-publish","hentry"],"_links":{"self":[{"href":"https:\/\/ecclesiae.de\/blog\/index.php?rest_route=\/wp\/v2\/pages\/11072","targetHints":{"allow":["GET"]}}],"collection":[{"href":"https:\/\/ecclesiae.de\/blog\/index.php?rest_route=\/wp\/v2\/pages"}],"about":[{"href":"https:\/\/ecclesiae.de\/blog\/index.php?rest_route=\/wp\/v2\/types\/page"}],"author":[{"embeddable":true,"href":"https:\/\/ecclesiae.de\/blog\/index.php?rest_route=\/wp\/v2\/users\/3"}],"replies":[{"embeddable":true,"href":"https:\/\/ecclesiae.de\/blog\/index.php?rest_route=%2Fwp%2Fv2%2Fcomments&post=11072"}],"version-history":[{"count":1,"href":"https:\/\/ecclesiae.de\/blog\/index.php?rest_route=\/wp\/v2\/pages\/11072\/revisions"}],"predecessor-version":[{"id":11073,"href":"https:\/\/ecclesiae.de\/blog\/index.php?rest_route=\/wp\/v2\/pages\/11072\/revisions\/11073"}],"up":[{"embeddable":true,"href":"https:\/\/ecclesiae.de\/blog\/index.php?rest_route=\/wp\/v2\/pages\/10792"}],"wp:attachment":[{"href":"https:\/\/ecclesiae.de\/blog\/index.php?rest_route=%2Fwp%2Fv2%2Fmedia&parent=11072"}],"curies":[{"name":"wp","href":"https:\/\/api.w.org\/{rel}","templated":true}]}}