{"id":11080,"date":"2022-07-28T13:04:09","date_gmt":"2022-07-28T13:04:09","guid":{"rendered":"http:\/\/ecclesiae.de\/blog\/?page_id=11080"},"modified":"2022-07-28T13:04:09","modified_gmt":"2022-07-28T13:04:09","slug":"gehorsam","status":"publish","type":"page","link":"https:\/\/ecclesiae.de\/blog\/?page_id=11080","title":{"rendered":"Gehorsam"},"content":{"rendered":"\n<p>Ein junger M\u00f6nch war ausersehen, in Paris Prediger zu werden. Es war im achtzehnten Jahrhundert.<br>Doch sagte ihm der Obere, damit er wegen seiner Jugend keine dummen Streiche mache, solle er ihm seine Predigten immer zuerst geschrieben vorlegen, namentliche die erste. Der junge Prediger bot nun seine ganze rednerische Begabung auf, um ein Meisterst\u00fcck von einer Eintrittspredigt zu machen; alle sch\u00f6nen Redewendungen, die Eindruck machen mussten, hatte er zu Papier gebracht.<br>Aber da kam der Obere mit dem Rotstift und die sch\u00f6nsten Stellen wurden gestrichen; er verdarb ihm die Predigt und so musste er sie halten.<br>Der Ordensmann gehorchte. Ganz Paris war entt\u00e4uscht \u00fcber diese Predigt; man h\u00e4tte denn doch etwas Besseres erwartet.<br>Am n\u00e4chsten Tag aber klopfte an der Klosterpforte ein vornehmer Herr und begehrte den Prediger zu sprechen, der gestern seine Sache so gut gemacht hatte.<br>Der Prediger kam, und nun stellte sich der Fremde als den bayerischen Gesandten H. Senf vor und erkl\u00e4rte,\u00a0die gestrige Predigt habe ihn so ger\u00fchrt, dass er vom Protestantismus zur katholischen Kirche zur\u00fcckkehren wolle, was er dann sp\u00e4ter in Innsbruck auch ausf\u00fchrte. Da sehen wir den Segen des Gehorsams. H\u00e4tte er seine urspr\u00fcngliche Predigt gehalten, so h\u00e4tte ihm wohl ganz Paris zugejubelt, aber Bekehrung w\u00e4re schwerlich eine erfolgt.<br><br>Q: Ill. Hausbuch v. P. Franz Tischler Impr. 1908<\/p>\n","protected":false},"excerpt":{"rendered":"<p>Ein junger M\u00f6nch war ausersehen, in Paris Prediger zu werden. Es war im achtzehnten Jahrhundert.Doch sagte ihm der Obere, damit er wegen seiner Jugend keine dummen Streiche mache, solle er ihm seine Predigten immer zuerst geschrieben vorlegen, namentliche die erste. &hellip; <a href=\"https:\/\/ecclesiae.de\/blog\/?page_id=11080\">Weiterlesen <span class=\"meta-nav\">&rarr;<\/span><\/a><\/p>\n","protected":false},"author":3,"featured_media":0,"parent":10792,"menu_order":0,"comment_status":"closed","ping_status":"closed","template":"","meta":{"footnotes":""},"class_list":["post-11080","page","type-page","status-publish","hentry"],"_links":{"self":[{"href":"https:\/\/ecclesiae.de\/blog\/index.php?rest_route=\/wp\/v2\/pages\/11080","targetHints":{"allow":["GET"]}}],"collection":[{"href":"https:\/\/ecclesiae.de\/blog\/index.php?rest_route=\/wp\/v2\/pages"}],"about":[{"href":"https:\/\/ecclesiae.de\/blog\/index.php?rest_route=\/wp\/v2\/types\/page"}],"author":[{"embeddable":true,"href":"https:\/\/ecclesiae.de\/blog\/index.php?rest_route=\/wp\/v2\/users\/3"}],"replies":[{"embeddable":true,"href":"https:\/\/ecclesiae.de\/blog\/index.php?rest_route=%2Fwp%2Fv2%2Fcomments&post=11080"}],"version-history":[{"count":1,"href":"https:\/\/ecclesiae.de\/blog\/index.php?rest_route=\/wp\/v2\/pages\/11080\/revisions"}],"predecessor-version":[{"id":11081,"href":"https:\/\/ecclesiae.de\/blog\/index.php?rest_route=\/wp\/v2\/pages\/11080\/revisions\/11081"}],"up":[{"embeddable":true,"href":"https:\/\/ecclesiae.de\/blog\/index.php?rest_route=\/wp\/v2\/pages\/10792"}],"wp:attachment":[{"href":"https:\/\/ecclesiae.de\/blog\/index.php?rest_route=%2Fwp%2Fv2%2Fmedia&parent=11080"}],"curies":[{"name":"wp","href":"https:\/\/api.w.org\/{rel}","templated":true}]}}