{"id":11090,"date":"2022-07-29T04:25:59","date_gmt":"2022-07-29T04:25:59","guid":{"rendered":"http:\/\/ecclesiae.de\/blog\/?page_id=11090"},"modified":"2022-07-29T04:25:59","modified_gmt":"2022-07-29T04:25:59","slug":"stille","status":"publish","type":"page","link":"https:\/\/ecclesiae.de\/blog\/?page_id=11090","title":{"rendered":"Stille"},"content":{"rendered":"\n<p>O du, vor dem die St\u00fcrme schweigen,<br>Vor dem das Meer versinkt in Ruh,<br>Dies wilde Herz nimm hin zu eigen<br>Und f\u00fchr&#8216; es deinem Frieden zu;<br>Dies Herz, das ewig umgetrieben<br>Entlodert, allzurasch entfacht,<br>Und, ach, mit seinem irren Lieben<br>Sich selbst und andre elend macht.<br><br>Entrei\u00df es, Herr, dem Sturm der Sinne,<br>Der W\u00fcnsche treulos schwankem Spiel;<br>Dem dunkeln Drange seiner Minne,<br>Gieb ihm ein unverg\u00e4nglich Ziel;<br>Auf da\u00df es, los vom Augenblicke,<br>Von Zweifel, Angst und Reue frei,<br>Sich einmal ganz und voll erquicke,<br>Und endlich, endlich stille sei.<br>Emanuel Geibel, (1815 &#8211; 1884)<br><br><\/p>\n","protected":false},"excerpt":{"rendered":"<p>O du, vor dem die St\u00fcrme schweigen,Vor dem das Meer versinkt in Ruh,Dies wilde Herz nimm hin zu eigenUnd f\u00fchr&#8216; es deinem Frieden zu;Dies Herz, das ewig umgetriebenEntlodert, allzurasch entfacht,Und, ach, mit seinem irren LiebenSich selbst und andre elend macht. &hellip; <a href=\"https:\/\/ecclesiae.de\/blog\/?page_id=11090\">Weiterlesen <span class=\"meta-nav\">&rarr;<\/span><\/a><\/p>\n","protected":false},"author":3,"featured_media":0,"parent":10912,"menu_order":0,"comment_status":"closed","ping_status":"closed","template":"","meta":{"footnotes":""},"class_list":["post-11090","page","type-page","status-publish","hentry"],"_links":{"self":[{"href":"https:\/\/ecclesiae.de\/blog\/index.php?rest_route=\/wp\/v2\/pages\/11090","targetHints":{"allow":["GET"]}}],"collection":[{"href":"https:\/\/ecclesiae.de\/blog\/index.php?rest_route=\/wp\/v2\/pages"}],"about":[{"href":"https:\/\/ecclesiae.de\/blog\/index.php?rest_route=\/wp\/v2\/types\/page"}],"author":[{"embeddable":true,"href":"https:\/\/ecclesiae.de\/blog\/index.php?rest_route=\/wp\/v2\/users\/3"}],"replies":[{"embeddable":true,"href":"https:\/\/ecclesiae.de\/blog\/index.php?rest_route=%2Fwp%2Fv2%2Fcomments&post=11090"}],"version-history":[{"count":1,"href":"https:\/\/ecclesiae.de\/blog\/index.php?rest_route=\/wp\/v2\/pages\/11090\/revisions"}],"predecessor-version":[{"id":11091,"href":"https:\/\/ecclesiae.de\/blog\/index.php?rest_route=\/wp\/v2\/pages\/11090\/revisions\/11091"}],"up":[{"embeddable":true,"href":"https:\/\/ecclesiae.de\/blog\/index.php?rest_route=\/wp\/v2\/pages\/10912"}],"wp:attachment":[{"href":"https:\/\/ecclesiae.de\/blog\/index.php?rest_route=%2Fwp%2Fv2%2Fmedia&parent=11090"}],"curies":[{"name":"wp","href":"https:\/\/api.w.org\/{rel}","templated":true}]}}