{"id":11100,"date":"2022-07-29T04:35:40","date_gmt":"2022-07-29T04:35:40","guid":{"rendered":"http:\/\/ecclesiae.de\/blog\/?page_id=11100"},"modified":"2022-07-29T04:35:40","modified_gmt":"2022-07-29T04:35:40","slug":"hochzeit","status":"publish","type":"page","link":"https:\/\/ecclesiae.de\/blog\/?page_id=11100","title":{"rendered":"Hochzeit"},"content":{"rendered":"\n<p>Zwei H\u00e4nde wollen heute sich<br>an heiliger St\u00e4tte fassen,<br>sich halten treu und inniglich<br>und nimmermehr sich lassen.<br>Doch festigen solch Liebesband,<br>soll helfen eine andere Hand,<br>soll Gottes Hand zum Segen<br>sich auf die eure legen.<br><br>Zwei Lippen wollen heut ein Wort,<br>ein heilig` \u00a0Ja sich geben;<br>das kurze Wort oh klinge fort,<br>durchs ganze lange Leben,<br>doch das dies Ja gesegnet sei,<br>ert\u00f6ne noch ein Ja dabei,<br>erschall aus Gottes Munde<br>das Ja zu eurem Bunde.<br><br>Zwei Herzen brennen heut,<br>zu einer Liebe Flammen,<br>und halten fest in Leid und Freud`<br>von heute an zusammen;<br>doch dass da bleibe Herz an Herz,<br>so haltet flei\u00dfig himmelw\u00e4rts,<br>zum Vaterherzen droben<br>die eurigen erhoben.<br><br>Zwei Namen wollen heute gern<br>Zu einem sich verschlingen,<br>den ihren will dem Eheherrn,<br>die Braut zum Opfer bringen,<br>doch soll der Bund gesegnet sein,<br>so klinge noch ein Name drein,<br>so klingt in Gottes Namen<br>zu eurem Ja das Amen.<br><br>So zieht zu Zwei`n ins Gotteshaus,<br>die Freunde zum Geleite,<br>So kommt vereint vom Herrn heraus,<br>Er selbst an eurer Seite.<br>Zieht fr\u00f6hlich ein zur eigenen T\u00fcr,<br>Bleibt eins in Liebe f\u00fcr und f\u00fcr,<br>und Gott in eurer Mitte<br>sei selbst im Bund der Dritte!<br>Aus: Empor die Herzen<br>von Pfr. A. Steger \u00a0Impr. 1922<\/p>\n","protected":false},"excerpt":{"rendered":"<p>Zwei H\u00e4nde wollen heute sichan heiliger St\u00e4tte fassen,sich halten treu und inniglichund nimmermehr sich lassen.Doch festigen solch Liebesband,soll helfen eine andere Hand,soll Gottes Hand zum Segensich auf die eure legen. Zwei Lippen wollen heut ein Wort,ein heilig` \u00a0Ja sich geben;das &hellip; <a href=\"https:\/\/ecclesiae.de\/blog\/?page_id=11100\">Weiterlesen <span class=\"meta-nav\">&rarr;<\/span><\/a><\/p>\n","protected":false},"author":3,"featured_media":0,"parent":10912,"menu_order":0,"comment_status":"closed","ping_status":"closed","template":"","meta":{"footnotes":""},"class_list":["post-11100","page","type-page","status-publish","hentry"],"_links":{"self":[{"href":"https:\/\/ecclesiae.de\/blog\/index.php?rest_route=\/wp\/v2\/pages\/11100","targetHints":{"allow":["GET"]}}],"collection":[{"href":"https:\/\/ecclesiae.de\/blog\/index.php?rest_route=\/wp\/v2\/pages"}],"about":[{"href":"https:\/\/ecclesiae.de\/blog\/index.php?rest_route=\/wp\/v2\/types\/page"}],"author":[{"embeddable":true,"href":"https:\/\/ecclesiae.de\/blog\/index.php?rest_route=\/wp\/v2\/users\/3"}],"replies":[{"embeddable":true,"href":"https:\/\/ecclesiae.de\/blog\/index.php?rest_route=%2Fwp%2Fv2%2Fcomments&post=11100"}],"version-history":[{"count":1,"href":"https:\/\/ecclesiae.de\/blog\/index.php?rest_route=\/wp\/v2\/pages\/11100\/revisions"}],"predecessor-version":[{"id":11101,"href":"https:\/\/ecclesiae.de\/blog\/index.php?rest_route=\/wp\/v2\/pages\/11100\/revisions\/11101"}],"up":[{"embeddable":true,"href":"https:\/\/ecclesiae.de\/blog\/index.php?rest_route=\/wp\/v2\/pages\/10912"}],"wp:attachment":[{"href":"https:\/\/ecclesiae.de\/blog\/index.php?rest_route=%2Fwp%2Fv2%2Fmedia&parent=11100"}],"curies":[{"name":"wp","href":"https:\/\/api.w.org\/{rel}","templated":true}]}}