{"id":11104,"date":"2022-07-29T11:31:40","date_gmt":"2022-07-29T11:31:40","guid":{"rendered":"http:\/\/ecclesiae.de\/blog\/?page_id=11104"},"modified":"2022-07-29T11:31:40","modified_gmt":"2022-07-29T11:31:40","slug":"beten","status":"publish","type":"page","link":"https:\/\/ecclesiae.de\/blog\/?page_id=11104","title":{"rendered":"beten"},"content":{"rendered":"\n<figure class=\"wp-block-table\"><table><tbody><tr><td><br>Schwinget euch mit Herz und Seele<br>Auf zum Sch\u00f6pfer im Gebet!<br>Preiset ihn mit frommer Kehle,<br>Der sich zeigt voll Majest\u00e4t,<br>Und der, \u00fcberall zugegen,<br>Wahrnimmt, was man tut und denkt,<br>Jede Handlung pflegt zu w\u00e4gen<br>Und der Menschen Schicksal lenkt!<br><br>Werft euch nieder! Aus dem Staube<br>Blicket nach des Himmels H\u00f6h\u00b4n!<br>Voll Vertrauen sei der Glaube<br>Im Gebet zum Ewigen!<br>Hilfe kann nur Er gew\u00e4hren,<br>Sind von Leiden wir gepresst;<br>Er nur kann uns Trost bescheren,<br>Wenn uns alle Welt verl\u00e4sst.<br><br>Er kann uns in allen N\u00f6ten<br>Und wie gro\u00df ist ihre Zahl!<br>Raten, st\u00e4rken, sch\u00fctzen, retten<br>Hier in diesem Jammertal;<br>Drum so betet fest im Glauben,<br>Haltet euch an Gott allein,<br>La\u00dft euch nie die Hoffnung rauben;<br>Er wird unser Vater sein!<br><br>Aus: Empor die Herzen v. Pfr. A. Steeger Impr. 1922<br><br><br><\/td><\/tr><\/tbody><\/table><\/figure>\n","protected":false},"excerpt":{"rendered":"<p>Schwinget euch mit Herz und SeeleAuf zum Sch\u00f6pfer im Gebet!Preiset ihn mit frommer Kehle,Der sich zeigt voll Majest\u00e4t,Und der, \u00fcberall zugegen,Wahrnimmt, was man tut und denkt,Jede Handlung pflegt zu w\u00e4genUnd der Menschen Schicksal lenkt! Werft euch nieder! Aus dem StaubeBlicket &hellip; <a href=\"https:\/\/ecclesiae.de\/blog\/?page_id=11104\">Weiterlesen <span class=\"meta-nav\">&rarr;<\/span><\/a><\/p>\n","protected":false},"author":3,"featured_media":0,"parent":10912,"menu_order":0,"comment_status":"closed","ping_status":"closed","template":"","meta":{"footnotes":""},"class_list":["post-11104","page","type-page","status-publish","hentry"],"_links":{"self":[{"href":"https:\/\/ecclesiae.de\/blog\/index.php?rest_route=\/wp\/v2\/pages\/11104","targetHints":{"allow":["GET"]}}],"collection":[{"href":"https:\/\/ecclesiae.de\/blog\/index.php?rest_route=\/wp\/v2\/pages"}],"about":[{"href":"https:\/\/ecclesiae.de\/blog\/index.php?rest_route=\/wp\/v2\/types\/page"}],"author":[{"embeddable":true,"href":"https:\/\/ecclesiae.de\/blog\/index.php?rest_route=\/wp\/v2\/users\/3"}],"replies":[{"embeddable":true,"href":"https:\/\/ecclesiae.de\/blog\/index.php?rest_route=%2Fwp%2Fv2%2Fcomments&post=11104"}],"version-history":[{"count":1,"href":"https:\/\/ecclesiae.de\/blog\/index.php?rest_route=\/wp\/v2\/pages\/11104\/revisions"}],"predecessor-version":[{"id":11105,"href":"https:\/\/ecclesiae.de\/blog\/index.php?rest_route=\/wp\/v2\/pages\/11104\/revisions\/11105"}],"up":[{"embeddable":true,"href":"https:\/\/ecclesiae.de\/blog\/index.php?rest_route=\/wp\/v2\/pages\/10912"}],"wp:attachment":[{"href":"https:\/\/ecclesiae.de\/blog\/index.php?rest_route=%2Fwp%2Fv2%2Fmedia&parent=11104"}],"curies":[{"name":"wp","href":"https:\/\/api.w.org\/{rel}","templated":true}]}}