{"id":11106,"date":"2022-07-29T11:32:57","date_gmt":"2022-07-29T11:32:57","guid":{"rendered":"http:\/\/ecclesiae.de\/blog\/?page_id=11106"},"modified":"2022-07-29T11:32:57","modified_gmt":"2022-07-29T11:32:57","slug":"denk-daran-in-finstern-leiden","status":"publish","type":"page","link":"https:\/\/ecclesiae.de\/blog\/?page_id=11106","title":{"rendered":"Denk daran in finstern Leiden"},"content":{"rendered":"\n<p><br>1.&nbsp; Denk daran im finstern Leide,<br>&nbsp; &nbsp;&nbsp; wenn dein Herz im Dunkel bebt:<br>&nbsp; &nbsp;&nbsp; Von der umgekehrten Seite,<br>&nbsp; &nbsp;&nbsp; Gott stets einen Teppich webt.<br><br>2.&nbsp; Sieh, wie gehn doch die F\u00e4den<br>&nbsp; &nbsp;&nbsp; links so bunt, bald kreuz bald quer.<br>&nbsp; &nbsp;&nbsp; du entdeckst bald nichts als Sch\u00e4den<br>&nbsp; &nbsp;&nbsp; als ob alles Wirrwarr w\u00e4r.<br><br>3.&nbsp; Welche w\u00fcste schlechte Decke!<br>&nbsp; &nbsp;&nbsp; rufst du voll Entt\u00e4uschung dann:<br>&nbsp; &nbsp;&nbsp; Wirf sie doch in eine Ecke,<br>&nbsp; &nbsp;&nbsp; wo sie niemand sehen kann.<br><br>4.&nbsp; Doch nur immer langsam Lieber!<br>&nbsp; &nbsp;&nbsp; Dreh doch mal das Kunstwerk um,<br>&nbsp; &nbsp;&nbsp; und du wunderst dich dar\u00fcber<br>&nbsp; &nbsp;&nbsp; wie du warst so schrecklich dumm!<br><br>5.&nbsp; Nein! Rufst du mit einer Tr\u00e4ne<br>&nbsp; &nbsp;&nbsp; wie geschmackvoll und wie fein!<br>&nbsp; &nbsp;&nbsp; Welche Harmonie und Sch\u00f6ne,<br>&nbsp; &nbsp;&nbsp; da ist auch kein Fehlerlein!<br><br>6.&nbsp; Merkst du, was ich dir will sagen,<br>&nbsp; &nbsp;&nbsp; mit dem Bild vom Teppich hier?<br>&nbsp; &nbsp;&nbsp; Lern vertrauen, statt zu klagen,<br>&nbsp; &nbsp;&nbsp; Gott macht alles recht mit dir .<br><br>7.&nbsp; &nbsp;Siehst du gleich auf dieser Erde<br>&nbsp; &nbsp;&nbsp; stets die linke Seite nur:<br>&nbsp; &nbsp;&nbsp; Nichts als Tr\u00fcbsal und Beschwerde<br>&nbsp; &nbsp;&nbsp; und von Gott auch keine Spur.<br><br>8.&nbsp; &nbsp;Glaube doch, da\u00df alle Pfade,<br>&nbsp; &nbsp;&nbsp; die der H\u00f6chste dich je f\u00fchrt,<br>&nbsp; &nbsp;&nbsp; voll von Liebe sind und Gnade,<br>&nbsp; &nbsp;&nbsp; wie sichs deinem Gott geb\u00fchrt.<br><br>9.&nbsp; Sei getrost, es kommt die Stunde,<br>&nbsp; &nbsp;&nbsp; wo vom ewgen Licht verkl\u00e4rt,<br>&nbsp; &nbsp;&nbsp; jede einst empfangne Wunde<br>&nbsp; &nbsp;&nbsp; deinen Ruhm und Preis vermehrt.<br><br>10. Was als Wirrwarr du beklagtest<br>&nbsp; &nbsp;&nbsp; zeigt in sch\u00f6ner Ordnung sich.<br>&nbsp; &nbsp;&nbsp; Jedes Opfer, das du brachtest,&nbsp;<br>&nbsp; &nbsp;&nbsp; freut dich nun ganz k\u00f6niglich.<br><br>11. Bald beginnt die Freudenernte<br>&nbsp; &nbsp;&nbsp; und die Tr\u00e4nensaat h\u00f6rt auf.<br>&nbsp; &nbsp;&nbsp; Wohl die Decke, welche lernte,<br>&nbsp; &nbsp;&nbsp; Gott vertraun im Pilgerlauf.<\/p>\n\n\n\n<p>Friedrich&nbsp; Traub<\/p>\n","protected":false},"excerpt":{"rendered":"<p>1.&nbsp; Denk daran im finstern Leide,&nbsp; &nbsp;&nbsp; wenn dein Herz im Dunkel bebt:&nbsp; &nbsp;&nbsp; Von der umgekehrten Seite,&nbsp; &nbsp;&nbsp; Gott stets einen Teppich webt. 2.&nbsp; Sieh, wie gehn doch die F\u00e4den&nbsp; &nbsp;&nbsp; links so bunt, bald kreuz bald quer.&nbsp; &nbsp;&nbsp; &hellip; <a href=\"https:\/\/ecclesiae.de\/blog\/?page_id=11106\">Weiterlesen <span class=\"meta-nav\">&rarr;<\/span><\/a><\/p>\n","protected":false},"author":3,"featured_media":0,"parent":10912,"menu_order":0,"comment_status":"closed","ping_status":"closed","template":"","meta":{"footnotes":""},"class_list":["post-11106","page","type-page","status-publish","hentry"],"_links":{"self":[{"href":"https:\/\/ecclesiae.de\/blog\/index.php?rest_route=\/wp\/v2\/pages\/11106","targetHints":{"allow":["GET"]}}],"collection":[{"href":"https:\/\/ecclesiae.de\/blog\/index.php?rest_route=\/wp\/v2\/pages"}],"about":[{"href":"https:\/\/ecclesiae.de\/blog\/index.php?rest_route=\/wp\/v2\/types\/page"}],"author":[{"embeddable":true,"href":"https:\/\/ecclesiae.de\/blog\/index.php?rest_route=\/wp\/v2\/users\/3"}],"replies":[{"embeddable":true,"href":"https:\/\/ecclesiae.de\/blog\/index.php?rest_route=%2Fwp%2Fv2%2Fcomments&post=11106"}],"version-history":[{"count":1,"href":"https:\/\/ecclesiae.de\/blog\/index.php?rest_route=\/wp\/v2\/pages\/11106\/revisions"}],"predecessor-version":[{"id":11107,"href":"https:\/\/ecclesiae.de\/blog\/index.php?rest_route=\/wp\/v2\/pages\/11106\/revisions\/11107"}],"up":[{"embeddable":true,"href":"https:\/\/ecclesiae.de\/blog\/index.php?rest_route=\/wp\/v2\/pages\/10912"}],"wp:attachment":[{"href":"https:\/\/ecclesiae.de\/blog\/index.php?rest_route=%2Fwp%2Fv2%2Fmedia&parent=11106"}],"curies":[{"name":"wp","href":"https:\/\/api.w.org\/{rel}","templated":true}]}}