{"id":11108,"date":"2022-07-29T11:34:38","date_gmt":"2022-07-29T11:34:38","guid":{"rendered":"http:\/\/ecclesiae.de\/blog\/?page_id=11108"},"modified":"2022-07-29T11:34:38","modified_gmt":"2022-07-29T11:34:38","slug":"des-heilands-herz","status":"publish","type":"page","link":"https:\/\/ecclesiae.de\/blog\/?page_id=11108","title":{"rendered":"Des Heilands Herz"},"content":{"rendered":"\n<p><br><br>Das ist mein allergr\u00f6\u00dfter Schmerz:<br>Dass ich es kenn, des Heilands Herz,<br>Dass es mich liebt &#8211; o Gott, wie sehr! &#8211;<br>Mir Gnaden gibt &#8211; und t\u00e4glich mehr, &#8211;<br>Und dass ich Nichts &#8211; noch nichts getan,<br>Was Seine Liebe lohnen kann!<br><br>Das ist mein allergr\u00f6\u00dfter Schmerz:<br>Die Huld von meines Heilands Herz,<br>Die Schuld, die mein\u00b4s tr\u00e4gt gegen Ihn,<br>Der mir das h\u00f6chste Gl\u00fcck verlieh\u00b4n,<br>Das Gl\u00fcck, der Kirche mich zu nah\u00b4n, &#8211;<br>Und &#8211; was hab ich f\u00fcr Ihn getan?<br><br>Das ist mein allergr\u00f6\u00dfter Schmerz,<br>Und o! es zittert d\u00b4rob mein Herz!<br>Er liebte mich in Schmerz und Blut,<br>Ja, bis zum Kreuz mit aller Glut,<br>Er gab f\u00fcr mich Sein Leben d\u00b4ran &#8211;<br>Und &#8211; was hab ich f\u00fcr Ihn getan?<br><br>Das ist mein allergr\u00f6\u00dfter Schmerz,<br>Und o! in Reu fast bricht mein Herz! &#8211;<br>Er ruft so oft mich zum Altar,<br>Und reicht mir dort Sich Selber dar,<br>Er kommt zu mir, &#8211; ich darf Ihm nah\u00b4n, &#8211;<br>Und &#8211; was hab ich f\u00fcr Ihn getan?<br><br>Ja &#8211; was hab ich f\u00fcr Ihn getan?<br>Ans Kreuz schlug meine S\u00fcnd\u00b4 Ihn an,<br>Mit Gei\u00dfeln hat sie Ihn zerfetzt,<br>Die Dornenkron Ihm aufgesetzt;<br>Das war mein Tun, o gro\u00dfer Gott, &#8211;<br>Die Lieb zu mir bracht Ihm den &#8211; Tod!<br><br>Und was hab ich noch sonst getan?<br>Ich sah geschaff\u00b4ne Dinge an,<br>Ich liebte Viel, allein nicht Ihn, &#8211;<br>Hat immer dieses Herz verlieh\u00b4n,<br>Bald hier, bald dort, bald ernst, bald leicht,<br>Statt dass ich ganz es Ihm gereicht!<br><br>Und was hab ich f\u00fcr Ihn getan?<br>Ob heut ich wahr es sagen kann,<br>Dass mich kein einz\u00b4ger Faden h\u00e4lt<br>Und heftet an die eitle Welt?<br>Der Mund verstummt, &#8211; das Aug sich neigt,<br>Die Tr\u00e4ne quillt, &#8211; die Antwort schweigt!<br><br>Und was hab ich f\u00fcr Ihn getan? &#8211;<br>So hebt\u00b4s noch einmal in mir an!<br>Die Stimme l\u00e4sst mir keine Ruh\u00b4,<br>Sie fragt und fragt mich immerzu,<br>Fragt Tag und Nacht, fragt ohne End\u00b4, &#8211;<br>Ach, dass sie einmal Antwort f\u00e4nd!<br><br>Und was will jetzt f\u00fcr Ihn ich tun? &#8211;<br>Da bin ich, Herr, und nimm mich nun!<br>Ist\u00b4s auch schon sp\u00e4t! zur eilsten Stund<br>D\u00fcnkt Dich ein Herz noch guter Fund,<br>Und ob\u00b4s bisher auch Nichts getan,<br>Du nimmst\u00b4s auch dann noch liebreich an!<br><br>Jetzt will ich Alles f\u00fcr Dich tun,<br>Mein Herr und Gott, und nicht mehr ruh\u00b4n,<br>Bis dass mein Leben Tag und Nacht<br>Zu Deiner Ehr\u00b4 &nbsp;ich zugebracht;<br>O, sag\u00b4 es mir noch heute an,<br>Wie ich Dir tun das Meiste kann!<br><br>Herr, sieh! hier brennt das ew\u00b4ge Licht,<br>Was das Dir tut, darf ich es nicht? &#8211;<br>Hier leuchten still im Heiligtum,<br>Hier leben nur zu Deinem Ruhm,<br>Hier leiden, sterben, Herr, f\u00fcr Dich,<br>Bis einst es &#8222;Lichtmess&#8220; wird f\u00fcr mich!<br>(Cordula Peregrina 1845 -1916)<\/p>\n","protected":false},"excerpt":{"rendered":"<p>Das ist mein allergr\u00f6\u00dfter Schmerz:Dass ich es kenn, des Heilands Herz,Dass es mich liebt &#8211; o Gott, wie sehr! &#8211;Mir Gnaden gibt &#8211; und t\u00e4glich mehr, &#8211;Und dass ich Nichts &#8211; noch nichts getan,Was Seine Liebe lohnen kann! Das ist &hellip; <a href=\"https:\/\/ecclesiae.de\/blog\/?page_id=11108\">Weiterlesen <span class=\"meta-nav\">&rarr;<\/span><\/a><\/p>\n","protected":false},"author":3,"featured_media":0,"parent":10912,"menu_order":0,"comment_status":"closed","ping_status":"closed","template":"","meta":{"footnotes":""},"class_list":["post-11108","page","type-page","status-publish","hentry"],"_links":{"self":[{"href":"https:\/\/ecclesiae.de\/blog\/index.php?rest_route=\/wp\/v2\/pages\/11108","targetHints":{"allow":["GET"]}}],"collection":[{"href":"https:\/\/ecclesiae.de\/blog\/index.php?rest_route=\/wp\/v2\/pages"}],"about":[{"href":"https:\/\/ecclesiae.de\/blog\/index.php?rest_route=\/wp\/v2\/types\/page"}],"author":[{"embeddable":true,"href":"https:\/\/ecclesiae.de\/blog\/index.php?rest_route=\/wp\/v2\/users\/3"}],"replies":[{"embeddable":true,"href":"https:\/\/ecclesiae.de\/blog\/index.php?rest_route=%2Fwp%2Fv2%2Fcomments&post=11108"}],"version-history":[{"count":1,"href":"https:\/\/ecclesiae.de\/blog\/index.php?rest_route=\/wp\/v2\/pages\/11108\/revisions"}],"predecessor-version":[{"id":11109,"href":"https:\/\/ecclesiae.de\/blog\/index.php?rest_route=\/wp\/v2\/pages\/11108\/revisions\/11109"}],"up":[{"embeddable":true,"href":"https:\/\/ecclesiae.de\/blog\/index.php?rest_route=\/wp\/v2\/pages\/10912"}],"wp:attachment":[{"href":"https:\/\/ecclesiae.de\/blog\/index.php?rest_route=%2Fwp%2Fv2%2Fmedia&parent=11108"}],"curies":[{"name":"wp","href":"https:\/\/api.w.org\/{rel}","templated":true}]}}