{"id":11110,"date":"2022-07-29T11:41:13","date_gmt":"2022-07-29T11:41:13","guid":{"rendered":"http:\/\/ecclesiae.de\/blog\/?page_id=11110"},"modified":"2022-07-29T11:41:13","modified_gmt":"2022-07-29T11:41:13","slug":"gedicht-zu-ehren-des-hl-raphael","status":"publish","type":"page","link":"https:\/\/ecclesiae.de\/blog\/?page_id=11110","title":{"rendered":"Gedicht zu Ehren des hl. Raphael:"},"content":{"rendered":"\n<p>Glanz des Vaters, Kraft und Leben!<br>Zieh&#8216; der Deinen Herz empor.<br>Dir, wo Engel Dich umschweben,<br>bringen unser Fleh&#8217;n wir vor.<br>Unser eifriges Bestreben<br>lobet Dich im Wechselchor.<br>Die Verehrung zu erneuen<br>f\u00fcr des Himmels F\u00fcrstenstaat;<br>Heil Dir, Raphael, dem treuen<br>Freund, Begleiter, Arzt und Rat!<br>Den die H\u00f6llenm\u00e4chte scheuen,<br>die Dein Mut gefesselt hat.<br>Lass ihn unser Sch\u00fctzer bleiben,<br>Herr der Sanftmut und Geduld!<br>Er soll Feindes List vertreiben;<br>Herz und Leib sei ohne Schuld!<br>Uns dem Himmel einverleiben<br>kann nur einzig Deine Huld!<br>(Quelle: Christenbuch von Dr. Franz Brenner, 1903)<\/p>\n","protected":false},"excerpt":{"rendered":"<p>Glanz des Vaters, Kraft und Leben!Zieh&#8216; der Deinen Herz empor.Dir, wo Engel Dich umschweben,bringen unser Fleh&#8217;n wir vor.Unser eifriges Bestrebenlobet Dich im Wechselchor.Die Verehrung zu erneuenf\u00fcr des Himmels F\u00fcrstenstaat;Heil Dir, Raphael, dem treuenFreund, Begleiter, Arzt und Rat!Den die H\u00f6llenm\u00e4chte scheuen,die &hellip; <a href=\"https:\/\/ecclesiae.de\/blog\/?page_id=11110\">Weiterlesen <span class=\"meta-nav\">&rarr;<\/span><\/a><\/p>\n","protected":false},"author":3,"featured_media":0,"parent":10912,"menu_order":0,"comment_status":"closed","ping_status":"closed","template":"","meta":{"footnotes":""},"class_list":["post-11110","page","type-page","status-publish","hentry"],"_links":{"self":[{"href":"https:\/\/ecclesiae.de\/blog\/index.php?rest_route=\/wp\/v2\/pages\/11110","targetHints":{"allow":["GET"]}}],"collection":[{"href":"https:\/\/ecclesiae.de\/blog\/index.php?rest_route=\/wp\/v2\/pages"}],"about":[{"href":"https:\/\/ecclesiae.de\/blog\/index.php?rest_route=\/wp\/v2\/types\/page"}],"author":[{"embeddable":true,"href":"https:\/\/ecclesiae.de\/blog\/index.php?rest_route=\/wp\/v2\/users\/3"}],"replies":[{"embeddable":true,"href":"https:\/\/ecclesiae.de\/blog\/index.php?rest_route=%2Fwp%2Fv2%2Fcomments&post=11110"}],"version-history":[{"count":1,"href":"https:\/\/ecclesiae.de\/blog\/index.php?rest_route=\/wp\/v2\/pages\/11110\/revisions"}],"predecessor-version":[{"id":11111,"href":"https:\/\/ecclesiae.de\/blog\/index.php?rest_route=\/wp\/v2\/pages\/11110\/revisions\/11111"}],"up":[{"embeddable":true,"href":"https:\/\/ecclesiae.de\/blog\/index.php?rest_route=\/wp\/v2\/pages\/10912"}],"wp:attachment":[{"href":"https:\/\/ecclesiae.de\/blog\/index.php?rest_route=%2Fwp%2Fv2%2Fmedia&parent=11110"}],"curies":[{"name":"wp","href":"https:\/\/api.w.org\/{rel}","templated":true}]}}