{"id":11112,"date":"2022-07-29T11:46:55","date_gmt":"2022-07-29T11:46:55","guid":{"rendered":"http:\/\/ecclesiae.de\/blog\/?page_id=11112"},"modified":"2022-07-29T11:46:55","modified_gmt":"2022-07-29T11:46:55","slug":"maria-hat-geholfen","status":"publish","type":"page","link":"https:\/\/ecclesiae.de\/blog\/?page_id=11112","title":{"rendered":"Maria hat geholfen"},"content":{"rendered":"\n<p>Geholfen hat Maria mir!<br>Laut will ich es sagen und singen,<br>An dieser Gnadenst\u00e4tte hier<br>das freudige Loblied ihr bringen.<br>Geholfen hat ihr Mutterherz<br>dem weinenden Kinde, dem armen,<br>es frei gemacht von Schuld und Schmerz<br>mit f\u00fchlendem Liebeserbarmen.<br><br>Geholfen hat Maria mir,<br>ach, weit \u00fcber Bitten und Hoffen.<br>H\u00e4tt&#8216; nie gedacht, da\u00df nochmals hier<br>so reich mir das Gl\u00fcck st\u00fcnde offen!<br>Geholfen hat sie wunderbar,<br>wo jegliche Hilf&#8216; schien verloren,<br>wenn eben noch voller Schmerz ich war,<br>jetzt f\u00fchl&#8216; ich wie neu mich geboren.<br><br>Geholfen hat Maria mir,<br>da lang ich im Elend geschmachtet.<br>Schien doch f\u00fcr alle Zeiten hier<br>mein Leben von Not wie umnachtet.<br>Geholfen hat sie doch zuletzt,<br>nur mu\u00dfte Geduld ich erst lernen,<br>um doppelt froh und dankbar jetzt<br>mich mehr als erh\u00f6rt zu entfernen.<br><br>Geholfen hat Maria mir!<br>Das bleibe mein Ruf bis ans Ende,<br>das haucht die erblassende Lippe hier,<br>wenn selig den Lauf ich vollende.<br>Geholfen hat sie mir zugleich<br>am Leib sowie an der Seele,<br>da\u00df ich von ihrer Huld so reich<br>vor der Welt und im Himmel erz\u00e4hle.<br>Cordula Peregrina 1845 -1916<br><br><\/p>\n","protected":false},"excerpt":{"rendered":"<p>Geholfen hat Maria mir!Laut will ich es sagen und singen,An dieser Gnadenst\u00e4tte hierdas freudige Loblied ihr bringen.Geholfen hat ihr Mutterherzdem weinenden Kinde, dem armen,es frei gemacht von Schuld und Schmerzmit f\u00fchlendem Liebeserbarmen. Geholfen hat Maria mir,ach, weit \u00fcber Bitten und &hellip; <a href=\"https:\/\/ecclesiae.de\/blog\/?page_id=11112\">Weiterlesen <span class=\"meta-nav\">&rarr;<\/span><\/a><\/p>\n","protected":false},"author":3,"featured_media":0,"parent":10912,"menu_order":0,"comment_status":"closed","ping_status":"closed","template":"","meta":{"footnotes":""},"class_list":["post-11112","page","type-page","status-publish","hentry"],"_links":{"self":[{"href":"https:\/\/ecclesiae.de\/blog\/index.php?rest_route=\/wp\/v2\/pages\/11112","targetHints":{"allow":["GET"]}}],"collection":[{"href":"https:\/\/ecclesiae.de\/blog\/index.php?rest_route=\/wp\/v2\/pages"}],"about":[{"href":"https:\/\/ecclesiae.de\/blog\/index.php?rest_route=\/wp\/v2\/types\/page"}],"author":[{"embeddable":true,"href":"https:\/\/ecclesiae.de\/blog\/index.php?rest_route=\/wp\/v2\/users\/3"}],"replies":[{"embeddable":true,"href":"https:\/\/ecclesiae.de\/blog\/index.php?rest_route=%2Fwp%2Fv2%2Fcomments&post=11112"}],"version-history":[{"count":1,"href":"https:\/\/ecclesiae.de\/blog\/index.php?rest_route=\/wp\/v2\/pages\/11112\/revisions"}],"predecessor-version":[{"id":11113,"href":"https:\/\/ecclesiae.de\/blog\/index.php?rest_route=\/wp\/v2\/pages\/11112\/revisions\/11113"}],"up":[{"embeddable":true,"href":"https:\/\/ecclesiae.de\/blog\/index.php?rest_route=\/wp\/v2\/pages\/10912"}],"wp:attachment":[{"href":"https:\/\/ecclesiae.de\/blog\/index.php?rest_route=%2Fwp%2Fv2%2Fmedia&parent=11112"}],"curies":[{"name":"wp","href":"https:\/\/api.w.org\/{rel}","templated":true}]}}