{"id":11114,"date":"2022-07-31T13:01:17","date_gmt":"2022-07-31T13:01:17","guid":{"rendered":"http:\/\/ecclesiae.de\/blog\/?page_id=11114"},"modified":"2022-07-31T13:01:17","modified_gmt":"2022-07-31T13:01:17","slug":"novene-zur-goettlichen-barmherzigkeit","status":"publish","type":"page","link":"https:\/\/ecclesiae.de\/blog\/?page_id=11114","title":{"rendered":"Novene zur g\u00f6ttlichen Barmherzigkeit"},"content":{"rendered":"\n<p>Jesus befahl Schwester Faustine diese Novene<br>f\u00fcr die Vorbereitung auf das Fest der g\u00f6ttlichen Barmherzigkeit niederzuschreiben,<br>das nach seinem Wunsch am ersten Sonntag nach Ostern gefeiert werden soll.<\/p>\n\n\n\n<p>DIE &nbsp;NOVENE &nbsp;MUSS &nbsp;DAHER &nbsp;AM &nbsp;KARFREITAG &nbsp;BEGONNEN &nbsp;WERDEN.<\/p>\n\n\n\n<p>Doch kann man sie auch sonst zu jeder Zeit des Jahres verrichten.<\/p>\n\n\n\n<p>Dazu will der Herr,<br>dass t\u00e4glich der Rosenkranz zur g\u00f6ttlichen Barmherzigkeit gebetet wird,<br>und &nbsp;zwar in den Anliegen, die Er selbst &nbsp;Schwester Faustine nannte:<\/p>\n\n\n\n<p>Ich w\u00fcnsche, dass du w\u00e4hrend dieser neun Tage alle Seelen zur Quelle Meiner Barmherzigkeit f\u00fchrst, damit sie dort Kraft und Trost sch\u00f6pfen und Gnaden aller Art,<br>die sie f\u00fcr die Beschwerden des Lebens, besonders aber in der Todesstunde brauchen.<br>Jeden Tag wirst du eine andere Gruppe von Seelen zu meinem Herzen bringen und sie<br>in das Meer Meiner Barmherzigkeit tauchen\u2026<\/p>\n\n\n\n<p>ERSTER &nbsp;TAG<\/p>\n\n\n\n<p>JESUS:<\/p>\n\n\n\n<p>Heute f\u00fchre mir die ganze Menschheit zu,<br>besonders alle S\u00fcnder,<br>und tauche sie ein in den Ozean Meiner Barmherzigkeit.<br>Damit verringerst du Meine bittere Trauer um die verlorenen Seelen.<br>Beten wir durch die F\u00fcrbitte der Mutter der Barmherzigkeit<br>um Erbarmen f\u00fcr die ganze Menschheit, besonders f\u00fcr die S\u00fcnder.<br>Barmherziger Jesus, der du voller Erbarmen und Verzeihen bist,<br>schau nicht auf unsere S\u00fcnden, sondern auf unser Vertrauen, das wir in Deine unendliche G\u00fcte setzten.<br>Nimm uns auf in Dein mitleidvollstes Herz.<br>Darum bitten wir Dich durch die Liebe, die Dich mit dem Vater<br>und dem Heiligen Geist vereint.<br>Ewiger Vater, blicke in Deiner unendlichen Barmherzigkeit<br>auf die ganze Menschheit herab, besonders auf die armen S\u00fcnder.<br>Erbarme Dich unser durch das schmerzhafte Leiden Deines Sohnes,<br>unseres Herrn Jesus Christus, damit wir alle die Allmacht<br>Deiner Barmherzigkeit in Ewigkeit lobpreisen.<br>Amen.<br><br><a href=\"https:\/\/br-thomas-apostolat.de\/rosenkranz\/Rk-Sr-Faustyna.htm\">Rosenkranz zur g\u00f6ttlichen Barmherzigkeit.<\/a><\/p>\n\n\n\n<p>ZWEITER &nbsp;TAG<\/p>\n\n\n\n<p>JESUS:<\/p>\n\n\n\n<p>Heute f\u00fchre Mir alle Priester und Gottgeweihten zu;<br>tauche sie ein in Meine abgrundtiefe Barmherzigkeit.<br>Sie gaben Mir die Kraft,<br>Mein bitteres Leiden durchzustehen.<br>Durch sie wird sich Meine Barmherzigkeit<br>\u00fcber die ganze Menschheit ergiessen.<br>Beten wir f\u00fcr die Priester und Ordensleute, durch die F\u00fcrbitte<br>der Mutter der Kirche, der Vermittlerin aller Gnaden.<br>Barmherziger Jesus, von Dir kommt alles Gute,<br>wir bitten Dich, \u00a0vermehre die Gnaden<br>in den Seelen der Priester und Ordensleute,<br>damit sie ihre heilige Berufung tief erkennen<br>und mit vertrauensvoller Hingabe<br>die Werke Deiner Barmherzigkeit vollbringen.<br>Gib, dass sie die Seelen durch ihr Vorbild<br>dem Vater der Barmherzigkeit zuf\u00fchren<br>und Ihn verherrlichen.<br>Himmlischer Vater, schau g\u00fctig auf Deine Auserw\u00e4hlten<br>und lass ihnen die Gnade Deines Segens zukommen,<br>damit sie durch die Verdienste \u00a0Deines Sohnes voll Eifer<br>f\u00fcr das Heil der Menschen wirken<br>und ihnen die F\u00fclle Deines Erbarmens erlangen.<br>Amen.<br><br><a href=\"https:\/\/br-thomas-apostolat.de\/rosenkranz\/Rk-Sr-Faustyna.htm\">Rosenkranz zur g\u00f6ttlichen Barmherzigkeit<\/a><\/p>\n\n\n\n<p>DRITTER &nbsp;TAG<\/p>\n\n\n\n<p>JESUS:<\/p>\n\n\n\n<p>Heute f\u00fchre Mir alle treuen und<br>frommen Seelen zu; tauche sie ein<br>in den Ozean \u00a0Meiner Barmherzigkeit.<br>Diese Seelen st\u00e4rkten Mich<br>auf Meinem Leidensweg;<br>sie waren der Tropfen Trost \u00a0im Meer<br>Meiner Bitternis. Beten wir f\u00fcr jene,<br>die treu am wahren \u00a0Glauben festhalten,<br>durch die F\u00fcrbitte Mariens, der Hilfe der Christen.<br>Barmherziger Jesus,<br>der Du die Gnadensch\u00e4tze Deiner Barmherzigkeit<br>im \u00dcbermass allen \u00a0Menschen schenken willst,<br>wir flehen Dich an, \u00a0ermutige alle treuen Seelen<br>mit der Gnade der Beharrlichkeit<br>und entflamme sie<br>mit Deiner unfassbaren Liebe zum Himmlischen Vater.<br>G\u00fctiger Vater, schau voll Liebe auf die getreuen Seelen.<br>Um des bitteren Leidens Deines Sohnes willen<br>lass sie erstarken \u00a0in der Gnadenf\u00fclle<br>des Heiligen Geistes,<br>damit sie mit allen Engeln und Heiligen<br>Deine unendliche Barmherzigkeit<br>in Ewigkeit lobpreisen.<br>Amen.<br><br><a href=\"https:\/\/br-thomas-apostolat.de\/rosenkranz\/Rk-Sr-Faustyna.htm\">Rosenkranz zur g\u00f6ttlichen Barmherzigkeit.<\/a><\/p>\n\n\n\n<p>VIERTER &nbsp;TAG<\/p>\n\n\n\n<p>JESUS:<\/p>\n\n\n\n<p>Heute f\u00fchre Mir die Heiden zu und jene,<br>die Mich noch nicht kennen.<br>W\u00e4hrend Meines bitteren Leidens &nbsp;habe Ich auch ihrer gedacht,<br>und ihr sp\u00e4ter Eifer tr\u00f6stete Mein Herz.<br>Tauche sie ein<br>in das Meer Meiner Barmherzigkeit.<br>Beten wir f\u00fcr die Heiden und Ungl\u00e4ubigen durch die F\u00fcrsprache<br>der Mutter aller Menschen.<br>Barmherziger Jesus, &nbsp;Du bist das Licht der Welt, befreie alle,<br>die Dich noch nicht kennen,<br>aus der Finsternis ihres Geistes<br>und lass sie in Deinem Herzen Ruhe und wahren Frieden finden.<br>M\u00f6gen die Strahlen Deiner Gnade sie erleuchten,<br>dass auch sie die Herrlichkeit Deiner Barmherzigkeit lobpreisen.<br>Ewiger Vater,<br>blicke gn\u00e4dig herab auf die Seelen der Heiden und Ungl\u00e4ubigen.<br>F\u00fchre sie zur Erkenntnis der Wahrheit des Evangeliums Deines Sohnes,<br>damit sie die ewigen Freuden des Himmels erlangen<br>und Dein Erbarmen in Ewigkeit verherrlichen.<br>Amen.<\/p>\n\n\n\n<p><a href=\"https:\/\/br-thomas-apostolat.de\/rosenkranz\/Rk-Sr-Faustyna.htm\">Rosenkranz zur g\u00f6ttlichen Barmherzigkeit.<\/a><\/p>\n\n\n\n<p>F\u00dcNFTER &nbsp;TAG<\/p>\n\n\n\n<p>JESUS:<\/p>\n\n\n\n<p>Bringe mir heute die Seelen der Ketzer und Abtr\u00fcnnigen;<br>tauche sie ein in das Meer &nbsp;Meiner Barmherzigkeit<br>. Sie waren es,<br>die Meinen Leib und Mein Herz<br>in Meinem bitteren Leiden zerfleischten.<br>Kehren sie aber in den Schoss der Kirche zur\u00fcck,<br>so heilen sie Meine Wunden<br>und tr\u00f6sten Mich in Meinen Qualen.<br>Beten wir f\u00fcr die vom Glauben Abgefallenen und die Irrenden<br>im Vertrauen auf die machtvolle F\u00fcrbitte Mariens,<br>der Zuflucht der S\u00fcnder,<br>der \u00dcberwinderin aller teuflischen Bosheit und Verkehrtheit.<br>Barmherziger Jesus,<br>Du bist die G\u00fcte selbst und versagst keinem das Licht Deiner Gnade,<br>wenn er es von Dir erbittet.<br>Nimm alle Ketzer, Abtr\u00fcnnige &nbsp;und im Glauben Irrende auf<br>in Dein erbarmungsvolles Herz<br>und f\u00fchre sie in den Schoss der Kirche zur\u00fcck,<br>damit sie Deine unergr\u00fcndliche Barmherzigkeit loben und preisen.<br>Unendlich heiliger Gott,<br>ewiger Vater,<br>hab\u2019 Erbarmen mit den untreu gewordenen und irrenden Seelen,<br>die Deine Gnaden missbrauchen.<br>Achte nicht auf ihre Bosheit um der Liebe<br>und des bitteren Leidens Deines Sohnes willen,<br>der so innig um die Einheit seiner Kirche gebetet hat.<br>Amen.<\/p>\n\n\n\n<p><a href=\"https:\/\/br-thomas-apostolat.de\/rosenkranz\/Rk-Sr-Faustyna.htm\">Rosenkranz zur g\u00f6ttlichen Barmherzigkeit.<\/a><\/p>\n\n\n\n<p>SECHSTER &nbsp;TAG<\/p>\n\n\n\n<p>JESUS:<\/p>\n\n\n\n<p>Bringe mir heute die sanftm\u00fctigen, dem\u00fctigen Seelen<br>und die kleinen Kinder: tauche sie ein in meine Barmherzigkeit.<br>Sie die meinem Herzen am \u00e4hnlichsten sind,<br>st\u00e4rkten Mich in Meinen bitteren Todesqualen.<br>\u00dcber sie giesse Ich Str\u00f6me von Gnaden aus,<br>denn nur dem\u00fctige Seelen,<br>in die Ich Mein Vertrauen setze,<br>k\u00f6nnen Meine Gaben empfangen.<br>Beten wir f\u00fcr die sanftm\u00fctigen Seelen, die kindlich vertrauen,<br>und f\u00fcr die Kinder durch die F\u00fcrbitte &nbsp;unserer himmlischen Mutter,<br>der dem\u00fctigsten Magd des Herrn, die Gott zur K\u00f6nigin des Himmels<br>und er Erde erhoben hat. Barmherziger Jesus,<br>Du hast gesagt: &nbsp;Lernet von Mir,<br>denn Ich bin sanftm\u00fctig &nbsp;und dem\u00fctig von Herzen. &nbsp;(Mt. 11\/29)<br>Wir bitten Dich, ziehe die Kleinen und jene Seelen,<br>die wie sie sanftm\u00fctig &nbsp;und dem\u00fctig geworden sind,<br>an Dein heiligstes Herz.<br>M\u00f6gen sie Dich wie duftende Blumen vor Deinem<br>g\u00f6ttlichen Thron erfreuen. &nbsp;Bewahre sie in Deinem Herzen<br>zum Lobpreis Deiner barmherzigen Liebe.<br>Vater des Erbarmens und Gott allen Trostes, (2 Kor. 1\/3)<br>blicke in Gnaden hernieder<br>auf diese Dir wohlgef\u00e4lligen Seelen, die dem Herzen<br>Deines Sohnes \u00e4hnlich sind;<br>um ihrer willen segne die ganze Welt, damit alle<br>Deine unermessliche Barmherzigkeit lobpreisen.<br>Amen.<\/p>\n\n\n\n<p><a href=\"https:\/\/br-thomas-apostolat.de\/rosenkranz\/Rk-Sr-Faustyna.htm\">Rosenkranz zur g\u00f6ttlichen Barmherzigkeit<\/a>.<\/p>\n\n\n\n<p>SIEBTER &nbsp;TAG<\/p>\n\n\n\n<p>JESUS:<\/p>\n\n\n\n<p>Bringe Mir heute die Seelen, die Meine Barmherzigkeit<br>ganz besonders verehren &nbsp;und verherrlichen.<br>Diese Seelen nehmen am meisten Anteil<br>an Meinem Leiden<br>und dringen am tiefsten ein in Meinen Geist.<br>Als lebendige Abbilder Meines erbarmungsvollen Herzens<br>werden sie im k\u00fcnftigen Leben in einzigartigem Glanz erstrahlen;<br>keine wird dem Feuer der H\u00f6lle verfallen.<br>In der Todesstunde werde Ich ihnen allen beistehen.<br>Beten wir f\u00fcr jene, die Gottes Barmherzigkeit besonders verehren<br>und verherrlichen<br>durch die F\u00fcrbitte der Mutter der Barmherzigkeit.<br>G\u00fctiger Jesus,<br>Dein Herz str\u00f6mt \u00fcber von erbarmender Liebe; lass alle Apostel<br>Deiner Barmherzigkeit geborgen sein in Deinem Schutz.<br>St\u00e4rke ihr Vertrauen auf Deine allm\u00e4chtige Hilfe<br>in allen Leiden und Pr\u00fcfungen,<br>die sie auf sich nehmen, um vereint mit Dir unaufh\u00f6rlich Gnade<br>und Barmherzigkeit f\u00fcr die ganze Menschheit<br>vom Himmlischen Vater zu erwirken.<br>Gib, dass sie in ihrem Eifer nie erlahmen.<br>In ihrer Todesstunde sei ihnen nicht Richter, sondern<br>barmherziger Erl\u00f6ser.<br>Ewiger Vater, schau gn\u00e4dig auf die Seelen, die Deine unerforschliche<br>Barmherzigkeit &nbsp;besonders verehren und verherrlichen.<br>In der treuen Nachfolge Deines Sohnes<br>bem\u00fchen sie sich voll Hingabe, Zeugen Deines Erbarmens zu sein.<br>Entflamme sie mit immer gr\u00f6sserer Liebe<br>und schenke ihnen ein grenzenloses Vertrauen auf Deine G\u00fcte,<br>damit sie die Verheissung des Erl\u00f6sers erlangen,<br>im Leben besonders aber in der Todesstunde<br>den Schutz Deiner Barmherzigkeit zu erfahren.<br>Amen.<\/p>\n\n\n\n<p><a href=\"https:\/\/br-thomas-apostolat.de\/rosenkranz\/Rk-Sr-Faustyna.htm\">Rosenkranz zur g\u00f6ttlichen Barmherzigkeit.<\/a><\/p>\n\n\n\n<p>ACHTER &nbsp;TAG<\/p>\n\n\n\n<p>JESUS:<\/p>\n\n\n\n<p>Heute f\u00fchre Mir die Seelen im Fegefeuer zu<br>und versenke sie in den Abgrund Meiner Barmherzigkeit,<br>damit die Str\u00f6me Meines Blutes ihre Leiden lindern.<br>Diese Seelen werden von Mir sehr geliebt,<br>w\u00e4hrend sie Meiner Gerechtigkeit Genugtuung leisten.<br>Ihr k\u00f6nnt ihnen Linderung verschaffen<br>aus den Sch\u00e4tzen der Kirche,<br>durch Abl\u00e4sse, Gebete und Opfer der Wiedergutmachung.<br>O w\u00fcsstet ihr um ihre Qualen, ihr w\u00fcrdet nicht aufh\u00f6ren,<br>f\u00fcr sie zu beten und zu opfern,<br>um ihre Schuld an Meine Gerechtigkeit abzutragen.<br>Beten wir f\u00fcr die Armen Seelen im Fegefeuer<br>durch die F\u00fcrbitte der Tr\u00f6sterin der Betr\u00fcbten,<br>die unabl\u00e4ssig f\u00fcr sie am Throne Gottes eintritt.<br>Barmherziger Heiland, Du hast gesagt:<br>Seid barmherzig, wie Mein Vater barmherzig ist,<br>wir bitten Dich, erbarme Dich der Seelen im Fegefeuer.<br>Lass die Str\u00f6me Deines kostbaren Blutes und Wassers,<br>die aus Deinem Herzen hervorgegangen sind,<br>die Glut ihres reinigenden Feuers l\u00f6schen,<br>damit das unermessliche Leid dieser Seelen<br>sich in erl\u00f6sende Freude wandle<br>und sie in Ewigkeit die Macht Deiner Barmherzigkeit preisen.<br>Barmherziger Vater, schau in Deiner unendlichen Liebe<br>auf die Seelen im Reinigungsort.<br>Um des bitteren Leidens Deines Sohnes willen,<br>durch sein Blut und seine Wunden<br>erweise ihnen die F\u00fclle Deines Erbarmens.<br>Amen.<\/p>\n\n\n\n<p><a href=\"https:\/\/br-thomas-apostolat.de\/rosenkranz\/Rk-Sr-Faustyna.htm\">Rosenkranz zur g\u00f6ttlichen Barmherzigkeit.<\/a><\/p>\n\n\n\n<p>NEUNTER &nbsp;TAG<\/p>\n\n\n\n<p>JESUS:<\/p>\n\n\n\n<p>Bringe Mir heute die lauen Seelen<br>und tauche sie ein<br>in das Meer Meiner Barmherzigkeit.<br>Diese Seelen verwunden Mein Herz am schmerzlichsten.<br>Vor ihnen empfand Meine Seele am meisten Abscheu im \u00d6lgarten,<br>und sie entrissen Mir die Klage:<br>Vater, lass diesen Kelch an Mir vor\u00fcbergehen!<br>Doch nicht Mein sondern Dein Wille geschehe.<br>F\u00fcr sie ist Meine Barmherzigkeit die letzte Rettung.<br>Beten wir f\u00fcr die lauen Seelen und empfehlen wir sie<br>der besonderen F\u00fcrsprache Mariens,<br>der Zuflucht der S\u00fcnder.<br>G\u00fctigster Jesus, in Deinem erl\u00f6senden Leiden umf\u00e4ngst Du alle Seelen;<br>birg in Deiner unendlichen Barmherzigkeit alle lauen,<br>erkalteten Seelen in Deinem gemarterten Herzen<br>und erw\u00e4rme sie am Feuer Deiner g\u00f6ttlichen Liebe.<br>Beseele sie mit neuem Eifer,<br>Dir zu dienen und aus Deinen unendlichen Verdiensten<br>ihr ewiges Heil zu erlangen.<br>Ewiger Vater, schau voll Erbarmen auf die lauen Seelen,<br>die dem Herzen Deines Sohnes unermesslichen Schmerz zuf\u00fcgen.<br>Zeige Dich durch sein heiliges Leiden und Sterben vers\u00f6hnt,<br>das er im heiligen Messopfer auf unseren Alt\u00e4ren<br>unaufh\u00f6rlich gegenw\u00e4rtigsetzt,<br>und schenke ihnen die Gnade der Bekehrung,<br>damit sie Deine g\u00f6ttliche Barmherzigkeit<br>jetzt und dereinst im Himmel dankbar loben und preisen.<br>Amen.<\/p>\n\n\n\n<p><a href=\"https:\/\/br-thomas-apostolat.de\/rosenkranz\/Rk-Sr-Faustyna.htm\">Rosenkranz zur g\u00f6ttlichen Barmherzigkeit.<\/a><\/p>\n\n\n\n<p>(Aus WBL Werk der Barmherzigen Liebe)<\/p>\n","protected":false},"excerpt":{"rendered":"<p>Jesus befahl Schwester Faustine diese Novenef\u00fcr die Vorbereitung auf das Fest der g\u00f6ttlichen Barmherzigkeit niederzuschreiben,das nach seinem Wunsch am ersten Sonntag nach Ostern gefeiert werden soll. DIE &nbsp;NOVENE &nbsp;MUSS &nbsp;DAHER &nbsp;AM &nbsp;KARFREITAG &nbsp;BEGONNEN &nbsp;WERDEN. Doch kann man sie auch sonst &hellip; <a href=\"https:\/\/ecclesiae.de\/blog\/?page_id=11114\">Weiterlesen <span class=\"meta-nav\">&rarr;<\/span><\/a><\/p>\n","protected":false},"author":3,"featured_media":0,"parent":10370,"menu_order":0,"comment_status":"closed","ping_status":"closed","template":"","meta":{"footnotes":""},"class_list":["post-11114","page","type-page","status-publish","hentry"],"_links":{"self":[{"href":"https:\/\/ecclesiae.de\/blog\/index.php?rest_route=\/wp\/v2\/pages\/11114","targetHints":{"allow":["GET"]}}],"collection":[{"href":"https:\/\/ecclesiae.de\/blog\/index.php?rest_route=\/wp\/v2\/pages"}],"about":[{"href":"https:\/\/ecclesiae.de\/blog\/index.php?rest_route=\/wp\/v2\/types\/page"}],"author":[{"embeddable":true,"href":"https:\/\/ecclesiae.de\/blog\/index.php?rest_route=\/wp\/v2\/users\/3"}],"replies":[{"embeddable":true,"href":"https:\/\/ecclesiae.de\/blog\/index.php?rest_route=%2Fwp%2Fv2%2Fcomments&post=11114"}],"version-history":[{"count":1,"href":"https:\/\/ecclesiae.de\/blog\/index.php?rest_route=\/wp\/v2\/pages\/11114\/revisions"}],"predecessor-version":[{"id":11115,"href":"https:\/\/ecclesiae.de\/blog\/index.php?rest_route=\/wp\/v2\/pages\/11114\/revisions\/11115"}],"up":[{"embeddable":true,"href":"https:\/\/ecclesiae.de\/blog\/index.php?rest_route=\/wp\/v2\/pages\/10370"}],"wp:attachment":[{"href":"https:\/\/ecclesiae.de\/blog\/index.php?rest_route=%2Fwp%2Fv2%2Fmedia&parent=11114"}],"curies":[{"name":"wp","href":"https:\/\/api.w.org\/{rel}","templated":true}]}}