{"id":11127,"date":"2022-08-08T11:33:47","date_gmt":"2022-08-08T11:33:47","guid":{"rendered":"http:\/\/ecclesiae.de\/blog\/?page_id=11127"},"modified":"2022-08-08T11:33:47","modified_gmt":"2022-08-08T11:33:47","slug":"nach-der-heiligen-kommunion","status":"publish","type":"page","link":"https:\/\/ecclesiae.de\/blog\/?page_id=11127","title":{"rendered":"Nach der heiligen Kommunion"},"content":{"rendered":"\n<p><strong>Danksagungsgebet im Verein mit Maria<\/strong><br>O Jesus, menschgewordene Weisheit, mein Herz ist jetzt ein Thron, vor dem der Himmel dir die Huldigung darbringt! Doch mein Herz, o K\u00f6nig der Engel, ist Deiner ganz und gar unw\u00fcrdig: aber siehe, das herz Mari\u00e4 ist da, Dich zu empfangen. Siehe da, der godene Thron Deiner Liebe, der Ort Deines gr\u00f6\u00dften Wohlgefallens! Tritt ein, o g\u00f6ttlicher Erl\u00f6ser! Da Du Dich mir schenkst und ich so \u00fcber Dich verf\u00fcgen darf, \u00fcbergebe ich Dich Maria. \u00a0Empfange, o guter Meister, ihre Anbetung und die Huldigung Deiner Engel und Heiligen! Was mich anbelangt, so kann ich mich nur erniedrigen im Andenken an meine Treulosigkeit und mich besch\u00e4mt versenken in mein Nichts.<br>Da ich nichts zu sagen und zu tun vermag, was Deines Sohnes w\u00fcrdig w\u00e4re, so \u00fcberlasse ich dir alles, o himmlische und seligste Mutter Maria! Ich habe Dir Deinen Sohn geschenkt, erweise ihm meine schuldigen Dienste, lobe, bete an, danke f\u00fcr mich, wie Du es zu tun wei\u00dft. Erbitte f\u00fcr mich alle Gnaden, welche mir am meisten notwendig sind, um Dein wahres Kind zu werden. Ich bitte Dich auch, ihm die Anliegen der Kirche und ihres Oberhauptes, die Anliegen meiner Verwandten und Wohlt\u00e4ter, die Not der Armen Seelen im Fegefeuer und aller Leidenden auf Erden vorzustellen, &#8211; ich \u00fcberlasse alles Deiner liebreichen F\u00fcrsorge, o meine gute Mutter!<br><br>Vorsatz. Denke mit Maria oft an das Gl\u00fcck dieser heiligen Kommunion, z.B. Wenn die Stunde schl\u00e4gt. \u2013 Bete das Magnifikat.<br><br><strong>DANKSAGUNGSGEBET \u00a0IM \u00a0VEREIN \u00a0MIT \u00a0DEN \u00a0GESCH\u00d6PFEN<\/strong><br><br>Durcheile im Geiste den Himmel und die ganze Erde, um die Gesch\u00f6pfe zu bitten, an deiner Stelle Jesus und Maria zu danken, sie zu verehren und zu lieben.<br><br>Wer wird mir Fl\u00fcgel geben um mich bis zum Himmel zu erheben und alle Welten zu durcheilen? Ich will alle Geister und alle Herzen des Himmels und der Erde anrufen und versammeln, um Dir o Gott, eine Dankes- und Lobeshymne zu singen. Himmel der Himmel, erhabene Cherubim, brennende Seraphim, Throne, Gewalten, F\u00fcrstent\u00fcmer, Herrschaften, M\u00e4chte, treue Engel, gl\u00e4nzende Erzengel, kommet herab,\u2026in meinem Herzen ist euer K\u00f6nig, in meinem Herzen eure K\u00f6nigin!&#8230; Eilet herbei, werfen wir uns miteinander nieder, um Jesus, die Weisheit des Vaters, anzubeten und Maria zu ehren! Kommet, lasset uns niederfallen vor Gott und anbeten! \u2013 Selige Bewohner des Himmels, Auserw\u00e4hlte der Erde, fromme Seelen aus allen St\u00e4nden und von allen Orten, kommet und betet an mit mir! Heilige Kinder, die ihr noch das Kleid der Unschuld tragt, kommet, erfreuet euch und singet mit mir das Lied der Liebe und des Dankes!<br>O ihr Gesch\u00f6pfe meines Gottes, die ihr, wie ich, das Dasein nur seiner unendlichen G\u00fcte verdankt, preiset Jesus und Maria, jeder in seiner Weise und in der Sprache, die euch eigen ist. Die ganze Natur m\u00f6ge ihren Feiergesang von Lobpreisung und Danksagung anstimmen! Unendlich bist Du alles dessen w\u00fcrdig, o Herr, der Du \u00fcber die V\u00f6lker herrschest und durch Deine Herrlichkeit die Himmel erleuchtest.<br><br><strong>BITTGEBET \u00a0NACH \u00a0DER \u00a0HEILIGEN \u00a0KOMMUNION<\/strong><br><br>\u201e Gott wird nicht geliebt, weil er nicht gekannt wird. Bitte Jesus in Vereinigung mit Maria um die Ankunft seines Reiches auf Erden durch seine heilige Mutter.\u201c<br><br>Warum, o liebensw\u00fcrdigster Jesus, wirst Du nicht besser gekannt, geliebt und angebetet? Ach, ganze V\u00f6lker leben noch in Finsternis und Todesschatten! O Gott, es komme Dein Reich! Erw\u00e4hle, o Herr, mehr Apostel! Entz\u00fcnde in ihnen doch das Feuer Deiner Liebe! Lege ihnen in ihren Mund jene Worte, welchen die h\u00e4rtesten Herzen nicht widerstehen k\u00f6nnen! Sende sie aus in alle Welt, um die V\u00f6lker zur Erkenntnis der Wahrheit zu f\u00fchren! O Jesus, Dein Vater hat Dir alle Nationen der Erde zum Erbe gegeben; er hat Dir alle V\u00f6lker und K\u00f6nige der Welt unterworfen; Du hast durch Dein Blut das gesamte Reich erworben. O ich bitte und beschw\u00f6re Dich durch und mit Maria: es komme Dein Reich \u00fcberallhin und zu allen!<br>Wie wird aber Dein Name, O Herr, von jenen geehrt und geheiligt, die Dich kennen? Ach, ich sehe Deinen heiligen Namen verachtet und gel\u00e4stert. Wann wird diese St\u00f6rung aller Ordnung ein Ende nehmen? Wann wird Deine Barmherzigkeit zu allen Herzen sprechen? Ich verstehe Dich: Du willst von Deinen treuen Dienern gl\u00fchende und beharrliche Gebete, damit alle beitragen zur Ankunft Deines Reiches.<br>Deswegen, O g\u00f6ttlicher Heiland, bitte ich Dich in Vereinigung mit allen Heiligen, sende aus jenes verzehrende Feuer, welches die Herzen entz\u00fcnden soll! Weil aber Dein Reich besonders durch Maria wiederhergestellt werden und wachsen soll, so gib Deinen Kindern eine innigere und tiefere Erkenntnis Deiner heiligen Mutter. O Herr, wann wird doch jene von Dir verhei\u00dfene Zeit kommen, in der die hehre Jungfrau Maria die Herrin aller Herzen sein wird, um die ganze Menschheit Deiner himmlischen Herrschaft zu unterwerfen? Wann wird jenes Jahrhundert Mari\u00e4 kommen, in dem die Seelen in ihr sich verlierend lebendige Abbilder dieser liebensw\u00fcrdigen Herrin sein werden, um Dich, O mein Jesus, vollkommen zu ehren und zu lieben? \u00a0<br>Herr Jesus, der Du alles vermagst, versage mir die Bitte nicht: Es komme das Reich Mari\u00e4, damit zu uns komme Dein Reich! Mache, dass von nun an Deine Mutter mehr erkannt, geehrt und geliebt werde. Amen.<br><br><strong>S\u00dcHNEGEBET \u00a0ALS \u00a0DANKSAGUNG<\/strong><br><br>\u201eBitte Jesus in Vereinigung mit Maria um Vergebung deiner S\u00fcnden\u201c.<br><br>Unendlich heiliger Gott, der Du den Anblick der S\u00fcnde nicht ertragen kannst, zugleich unendlich guter Gott, der Du allzeit bereit bist, den Bu\u00dffertigen zu verzeihen, ich bete Dich an mit den Engeln im Herzen Mari\u00e4. Dein Apostel fordert mich auf, mich dem Throne der Gnade zu nahen, um Barmherzigkeit zu erlangen. Hier bin ich also, ich schuldbares Kind, niedergeworfen zu den F\u00fc\u00dfen Mari\u00e4, dem wahren Throne Deiner Barmherzigkeit, wo Du Dich niedergelassen hast, um den Himmel mit der Erde zu vers\u00f6hnen, um den S\u00fcndern zu verzeihen und alles durch Milde und G\u00fcte an Dich zu ziehen. Du hast mich nur f\u00fcr Dich erschaffen, o mein Gott; ich sollte daher auch alles Gl\u00fcck nur in Deinem Dienste finden, habe mich aber gegen Dich emp\u00f6rt. Wie viele S\u00fcnden habe ich begangen mit den Sinnen meines Leibes und den F\u00e4higkeiten meiner Seele! Wie viele Mahnungen des Gewissens in den Wind geschlagen! Wie viele Gnaden und Erleuchtungen zur\u00fcckgewiesen! O guter Jesus, befreie mich von mir selbst, entrei\u00dfe mich dieser verderbten Natur, deren treulose Versuchungen mir keine Ruhe lassen. Vom ungerechten und arglistigen Menschen befreie mich! Gott der Barmherzigkeit, gedenke nicht mehr der traurigen Tage, deren Andenken mich niederdr\u00fcckt! Siehe nicht mehr auf die S\u00fcnden, mit denen sie erf\u00fcllt sind, siehe einzig auf die kostbaren Verdienste Mari\u00e4 in mir, der ich mich ganz ergeben und geweiht habe, und die, vereinigt mit mir, Deine g\u00f6ttliche Gnade anfleht. Deine Augen m\u00f6gen schauen auf die Gerechtigkeit Mari\u00e4. In Maria und durch Maria biete ich Dir Ehrenersatz an f\u00fcr mein ganzes Leben bis auf diesen Tag; f\u00fcr alle Gedanken meines Geistes, die der unendlichen Reinheit und der endlosen Liebe Deines g\u00f6ttlichen Geistes entgegen waren; f\u00fcr alle Gef\u00fchle meines Herzens, welche den Gef\u00fchlen der Liebe, der Unterwerfung und Hingebung Deines g\u00f6ttlichen Herzens widerstrebten; f\u00fcr alle Feigheit meiner Seele, wenn es sich um Opfer und Verdem\u00fctigungen handelte, trotz des Beispiels, das Du mir gegeben hast. O mein Gott, \u00e4ndere mein Herz, gib mir jene lebendige Reue, jene gl\u00fchende Liebe, welche Magdalena besa\u00df, als Du von ihr sagtest: \u201eIhre S\u00fcnden sind nachgelassen, weil sie viel geliebt hat.\u201c Gib mir ein edles, heldenm\u00fctiges Herz, das zu allen Opfern bereit ist, um S\u00fchne f\u00fcr die begangenen S\u00fcnden zu leisten und den heiligen Versprechungen, die ich Dir gemacht habe, nachzukommen. Ich erkenne, was mir fehlte, seitdem ich das Gl\u00fcck habe, ein Kind Mari\u00e4 zu sein: es war die Gro\u00dfmut in Deinem Dienste. Wie sehr habe ich mich geschont, wie oft mich selbst gesucht\u2026; aber von nun an \u00fcberlasse ich mich Dir ganz, wie eine lebendige Hostie\u2026 Brenne, schneide in diesem Herzen, das Dir so oft untreu war, wenn Du nur, O Herr, mir Deine Liebe gibst, und ich Dich durch Maria f\u00fcr immer in Deinem Reiche besitzen kann!<br><br>Opfere alle Leiden des Tages auf zur S\u00fchne f\u00fcr alle Beleidigungen gegen Jesus und Maria.<br><\/p>\n\n\n\n<p>hl. Ludwig Maria Grignion v. Montfort<\/p>\n\n\n\n<p><br>(Quelle: GOLDENES BUCH!!! LINS-VERLAG, A-6804 FELDKIRCH)<\/p>\n","protected":false},"excerpt":{"rendered":"<p>Danksagungsgebet im Verein mit MariaO Jesus, menschgewordene Weisheit, mein Herz ist jetzt ein Thron, vor dem der Himmel dir die Huldigung darbringt! Doch mein Herz, o K\u00f6nig der Engel, ist Deiner ganz und gar unw\u00fcrdig: aber siehe, das herz Mari\u00e4 &hellip; <a href=\"https:\/\/ecclesiae.de\/blog\/?page_id=11127\">Weiterlesen <span class=\"meta-nav\">&rarr;<\/span><\/a><\/p>\n","protected":false},"author":3,"featured_media":0,"parent":10545,"menu_order":0,"comment_status":"closed","ping_status":"closed","template":"","meta":{"footnotes":""},"class_list":["post-11127","page","type-page","status-publish","hentry"],"_links":{"self":[{"href":"https:\/\/ecclesiae.de\/blog\/index.php?rest_route=\/wp\/v2\/pages\/11127","targetHints":{"allow":["GET"]}}],"collection":[{"href":"https:\/\/ecclesiae.de\/blog\/index.php?rest_route=\/wp\/v2\/pages"}],"about":[{"href":"https:\/\/ecclesiae.de\/blog\/index.php?rest_route=\/wp\/v2\/types\/page"}],"author":[{"embeddable":true,"href":"https:\/\/ecclesiae.de\/blog\/index.php?rest_route=\/wp\/v2\/users\/3"}],"replies":[{"embeddable":true,"href":"https:\/\/ecclesiae.de\/blog\/index.php?rest_route=%2Fwp%2Fv2%2Fcomments&post=11127"}],"version-history":[{"count":1,"href":"https:\/\/ecclesiae.de\/blog\/index.php?rest_route=\/wp\/v2\/pages\/11127\/revisions"}],"predecessor-version":[{"id":11128,"href":"https:\/\/ecclesiae.de\/blog\/index.php?rest_route=\/wp\/v2\/pages\/11127\/revisions\/11128"}],"up":[{"embeddable":true,"href":"https:\/\/ecclesiae.de\/blog\/index.php?rest_route=\/wp\/v2\/pages\/10545"}],"wp:attachment":[{"href":"https:\/\/ecclesiae.de\/blog\/index.php?rest_route=%2Fwp%2Fv2%2Fmedia&parent=11127"}],"curies":[{"name":"wp","href":"https:\/\/api.w.org\/{rel}","templated":true}]}}