{"id":11245,"date":"2022-08-20T12:59:53","date_gmt":"2022-08-20T12:59:53","guid":{"rendered":"http:\/\/ecclesiae.de\/blog\/?page_id=11245"},"modified":"2022-08-20T12:59:53","modified_gmt":"2022-08-20T12:59:53","slug":"novene-zu-ehren-der-unbefleckten-empfaengnis","status":"publish","type":"page","link":"https:\/\/ecclesiae.de\/blog\/?page_id=11245","title":{"rendered":"Novene zu Ehren der Unbefleckten Empf\u00e4ngnis"},"content":{"rendered":"\n<p><br>Man verrichte an allen 9 Tagen folgende Gebete:<br><br><strong>Vorbereitungsgebet<\/strong><br><br>O Unbefleckte Empf\u00e4ngnis,<br>Jungfrau und Mutter Maria,<br>vertrauensvoll wende ich mich an dich.<br>Ich will zu deiner Ehre diese Andacht halten.<br>Mit allen Engeln und Heiligen des Himmels<br>bewundere ich deine Reinheit und Herrlichkeit.<br>Dank sei dem Herrn, der dich in dieser<br>einzigartigen Sch\u00f6nheit erschaffen und<br>mir zur Mutter gegeben hat. Dank sei auch dir,<br>o Maria, f\u00fcr deine m\u00fctterliche Liebe und f\u00fcr alle<br>Wohltaten, die du mir schon erwiesen hast.<br>Unbefleckt empfangene Jungfrau, lasse mich<br>in meiner jetzigen Bedr\u00e4ngnis nicht allein und<br>so es Gott gef\u00e4llt, befreie mich von meinen<br>N\u00f6ten. Steh mir bei in meinem Anliegen&#8230;<br><br><strong>Litanei zu Ehren der Unbefleckten Empf\u00e4ngnis<\/strong><br><br>Herr, erbarme dich unser<br>Christus, erbarme dich unser<br>Herr, erbarme dich unser,<br>Christus h\u00f6re uns, Christus, erh\u00f6re uns<br><br>Gott Vater im Himmel \u2014 erbarme dich unser<br>Gott Sohn, Erl\u00f6ser der Welt<br>Gott Heiliger Geist<br>Heiligste Dreifaltigkeit, ein einziger Gott<br><br>Heilige Maria, ohne Makel der Erbs\u00fcnde<br>empfangen \u2014 bitte f\u00fcr uns<br>Du unbefleckte Tochter des ewigen Vaters-<br>Du unbefleckte Mutter des Sohnes Gottes-<br>Du unbefleckte Braut des Heiligen Geistes-<br>Du unbefleckter Tempel der Heiligsten Dreifaltigkeit-<br>Du verschlossener und unentweihter Garten Gottes-<br>Du Bundeslade der Herrlichkeit Gottes &#8211;<br>Du un\u00fcberwindlicher Turm gegen jeden Angriff des Feindes-<br>Du Haus, das die Weisheit sich selbst gebaut-<br>Du Tabernakel, vom Heiligen Geiste gebildet und geschm\u00fcckt-<br>Du lichtvolles und angenehmes Paradies der Unschuld-<br>Du Wunder aller Wunder Gottes-<br>Du Lilie unter den Dornen-<br>Du w\u00fcrdige Mutter Gottes-<br>Du Meisterwerk der Allmacht, Weisheit und<br>Liebe Gottes-<br>Du herrliches Vorbild der Reinheit und Heiligkeit-<br>Du K\u00f6nigin aller Engel und Heiligen-<br>Du Ausspenderin der Gnaden Gottes-<br>Du Schrecken und Besiegerin der b\u00f6sen Geister-<br><br>Lamm Gottes, du nimmst hinweg die S\u00fcnden der Welt \u2014<br>verschone uns, o Herr<br>Lamm Gottes, du nimmst hinweg die S\u00fcnden der Welt \u2014<br>erh\u00f6re uns, o Herr<br>Lamm Gottes, du nimmst hinweg die S\u00fcnden der Welt \u2014<br>erbarme dich unser<br><br>Vater unser&#8230; Ave Maria&#8230;<br><br>Lasset uns beten: 0 Gott, der du durch die<br>Unbefleckte Empf\u00e4ngnis der seligsten Jungfrau<br>deinem Sohn eine w\u00fcrdige Wohnung bereitet<br>hast, gew\u00e4hre uns auf ihre F\u00fcrbitte hin und<br>um ihrer Vorerl\u00f6sung und Auserw\u00e4hlung willen<br>die Gnade, rein und heilig zu dir zu gelangen<br>durch Christus, unseren Herrn. Amen.<br><br>Schlu\u00dfgebet<br>Gedenke, o g\u00fctigste Jungfrau Maria, es ist noch nie geh\u00f6rt worden, <br>dass jemand, der zu dir seine Zuflucht genommen, <br>deine Hilfe angerufen, <br>um deine F\u00fcrsprache gefleht, <br>von dir verlassen worden sei! <br>Von solchem Vertrauen beseelt,<br>nehme ich meine Zuflucht zu dir, o Mutter,<br>Jungfrau der Jungfrauen; zu dir komme ich,<br>vor dir stehe ich, seufzend als S\u00fcnder. <br>0 Mutter des ewigen Wortes, verschm\u00e4he<br>nicht meine Worte, sondern h\u00f6re mich<br>gn\u00e4dig an und erh\u00f6re mich. Amen. \u00a0<\/p>\n","protected":false},"excerpt":{"rendered":"<p>Man verrichte an allen 9 Tagen folgende Gebete: Vorbereitungsgebet O Unbefleckte Empf\u00e4ngnis,Jungfrau und Mutter Maria,vertrauensvoll wende ich mich an dich.Ich will zu deiner Ehre diese Andacht halten.Mit allen Engeln und Heiligen des Himmelsbewundere ich deine Reinheit und Herrlichkeit.Dank sei dem &hellip; <a href=\"https:\/\/ecclesiae.de\/blog\/?page_id=11245\">Weiterlesen <span class=\"meta-nav\">&rarr;<\/span><\/a><\/p>\n","protected":false},"author":3,"featured_media":0,"parent":10370,"menu_order":0,"comment_status":"closed","ping_status":"closed","template":"","meta":{"footnotes":""},"class_list":["post-11245","page","type-page","status-publish","hentry"],"_links":{"self":[{"href":"https:\/\/ecclesiae.de\/blog\/index.php?rest_route=\/wp\/v2\/pages\/11245","targetHints":{"allow":["GET"]}}],"collection":[{"href":"https:\/\/ecclesiae.de\/blog\/index.php?rest_route=\/wp\/v2\/pages"}],"about":[{"href":"https:\/\/ecclesiae.de\/blog\/index.php?rest_route=\/wp\/v2\/types\/page"}],"author":[{"embeddable":true,"href":"https:\/\/ecclesiae.de\/blog\/index.php?rest_route=\/wp\/v2\/users\/3"}],"replies":[{"embeddable":true,"href":"https:\/\/ecclesiae.de\/blog\/index.php?rest_route=%2Fwp%2Fv2%2Fcomments&post=11245"}],"version-history":[{"count":1,"href":"https:\/\/ecclesiae.de\/blog\/index.php?rest_route=\/wp\/v2\/pages\/11245\/revisions"}],"predecessor-version":[{"id":11246,"href":"https:\/\/ecclesiae.de\/blog\/index.php?rest_route=\/wp\/v2\/pages\/11245\/revisions\/11246"}],"up":[{"embeddable":true,"href":"https:\/\/ecclesiae.de\/blog\/index.php?rest_route=\/wp\/v2\/pages\/10370"}],"wp:attachment":[{"href":"https:\/\/ecclesiae.de\/blog\/index.php?rest_route=%2Fwp%2Fv2%2Fmedia&parent=11245"}],"curies":[{"name":"wp","href":"https:\/\/api.w.org\/{rel}","templated":true}]}}