{"id":11806,"date":"2023-04-30T14:47:28","date_gmt":"2023-04-30T14:47:28","guid":{"rendered":"https:\/\/ecclesiae.de\/blog\/?page_id=11806"},"modified":"2023-05-01T06:18:27","modified_gmt":"2023-05-01T06:18:27","slug":"maiandacht-1-tag","status":"publish","type":"page","link":"https:\/\/ecclesiae.de\/blog\/?page_id=11806","title":{"rendered":"Maiandacht &#8211; 1. Tag"},"content":{"rendered":"\n<p><a href=\"https:\/\/ecclesiae.de\/blog\/?page_id=11795\">Vorbereitungsgebet und Aufopferungsgebet<\/a><\/p>\n\n\n\n<h2 class=\"wp-block-heading\"><strong>Von unserm ersten und letzten Ziel.<\/strong><\/h2>\n\n\n\n<p>1.Das erste Ziel auf Erden ist Gott dienen, denn dazu hat dich Gott, der allm\u00e4chtige Vater, erschaffen, deswegen erh\u00e4lt er dich auch. Seinen heiligen und immer gerechten Willen, der nur dein Bestes will, sollst du stets befolgen. So hat Gott selbst geboten: \u201eDu sollst Gott, deinen Herrn, anbeten und ihm allein dienen, weil, wie, wann und wo er es will, in dem Stande, den er dir angewiesen, in der Art und Weise, wie er es von dir verlangt, mit den Mitteln, die er dir gegeben, mit Bereitwilligkeit und freudigem Herzen, nicht wie ein Sklave seinem Herrn, sondern wie ein gut geartetes Kind seinen lieben Eltern, denn Gott ist dein g\u00fctigster, liebreichster Vater. Dieses Ziel hatte Maria stets vor Augen, darum nannte sie sich auch eine Magd des Herrn. \u201eSiehe, ich bin eine Magd des Herrn.\u201c Wie eine Blume immer der Sonne entgegenschaut, so waren ihre Gedanken, Worte und Werke immer auf Gott, die Sonne der Gerechtigkeit, gerichtet in allen Lagen und Verh\u00e4ltnissen ihres Lebens, sowohl bei den Freuden, die ihr zuteil wurden, als auch bei den schweren Pr\u00fcfungen, die Gott \u00fcber sie verh\u00e4ngte. Ihr Wille war ebenso mit dem g\u00f6ttlichen vereinigt, als die Weisen aus dem Morgenlande vor ihrem g\u00f6ttlichen Sohne knieten, wie zur Zeit, wo sie ihren lieben Sohn am Kreuze sterben sah; ebenso w\u00e4hrend sie die Wundertaten ihres Sohnes erblickte, als in dem Augenblicke, wo sie mit ihm nach \u00c4gypten fl\u00fcchtete. Zwei Herren kann man nicht zugleich dienen. Es gibt nur einen wahren Herrn im Himmel und auf Erden und dieser ist Gott, der Herr der Heerscharen. Hast du, meine Seele, Gott immer gedient? Wem hast du bisher gedient, der Welt, der eitlen Lust, dem Gelde, der S\u00fcnde, dem Teufel? Wem willst du fortan dienen?<\/p>\n\n\n\n<p> 2. Das letzte Ziel des Menschen ist die ewige Seligkeit bei Gott. H\u00f6re, meine Seele: dienst du Gott, so verspricht er dir eine ewige Seligkeit, die kein Auge gesehen, kein Ohr geh\u00f6rt hat, kein Herz zu empfinden vermag. Dienst du aber der Welt und ihrer Lust, der S\u00fcnde und dem Teufel, welchen Lohn wirst du dann empfangen? Statt die Worte des Herrn zu vernehmen: \u201eDu guter und getreuer Knecht, gehe ein in die Freude deines Herrn,\u201c wirst du die schrecklichen Worte h\u00f6ren m\u00fcssen: \u201eWerfet den b\u00f6sen Knecht hinaus in die \u00e4u\u00dferste Finsternis, wo Heulen und Z\u00e4hneknirschen sein wird.\u201c Siehe, wie Maria von Gott belohnt wurde! Aus einer Magd des Herrn ist die die K\u00f6nigin aller Engel und Heiligen geworden. Wie wird sie sich jetzt freuen am Throne ihres g\u00f6ttlichen Sohnes, umgeben von allen Heiligen des Himmels, freuen der unaussprechlichen Seligkeit, die sie sich durch den treuen Dienst Gottes erworben! Meine Seele, besinne dich! Willst du nicht hier eine kurze Zeit Gott dienen, wie Maria, und im Himmel mit ihr und Jesus herrschen in Ewigkeit? <\/p>\n\n\n\n<p>Lasset uns beten: 3 <strong>Ave Maria<\/strong>, um durch Maria dieses Ziel recht zu erkennen. <\/p>\n\n\n\n<p>Gegr\u00fc\u00dfet seist du Maria \u2026\u00a0<\/p>\n\n\n\n<p><em>Bei Privatandachten kann auch nach dem Worte \u201eJesus\u201c jedes Mal hinzugesetzt werden:<\/em>\u00a0\u201eder unser wahres Ziel auf Erden wolle erkennen und das letzte erreichen lassen.\u201c<\/p>\n\n\n\n<h1 class=\"wp-block-heading\"><strong>Gebet<\/strong><\/h1>\n\n\n\n<p>O Maria, du dem\u00fctige Magd des Herrn und K\u00f6nigin des Himmels und der Erde, hilf mir, dass ich den Dienst der elenden Welt verlasse, das harte Joch der S\u00fcnde abwerfe, dem Teufel widersage und in den Dienst desjenigen trete, der mich erschaffen, erl\u00f6st und geheiligt hat, um einst mit dir und allen Heiligen im Himmel voll seliger Freude herrschen zu k\u00f6nnen. Amen.<\/p>\n","protected":false},"excerpt":{"rendered":"<p>Vorbereitungsgebet und Aufopferungsgebet Von unserm ersten und letzten Ziel. 1.Das erste Ziel auf Erden ist Gott dienen, denn dazu hat dich Gott, der allm\u00e4chtige Vater, erschaffen, deswegen erh\u00e4lt er dich auch. Seinen heiligen und immer gerechten Willen, der nur dein &hellip; <a href=\"https:\/\/ecclesiae.de\/blog\/?page_id=11806\">Weiterlesen <span class=\"meta-nav\">&rarr;<\/span><\/a><\/p>\n","protected":false},"author":3,"featured_media":0,"parent":11795,"menu_order":1,"comment_status":"closed","ping_status":"closed","template":"","meta":{"footnotes":""},"class_list":["post-11806","page","type-page","status-publish","hentry"],"_links":{"self":[{"href":"https:\/\/ecclesiae.de\/blog\/index.php?rest_route=\/wp\/v2\/pages\/11806","targetHints":{"allow":["GET"]}}],"collection":[{"href":"https:\/\/ecclesiae.de\/blog\/index.php?rest_route=\/wp\/v2\/pages"}],"about":[{"href":"https:\/\/ecclesiae.de\/blog\/index.php?rest_route=\/wp\/v2\/types\/page"}],"author":[{"embeddable":true,"href":"https:\/\/ecclesiae.de\/blog\/index.php?rest_route=\/wp\/v2\/users\/3"}],"replies":[{"embeddable":true,"href":"https:\/\/ecclesiae.de\/blog\/index.php?rest_route=%2Fwp%2Fv2%2Fcomments&post=11806"}],"version-history":[{"count":3,"href":"https:\/\/ecclesiae.de\/blog\/index.php?rest_route=\/wp\/v2\/pages\/11806\/revisions"}],"predecessor-version":[{"id":11814,"href":"https:\/\/ecclesiae.de\/blog\/index.php?rest_route=\/wp\/v2\/pages\/11806\/revisions\/11814"}],"up":[{"embeddable":true,"href":"https:\/\/ecclesiae.de\/blog\/index.php?rest_route=\/wp\/v2\/pages\/11795"}],"wp:attachment":[{"href":"https:\/\/ecclesiae.de\/blog\/index.php?rest_route=%2Fwp%2Fv2%2Fmedia&parent=11806"}],"curies":[{"name":"wp","href":"https:\/\/api.w.org\/{rel}","templated":true}]}}