{"id":11901,"date":"2023-05-04T14:32:16","date_gmt":"2023-05-04T14:32:16","guid":{"rendered":"https:\/\/ecclesiae.de\/blog\/?page_id=11901"},"modified":"2023-05-04T14:32:16","modified_gmt":"2023-05-04T14:32:16","slug":"maiandacht-11-tag","status":"publish","type":"page","link":"https:\/\/ecclesiae.de\/blog\/?page_id=11901","title":{"rendered":"Maiandacht &#8211; 11. Tag"},"content":{"rendered":"\n<p><a href=\"https:\/\/ecclesiae.de\/blog\/?page_id=11795\">Vorbereitungs- und Aufopferungsgebet<\/a><\/p>\n\n\n\n<p class=\"has-medium-font-size\"><strong>Von den beiden Wegen<\/strong><\/p>\n\n\n\n<ol class=\"wp-block-list\" type=\"1\">\n<li>\u201eGehet ein durch die enge Pforte, denn weit ist das Tor und breit der Weg, der zum Verderben f\u00fchrt, und viele sind es, die da hindurch gehen,\u201c so spricht Jesus, der Mund der Wahrheit, zu dir, meine Seele. Es gibt also zwei Wege, welche die Menschen auf dieser Welt wandeln: der eine davon f\u00fchrt zum ewigen Untergange, der andere zum ewigen Leben. Frage dich nun, welchen Weg bist du bisher gegangen, den breiten, der zum Untergange f\u00fchrt, oder den engen, der zum Leben f\u00fchrt? Du wirst dir vielleicht gestehen m\u00fcssen, dass du bisher den breiten Weg des Verderbens gewandelt bist. Willst du diesen Weg fortsetzen? Besinne dich! Du musst dich entscheiden. Nicht allen Menschen ist eine gleiche L\u00e4nge Weges beschieden: die einen, welche den breiten Weg wandeln, gelangen fr\u00fcher, die andern sp\u00e4ter, alle aber sicher zum Ziele des ewigen Verderbens. Gerade da, wo sie es am wenigsten vermuten, stellt sich ihnen der Tod entgegen und der Abgrund \u00f6ffnet sich pl\u00f6tzlich unter ihren F\u00fc\u00dfen. K\u00f6nnte es dir nicht auch so begegnen?<br><br><\/li>\n\n\n\n<li>Welchen Weg willst du fortan wandeln, welcher Einladung folgen? Es treten dir gleichsam zwei Gestalten entgegen, die dich einladen. Die eine, geschm\u00fcckt mit kostbaren Kleidern, einen Blumenkranz auf dem Haupte, h\u00e4lt mit der einen Hand einen goldenen Becher, sie blickt dich lachend und fr\u00f6hlich an, sie reicht dir den Becher zum Tranke, sie ladet dich ein, ihr zu folgen. Wohin? Zu Spiel und Tanz, zu Freude und Lust, zu Ehre und Reichtum, zu Glanz und Herrlichkeit. Der Weg, den sie dir zeigt und den du mit ihr wandeln sollst, ist breit, mit Blumen bestreut, bequem und leicht zu gehen. Eine zahllose Schar, die aus dem Becher getrunken, Menschen jeden Alters, Geschlechtes und Standes, wandeln lachend und scheinbar gl\u00fccklich diesen Weg sorglos dahin. <br>Die andere, eine Jungfrau von hoher, sch\u00f6ner, ernster Gestalt, einfach gekleidet, mit einer Dornenkrone in der Hand, naht sich dir mit z\u00fcchtigem, dem\u00fctigem Antlitz, sanft und ernst blickt sie dich an, sie reicht dir die Dornenkrone und ladet dich ebenfalls ein. Wohin? Auf einen schmalen Weg, mit Dornen bestreut, der bergauf f\u00fchrt und den nur wenige, jeder mit einem Kreuze beladen, m\u00fchsam wandeln. Ihnen voran geht einer mit Dornen gekr\u00f6nt, mit blutenden F\u00fc\u00dfen, mit einem gro\u00dfen Kreuze auf der Schulter: oft schaut er auf das kleine H\u00e4uflein, das ihm nachfolgt, und spricht ihm Trost und Mut zu. Auf diesen schmalen Weg, auf dieses kleine H\u00e4uflein deutet die Jungfrau und ladet dich ein zur Nachfolge. <br>Willst du nun wissen, wer diese beiden Gestalten sind, welcher der Weg ist, den sie dir zeigen, und wohin sie dich f\u00fchren? Die erste Gestalt ist die Welt mit ihren verg\u00e4nglichen, eitlen Freuden und \u00a0G\u00fctern: bequem und voll Lust ist der Weg, den sie dir zeigt, die meisten Menschen wandeln ihn, aber welches ist das Ende, das Ziel dieses Weges? Frage die Welt! Sie wird dir nicht antworten, denn das Ende dieses Weges ist der Tod, ein schreckliches Gericht, der ewige Untergang. Ach, die Welt kann ihre Diener nur belohnen bis zum Tode, da h\u00f6rt ihre Macht, da h\u00f6ren ihre Segnungen auf, da hat sie keinen Trost mehr f\u00fcr dich, nichts als die schwarze Grube, der Sarg und das Totenkleid. Sie schafft deine Leiche m\u00f6glichst bald fort, damit sie nicht die Luft verpeste. O du Tor, wie wirst du betrogen von der armen Welt schon im Leben. Ihre goldenen Versprechungen tr\u00fcgen und platzen im Angesichte des Todes wie eine Seifenblase, in nichts zerfliegend. <br>Die zweite Gestalt ist Maria, die schmerzhafte Mutter Jesu: ihr Weg ist der Weg des Kreuzes, der Abt\u00f6tung und der Bu\u00dfe, der Flucht aller s\u00fcndigen Freuden. Schmal und beschwerlich ist der Weg, doch siehe, Jesus selbst geht voran. \u201eMein Joch ist s\u00fc\u00df,\u201c spricht er, und gibt St\u00e4rke, wer diesen Weg wandelt, erh\u00e4lt Frieden f\u00fcr jetzt, Seligkeit f\u00fcr dr\u00fcben. Maria, die Mutter des Herrn, alle Heiligen sind diesen Weg gewandelt, und sie haben es nicht bereut, ihn gegangen zu sein. Nun entscheide dich, meine Seele, was willst du tun? Einen von diesen beiden Wegen musst du notwendig wandeln. Es gibt da keinen Mittelweg. Besinne dich nicht lange, es vergeht die Zeit, die Ewigkeit nicht. Jesus spricht: \u201eSiehe, ich komme bald und die Vergeltung mit mir.\u201c Also auf, folge Jesu, folge Maria, sage ab der S\u00fcnde, der Welt und ihrer Eitelkeit! Jesus ruft, Maria ladet ein: folgst du jetzt nicht, vielleicht rufen sie zum zweiten Male nicht wieder \u2026<\/li>\n<\/ol>\n\n\n\n<p>Lasset und beten <strong>3 Ave Maria<\/strong>, dass wir mit Maria auf den schmalen Wege des Kreuzes Jesu nachfolgen m\u00f6gen zum Himmel.<\/p>\n\n\n\n<p>Gegr\u00fc\u00dfet seist du Maria \u2026<\/p>\n\n\n\n<p><em>Bei Privatandachten kann auch nach den Worten \u201eJesus\u201c jedes Mal hinzugesetzt werden:<\/em><\/p>\n\n\n\n<p>\u201eDer uns auf den schmalen Weg f\u00fchren wolle.\u201c<\/p>\n\n\n\n<p class=\"has-medium-font-size\"><strong>Gebet<\/strong><\/p>\n\n\n\n<p>O Maria, liebreichste Mutter, siehe, es ist beschlossen, ich folge deinem und deines Sohnes Rufe. Gib her den Dornenkranz, reiche mir das Kreuz deines Sohnes! Ich widersage und entsage von nun an der Welt, dem Fleische und dem Satan und weihe mein ganzes Leben dem Dienste deines Jesus. O reiche mir nur deine Hand, f\u00fchre, leite, tr\u00f6ste, st\u00e4rke du mich schwachen Menschen, damit ich gl\u00fccklich zum Ziele gelange und eingehe in das Reich der ewigen Herrlichkeit, wo du an der Seite deines Sohnes thronst und herrschest in Ewigkeit. Amen.<\/p>\n\n\n\n<p>  <\/p>\n\n\n\n<p><em>An diesem oder dem folgenden Tage w\u00e4re es gut, wenn du eine Jahresbeichte, oder wenn du noch keine Generalbeichte abgelegt hast, eine solche verrichten w\u00fcrdest, um dich dann nach der Anleitung der folgenden Betrachtungen einem wahrhaft christlichen, frommen Leben hingeben zu k\u00f6nnen. Ziehe deinen Beichtvater hier\u00fcber zu Rate.<\/em><\/p>\n","protected":false},"excerpt":{"rendered":"<p>Vorbereitungs- und Aufopferungsgebet Von den beiden Wegen Lasset und beten 3 Ave Maria, dass wir mit Maria auf den schmalen Wege des Kreuzes Jesu nachfolgen m\u00f6gen zum Himmel. Gegr\u00fc\u00dfet seist du Maria \u2026 Bei Privatandachten kann auch nach den Worten &hellip; <a href=\"https:\/\/ecclesiae.de\/blog\/?page_id=11901\">Weiterlesen <span class=\"meta-nav\">&rarr;<\/span><\/a><\/p>\n","protected":false},"author":3,"featured_media":0,"parent":11795,"menu_order":11,"comment_status":"closed","ping_status":"closed","template":"","meta":{"footnotes":""},"class_list":["post-11901","page","type-page","status-publish","hentry"],"_links":{"self":[{"href":"https:\/\/ecclesiae.de\/blog\/index.php?rest_route=\/wp\/v2\/pages\/11901","targetHints":{"allow":["GET"]}}],"collection":[{"href":"https:\/\/ecclesiae.de\/blog\/index.php?rest_route=\/wp\/v2\/pages"}],"about":[{"href":"https:\/\/ecclesiae.de\/blog\/index.php?rest_route=\/wp\/v2\/types\/page"}],"author":[{"embeddable":true,"href":"https:\/\/ecclesiae.de\/blog\/index.php?rest_route=\/wp\/v2\/users\/3"}],"replies":[{"embeddable":true,"href":"https:\/\/ecclesiae.de\/blog\/index.php?rest_route=%2Fwp%2Fv2%2Fcomments&post=11901"}],"version-history":[{"count":1,"href":"https:\/\/ecclesiae.de\/blog\/index.php?rest_route=\/wp\/v2\/pages\/11901\/revisions"}],"predecessor-version":[{"id":11902,"href":"https:\/\/ecclesiae.de\/blog\/index.php?rest_route=\/wp\/v2\/pages\/11901\/revisions\/11902"}],"up":[{"embeddable":true,"href":"https:\/\/ecclesiae.de\/blog\/index.php?rest_route=\/wp\/v2\/pages\/11795"}],"wp:attachment":[{"href":"https:\/\/ecclesiae.de\/blog\/index.php?rest_route=%2Fwp%2Fv2%2Fmedia&parent=11901"}],"curies":[{"name":"wp","href":"https:\/\/api.w.org\/{rel}","templated":true}]}}