{"id":11904,"date":"2023-05-04T16:55:57","date_gmt":"2023-05-04T16:55:57","guid":{"rendered":"https:\/\/ecclesiae.de\/blog\/?page_id=11904"},"modified":"2023-05-04T16:55:57","modified_gmt":"2023-05-04T16:55:57","slug":"maiandacht-12-tag","status":"publish","type":"page","link":"https:\/\/ecclesiae.de\/blog\/?page_id=11904","title":{"rendered":"Maiandacht &#8211; 12. Tag"},"content":{"rendered":"\n<p><a href=\"https:\/\/ecclesiae.de\/blog\/?page_id=11795\">Vorbereitungsgebet und Aufopferungsgebet<\/a><\/p>\n\n\n\n<p class=\"has-medium-font-size\"><strong>Von der Hingabe seiner selbst an Gott<\/strong><\/p>\n\n\n\n<ol class=\"wp-block-list\" type=\"1\">\n<li>\u00a0\u201eSohn, Tochter, gib mir dein Herz!\u201c spricht Gott zu jedem Menschen. Er will also den Menschen an sich ziehen, will, dass der Mensch ihn sein ganzes Herz weihe, sich mit ihm durch die Liebe vereinige. Wie gl\u00fccklich der Mensch sei, der dieses mit Entschiedenheit tut, das hat schon David erkannt. \u201eGut ist es mir,\u201c rief er oft aus, \u201edem Herrn anzuhangen.\u201c Ihm ist hierin nachgefolgt Maria, seine Tochter, unsere Mutter. Sie verlie\u00df schon im zartesten Alter ihre teuren Eltern Joachim und Anna, sobald sie erkannte, dass Gott sie zu seinem besonderen Dienste berufen habe. Sie verlie\u00df das Haus, wo sie geboren, die Heimat, wo sie gelebt, und weihte sich mit der gr\u00f6\u00dften Freudigkeit dem Dienste Gottes im Tempel. Siehe, meine Seele, auch dich hat Gott berufen zu seinem Dienste. Bis jetzt hast du ihm noch wenige Opfer gebracht. Du hast dich entschlossen, ihm den einzig guten Herrn, zu dienen, ihn allein zu lieben: so schenke dich ihm auch mit Freuden. Sage aller weltlichen Eitelkeit, Lust und Pracht f\u00fcr immer Lebewohl. \u201eWer die Hand an den Pflug legt und zur\u00fcckschaut, ist nicht tauglich zum Reiche Gottes,\u201c spricht Jesus. Der Herr hat sich dir geschenkt: schenke du dich ihm und verharre bei ihm bis zum Ende \u2026<br><br><\/li>\n\n\n\n<li>Es war f\u00fcr Maria nicht hinreichend, Gott ihre Eltern, ihr Haus, Hab und Gut aufzuopfern: sie wollte \u00fcberdies sich selbst, ihre Seele mit allen Kr\u00e4ften derselben, ihren Leib mit allen seinen Sinnen, mit allen F\u00e4higkeiten, Talenten und Eigenschaften dem Herrn hingeben. Sie opferte sich Gott vollst\u00e4ndig. Es ist also auch f\u00fcr dich nicht genug, dass du die Welt und die s\u00fcndhaften Freuden der Welt verl\u00e4sst und Gott zum Opfer bringst: du musst dich ganz dem Herrn weihen, alle Neigungen deines Herzens nur auf g\u00f6ttliche Dinge richten, deine Talente und Kenntnisse nur zur Ehre Gottes anwenden, deine f\u00fcnf Sinne unabl\u00e4ssig abt\u00f6ten und nur zum Heile deiner Seele, zum &nbsp;Ruhme Gottes gebrauchen. Maria hat sich nicht blo\u00df vollst\u00e4ndig dem Herrn zum Opfer gebracht: ihr Opfer war auch ein best\u00e4ndig fortdauerndes. Sie hat dem Herrn gedient bis zum letzten Augenblicke ihres Lebens, mit allen Kr\u00e4ften des Leibes und der Seele, in allen Verh\u00e4ltnissen, unter allen Umst\u00e4nden, in Freuden und Leiden. Folge Maria nach! Was du vielleicht in der Jugendzeit und den folgenden Jahren verabs\u00e4umt hast, suche mit verdoppeltem Eifer in der dir noch beschiedenen, vielleicht gar kurzen Zeit, so viel m\u00f6glich, nachzuholen und harre aus bis zum Ende. Der Herr wird auch dein Opfer lohnen, wie er das Opfer Mari\u00e4 belohnt hat.<\/li>\n<\/ol>\n\n\n\n<p>Lasset und beten <strong>3 Ave Maria<\/strong> um die Gnade, uns so vollst\u00e4ndig und beharrlich wie Maria Jesus zu opfern.<\/p>\n\n\n\n<p>Gegr\u00fc\u00dfet seist du Maria \u2026<\/p>\n\n\n\n<p><em>Bei Privatandachten kann auch nach den Worten \u201eJesus\u201c jedes Mal hinzugesetzt werden:<\/em><\/p>\n\n\n\n<p>\u201eDer uns die Gnade geben wolle, uns Gott gef\u00e4llig und beharrlich aufzuopfern.\u201c<br><\/p>\n\n\n\n<p class=\"has-medium-font-size\"><strong>Gebet<\/strong><\/p>\n\n\n\n<p>O Jesus, mein einzig h\u00f6chstes Gut, der Du Dich mir ganz geschenkt hast, obwohl ich dich so oft, so schwer beleidigte: siehe, ich schenke mich dir ganz und gar. Und du, meine g\u00fctigste Mutter Maria, nimm mein Herz und bringe es deinem Sohne durch deine reinsten H\u00e4nde dar, damit er es nicht verschm\u00e4he, sondern es zum Eigentume annehme, und vermittle durch deine kr\u00e4ftige F\u00fcrbitte, dass es ihm nie wieder vom h\u00f6llischen Feinde geraubt werde. Amen.<\/p>\n","protected":false},"excerpt":{"rendered":"<p>Vorbereitungsgebet und Aufopferungsgebet Von der Hingabe seiner selbst an Gott Lasset und beten 3 Ave Maria um die Gnade, uns so vollst\u00e4ndig und beharrlich wie Maria Jesus zu opfern. Gegr\u00fc\u00dfet seist du Maria \u2026 Bei Privatandachten kann auch nach den &hellip; <a href=\"https:\/\/ecclesiae.de\/blog\/?page_id=11904\">Weiterlesen <span class=\"meta-nav\">&rarr;<\/span><\/a><\/p>\n","protected":false},"author":3,"featured_media":0,"parent":11795,"menu_order":12,"comment_status":"closed","ping_status":"closed","template":"","meta":{"footnotes":""},"class_list":["post-11904","page","type-page","status-publish","hentry"],"_links":{"self":[{"href":"https:\/\/ecclesiae.de\/blog\/index.php?rest_route=\/wp\/v2\/pages\/11904","targetHints":{"allow":["GET"]}}],"collection":[{"href":"https:\/\/ecclesiae.de\/blog\/index.php?rest_route=\/wp\/v2\/pages"}],"about":[{"href":"https:\/\/ecclesiae.de\/blog\/index.php?rest_route=\/wp\/v2\/types\/page"}],"author":[{"embeddable":true,"href":"https:\/\/ecclesiae.de\/blog\/index.php?rest_route=\/wp\/v2\/users\/3"}],"replies":[{"embeddable":true,"href":"https:\/\/ecclesiae.de\/blog\/index.php?rest_route=%2Fwp%2Fv2%2Fcomments&post=11904"}],"version-history":[{"count":1,"href":"https:\/\/ecclesiae.de\/blog\/index.php?rest_route=\/wp\/v2\/pages\/11904\/revisions"}],"predecessor-version":[{"id":11905,"href":"https:\/\/ecclesiae.de\/blog\/index.php?rest_route=\/wp\/v2\/pages\/11904\/revisions\/11905"}],"up":[{"embeddable":true,"href":"https:\/\/ecclesiae.de\/blog\/index.php?rest_route=\/wp\/v2\/pages\/11795"}],"wp:attachment":[{"href":"https:\/\/ecclesiae.de\/blog\/index.php?rest_route=%2Fwp%2Fv2%2Fmedia&parent=11904"}],"curies":[{"name":"wp","href":"https:\/\/api.w.org\/{rel}","templated":true}]}}