{"id":11906,"date":"2023-05-04T17:22:31","date_gmt":"2023-05-04T17:22:31","guid":{"rendered":"https:\/\/ecclesiae.de\/blog\/?page_id=11906"},"modified":"2023-05-04T17:22:31","modified_gmt":"2023-05-04T17:22:31","slug":"maiandacht-13-tag","status":"publish","type":"page","link":"https:\/\/ecclesiae.de\/blog\/?page_id=11906","title":{"rendered":"Maiandacht &#8211; 13. Tag"},"content":{"rendered":"\n<p><a href=\"https:\/\/ecclesiae.de\/blog\/?page_id=11795\">Vorbereitungsgebet und Aufopferungsgebet<\/a><\/p>\n\n\n\n<p class=\"has-medium-font-size\"><strong>Von der Tugend der Demut<\/strong><\/p>\n\n\n\n<ol class=\"wp-block-list\" type=\"1\">\n<li>\u00a0Der kostbarste Edelstein in der Krone der allerseligsten Jungfrau ist die Tugend der Demut, welche sie von Kindheit an ge\u00fcbt hat. Sie bewies dieselbe, als sie ihren Lobgesang bei dem Besuche ihrer Base Elisabeth anstimmte und ausrief: \u201eDer Herr hat herabgesehen auf die Niedrigkeit seiner Magd.\u201c<br>\u201eDie Demut,\u201c sagt der heilige Bernhard, \u201eist die H\u00fcterin und Grundlage aller Tugenden,\u201c und er hatte recht. Ohne Demut kann keine andere Tugend in der Seele Platz finden, denn diese werden alle fliehen, sobald die Demut sie verl\u00e4sst. Nur in ein dem\u00fctiges Herz k\u00f6nnen wir die g\u00f6ttliche Gnade aufnehmen. \u201eChristus befiehlt uns nicht,\u201c sagt der heilige Augustinus, \u201evon ihm zu lernen, eine Welt zu bauen, Sichtbares und Unsichtbares zu erschaffen, Wunder zu wirken, Tote wieder lebendig zu machen, sondern von Herzen dem\u00fctig zu sein.\u201c<br>Willst du das erhabene Geb\u00e4ude der Tugend auff\u00fchren, so beginne bei dem Grundstein der Demut. Da du dich entschlossen hast, den Weg zu wandeln, den Jesus und Maria gewandelt, und da Christus selbst dir zuruft: \u201eLerne von mir, weil ich sanftm\u00fctig und dem\u00fctig bin von Herzen,\u201c so bestrebe dich mit allem Eifer, diese Tugend zu \u00fcben. Bedenke nur, dass diese Tugend der Grund des wahren geistigen Lebens ist. Durch Hochmut bist du gefallen, durch Demut kannst du von deinem Fall aufstehen, durch Demut allein dich vor dem Falle bewahren.<br><br><\/li>\n\n\n\n<li>An Maria, die die Demut selbst ist, kannst du sehen, worin diese Tugend besteht. Der wahrhaft Dem\u00fctige erkennt seine allseitige Abh\u00e4ngigkeit von Gott, seine Geringheit und Ohnmacht willig an und schreibt alles, was er ist und was er hat, Gott, als der einzigen Quelle alles Guten, freudig zu.<br>Er unterwirft sich in allem Gott und \u00fcbt treuen Gehorsam gegen seine Vorgesetzten, er strebt nicht nach eitler Ehre und ertr\u00e4gt Dem\u00fctigung und Verachtung mit Gleichmut, ja, wenn er in dieser Tugend bereits die Vollkommenheit erreicht hat, sogar mit Freude. Maria zeigt sich \u00fcberall als die Dem\u00fctige, bei ihrer Verk\u00fcndigung, wo sie sich eine Magd des Herrn nannte, bei ihrem Besuche der Anverwandten Elisabeth, dem heiligen Joseph gegen\u00fcber, dem sie gehorsam war, auf der Hochzeit zu Kana, vorz\u00fcglich unter dem Kreuze Jesu.<br>Ahme die Demut Mari\u00e4 nach. Erkenne gern an, dass du aus dir selbst nichts bist und alles Gott zu verdanken hast; bereue deine S\u00fcnden, die du begangen hast; erkenne deine Unvollkommenheiten, womit du behaftet bist; strebe nicht unordentlich nach Ehre, trage mit Geduld jede Unehre, sei gehorsam gegen deine Vorgesetzten, bescheiden und anspruchslos gegen deinen N\u00e4chsten.<br><\/li>\n<\/ol>\n\n\n\n<p>Lasset und beten <strong>3 Ave Maria<\/strong>, um durch Maria unsere S\u00fcndhaftigkeit, Schwachheit und Armseligkeit immer mehr zu erkennen.<\/p>\n\n\n\n<p>Gegr\u00fc\u00dfet seist du Maria \u2026<\/p>\n\n\n\n<p><em>Bei Privatandachten kann auch nach den Worten \u201eJesus\u201c jedes Mal hinzugesetzt werden:<\/em><\/p>\n\n\n\n<p>\u201eDer uns unsere Schwachheit und Armseligkeit wolle recht erkennen lassen.\u201c<br><\/p>\n\n\n\n<p class=\"has-medium-font-size\"><strong>Gebet<\/strong><\/p>\n\n\n\n<p>So ist es denn unm\u00f6glich, o meine K\u00f6nigin, dass ich dein Kind und ein wahrer Nachfolger deines Sohnes sei, wenn ich nicht dem\u00fctig bin. O meine Mutter, stehe mir bei und erlange mir durch die Verdienste deiner Demut die Gnade, dem\u00fctig und dadurch dein wahres Kind zu werden. Amen.<\/p>\n","protected":false},"excerpt":{"rendered":"<p>Vorbereitungsgebet und Aufopferungsgebet Von der Tugend der Demut Lasset und beten 3 Ave Maria, um durch Maria unsere S\u00fcndhaftigkeit, Schwachheit und Armseligkeit immer mehr zu erkennen. Gegr\u00fc\u00dfet seist du Maria \u2026 Bei Privatandachten kann auch nach den Worten \u201eJesus\u201c jedes &hellip; <a href=\"https:\/\/ecclesiae.de\/blog\/?page_id=11906\">Weiterlesen <span class=\"meta-nav\">&rarr;<\/span><\/a><\/p>\n","protected":false},"author":3,"featured_media":0,"parent":11795,"menu_order":13,"comment_status":"closed","ping_status":"closed","template":"","meta":{"footnotes":""},"class_list":["post-11906","page","type-page","status-publish","hentry"],"_links":{"self":[{"href":"https:\/\/ecclesiae.de\/blog\/index.php?rest_route=\/wp\/v2\/pages\/11906","targetHints":{"allow":["GET"]}}],"collection":[{"href":"https:\/\/ecclesiae.de\/blog\/index.php?rest_route=\/wp\/v2\/pages"}],"about":[{"href":"https:\/\/ecclesiae.de\/blog\/index.php?rest_route=\/wp\/v2\/types\/page"}],"author":[{"embeddable":true,"href":"https:\/\/ecclesiae.de\/blog\/index.php?rest_route=\/wp\/v2\/users\/3"}],"replies":[{"embeddable":true,"href":"https:\/\/ecclesiae.de\/blog\/index.php?rest_route=%2Fwp%2Fv2%2Fcomments&post=11906"}],"version-history":[{"count":1,"href":"https:\/\/ecclesiae.de\/blog\/index.php?rest_route=\/wp\/v2\/pages\/11906\/revisions"}],"predecessor-version":[{"id":11907,"href":"https:\/\/ecclesiae.de\/blog\/index.php?rest_route=\/wp\/v2\/pages\/11906\/revisions\/11907"}],"up":[{"embeddable":true,"href":"https:\/\/ecclesiae.de\/blog\/index.php?rest_route=\/wp\/v2\/pages\/11795"}],"wp:attachment":[{"href":"https:\/\/ecclesiae.de\/blog\/index.php?rest_route=%2Fwp%2Fv2%2Fmedia&parent=11906"}],"curies":[{"name":"wp","href":"https:\/\/api.w.org\/{rel}","templated":true}]}}