{"id":11908,"date":"2023-05-05T08:51:28","date_gmt":"2023-05-05T08:51:28","guid":{"rendered":"https:\/\/ecclesiae.de\/blog\/?page_id=11908"},"modified":"2023-05-05T08:51:28","modified_gmt":"2023-05-05T08:51:28","slug":"maiandacht-14-tag","status":"publish","type":"page","link":"https:\/\/ecclesiae.de\/blog\/?page_id=11908","title":{"rendered":"Maiandacht &#8211; 14. Tag"},"content":{"rendered":"\n<p><a href=\"https:\/\/ecclesiae.de\/blog\/?page_id=11795\">Vorbereitungsgebet und Aufopferungsgebet<\/a><\/p>\n\n\n\n<p class=\"has-medium-font-size\"><strong>Von der Tugend der Demut<\/strong><\/p>\n\n\n\n<ol class=\"wp-block-list\" type=\"1\">\n<li>\u00a0Ein fernerer Akt der Demut ist, dass man sowohl seine nat\u00fcrlichen, als \u00fcbernat\u00fcrlichen Gaben und Gnaden nicht hervorhebt, mit denselben nicht prunken und gl\u00e4nzen, nicht sich vor andern hervortun will. So handelte Maria. Sie wollte dem heiligen Joseph die Gnade, Mutter Gottes geworden zu sein, nicht entdecken, obgleich es notwendig zu sein schien, um ihm sein Misstrauen zu nehmen. Sie wollte sich auch nicht mit dieser Gnade r\u00fchmen vor ihrer Base Elisabeth, sondern sie gab Gott allein die Ehre und antwortete auf den Gru\u00df Elisabeths: \u201eHoch preiset meine Seele den Herrn,\u201c als ob sie gesagt h\u00e4tte: \u201eDu lobst mich, aber ich lobe den Herrn, der allein gelobt zu werden verdient. Du bewunderst mich, aber ich bewundere allein die G\u00fcte Gottes. Du preisest mich, und ich preise Gott, der mein Nichts so hoch hat erheben wollen.\u201c So mache auch du es, meine Seele. Gib Gott allein die Ehre, denn was du bist und hast, hast du Gott allein zu verdanken.<br><br><\/li>\n\n\n\n<li>Der Dem\u00fctige will auch den anderen gern Dienste erweisen und sich denen unterwerfen, die unter ihm stehen. Deshalb wollte auch Maria ihrer Base drei Monate lang dienen.<br>\u201eElisabeth wunderte sich,\u201c sagt der heilige Bernhard, \u201edass Maria zu ihr kam, aber sie wunderte sich noch mehr, als sie sah, dass Maria nicht gekommen war, um bedient zu werden, sondern zu dienen.\u201c Maria, obschon allzeit die heiligste und unbefleckte Jungfrau, sowohl vor, als nach der Geburt ihres g\u00f6ttlichen Sohnes, erf\u00fcllte dennoch das Gesetz der Reinigung, wozu sie nicht verbunden war, und brachte das Opfer der Armen. Sie wurde dazu bewogen durch die ihr eigene Tugend der Demut. Der dem\u00fctige liebt Verachtung.<br>\u201eSie h\u00f6chste Stufe der Demut,\u201c sagt der heilige Franz von Sales, \u201ebesteht darin, dass man an Dem\u00fctigungen und Erniedrigungen sich ebenso sehr erfreue, als eitle Gem\u00fcter an gro\u00dfen Ehren sich erfreuen.\u201c<br>So war es bei Maria. Darum fand sie sich mehr da ein, wo sie Dem\u00fctigungen erfuhr, als wo Ernte einzuernten war. Daher liest man nicht, dass Maria am Palmsonntage bei dem Einzuge Jesu zu Jerusalem gegenw\u00e4rtig war, hingegen unterlie\u00df sie es nicht, bei der Kreuzigung ihres Sohnes auf dem Kalvarienberge zu erscheinen, um dem schmerzlichen Tode ihres g\u00f6ttlichen Kindes beizuwohnen. Wenn die Heiligste und Reinste so gehandelt hat, was sollst du tun, meine Seele, die du Gott so oft beleidigt, vielleicht durch Hochmut so tief gefallen bist? \u2026<br><\/li>\n<\/ol>\n\n\n\n<p>Lasset und beten <strong>3 Ave Maria<\/strong>, um durch Maria die Tugend der wahren Demut zu erlangen.<\/p>\n\n\n\n<p>Gegr\u00fc\u00dfet seist du Maria \u2026<\/p>\n\n\n\n<p><em>Bei Privatandachten kann auch nach den Worten \u201eJesus\u201c jedes Mal hinzugesetzt werden:<\/em><\/p>\n\n\n\n<p>\u201eDer uns die Tugend der wahren Demut verleihen wolle.\u201c<\/p>\n\n\n\n<p>  <\/p>\n\n\n\n<p class=\"has-medium-font-size\"><strong>Gebet<\/strong><\/p>\n\n\n\n<p>Nicht mir, o Herr, nicht mir, sondern Deinem Namen gib die Ehre, denn wie soll ich Ehre verlangen, da ich meine W\u00fcrde als Mensch und Christ durch S\u00fcndigen oft verletzt habe! Wie soll ein S\u00fcnder noch Ehre verlangen und sich nicht unterwerfen wollen, da er doch verdient hat, den b\u00f6sen Geistern unterworfen zu sein! O Maria, hilf mir, dass ich mich selbst verachte, aber meine Mitmenschen achte und Gott allein und immer die Ehre gebe. Amen.<\/p>\n","protected":false},"excerpt":{"rendered":"<p>Vorbereitungsgebet und Aufopferungsgebet Von der Tugend der Demut Lasset und beten 3 Ave Maria, um durch Maria die Tugend der wahren Demut zu erlangen. Gegr\u00fc\u00dfet seist du Maria \u2026 Bei Privatandachten kann auch nach den Worten \u201eJesus\u201c jedes Mal hinzugesetzt &hellip; <a href=\"https:\/\/ecclesiae.de\/blog\/?page_id=11908\">Weiterlesen <span class=\"meta-nav\">&rarr;<\/span><\/a><\/p>\n","protected":false},"author":3,"featured_media":0,"parent":11795,"menu_order":14,"comment_status":"closed","ping_status":"closed","template":"","meta":{"footnotes":""},"class_list":["post-11908","page","type-page","status-publish","hentry"],"_links":{"self":[{"href":"https:\/\/ecclesiae.de\/blog\/index.php?rest_route=\/wp\/v2\/pages\/11908","targetHints":{"allow":["GET"]}}],"collection":[{"href":"https:\/\/ecclesiae.de\/blog\/index.php?rest_route=\/wp\/v2\/pages"}],"about":[{"href":"https:\/\/ecclesiae.de\/blog\/index.php?rest_route=\/wp\/v2\/types\/page"}],"author":[{"embeddable":true,"href":"https:\/\/ecclesiae.de\/blog\/index.php?rest_route=\/wp\/v2\/users\/3"}],"replies":[{"embeddable":true,"href":"https:\/\/ecclesiae.de\/blog\/index.php?rest_route=%2Fwp%2Fv2%2Fcomments&post=11908"}],"version-history":[{"count":1,"href":"https:\/\/ecclesiae.de\/blog\/index.php?rest_route=\/wp\/v2\/pages\/11908\/revisions"}],"predecessor-version":[{"id":11909,"href":"https:\/\/ecclesiae.de\/blog\/index.php?rest_route=\/wp\/v2\/pages\/11908\/revisions\/11909"}],"up":[{"embeddable":true,"href":"https:\/\/ecclesiae.de\/blog\/index.php?rest_route=\/wp\/v2\/pages\/11795"}],"wp:attachment":[{"href":"https:\/\/ecclesiae.de\/blog\/index.php?rest_route=%2Fwp%2Fv2%2Fmedia&parent=11908"}],"curies":[{"name":"wp","href":"https:\/\/api.w.org\/{rel}","templated":true}]}}