{"id":11912,"date":"2023-05-05T12:57:15","date_gmt":"2023-05-05T12:57:15","guid":{"rendered":"https:\/\/ecclesiae.de\/blog\/?page_id=11912"},"modified":"2023-05-05T13:00:51","modified_gmt":"2023-05-05T13:00:51","slug":"maiandacht-15-tag","status":"publish","type":"page","link":"https:\/\/ecclesiae.de\/blog\/?page_id=11912","title":{"rendered":"Maiandacht &#8211; 15. Tag"},"content":{"rendered":"\n<p><a href=\"https:\/\/ecclesiae.de\/blog\/?page_id=11795\">Vorbereitungs- und Aufopferungsgebet<\/a><\/p>\n\n\n\n<p class=\"has-medium-font-size\"><strong>Von der Tugend des Gehorsams<\/strong><\/p>\n\n\n\n<ol class=\"wp-block-list\" type=\"1\">\n<li>Mehr als alle Opfer gilt bei Gott der Gehorsam, darum hat auch Jesus diese Tugend am vorz\u00fcglichsten ge\u00fcbt und ist, wie der Apostel sagt, gehorsam geworden bis zum Tode, ja, bis zum Tode am Kreuze.<br>Auch an Maria gl\u00e4nzte diese Tugend im hellsten Lichte. Sie gehorchte bereitwillig dem r\u00f6mischen Kaiser und machte die weite Reise nach Bethlehem, um sich dort mit Joseph aufschreiben zu lassen. Sie gehorchte schnell ihrem Br\u00e4utigam Joseph, indem sie sich mitten in der Nacht auf seine Ermahnung zur Flucht nach \u00c4gypten aufmachte. Ohne Murren, ohne Widerrede, ohne Betr\u00fcbnis unterwarf Maria ihren Willen aus Liebe zu Gott dem Willen anderer,<br>So brich auch du deinen Eigenwillen, der durch die S\u00fcnde so unbeugsam geworden ist. Auf solche Weise erf\u00fcllst du das, was Jesus will, indem er spricht: \u201eWer mir nachfolgen will, der verleugne sich selbst.\u201c<br><br><\/li>\n\n\n\n<li>Maria unterwarf ihren Willen dem Willen anderer aus Liebe zu Gott, denn nur dann hat der Gehorsam wahren Wert. Der g\u00f6ttliche Wille war die Richtschnur all ihren Tuns und Lassens. \u201eEs war,\u201c wie der heilige Bernhardin sagt, \u201eihre liebste Besch\u00e4ftigung auf Erden, darauf zu schauen, was Gott von ihr verlange, um dies alsdann ins Werk zu setzen.\u201c Dem Gehorsam gegen Gott brachte sie alles, ihr Liebstes, sich selbst zum Opfer. Einen Beweis hiervon gab sie damals, als sie auf dem Kalvarienberge ihren g\u00f6ttlichen Sohn, ihr Liebstes auf Erden, so mutvoll aufopferte.<\/li>\n<\/ol>\n\n\n\n<p>O lerne denn auch du, meine Seele, von Maria die sch\u00f6nste aller Tugenden \u00fcben! Ohne Gehorsam kannst du nimmermehr zu Gott gelangen, denn ohne Gehorsam gibt es keine wahre Tugend, und ohne wahre Tugend keine Seligkeit. \u201eDer Gehorsam,\u201c sagt der heilige Bonaventura, \u201eist ein Schiff, in dem man zum Himmel segelt, ein Schl\u00fcssel, der den Himmel \u00f6ffnet.\u201c Die heilige Theresia sagt: \u201eDer b\u00f6se Geist, der da wei\u00df, dass kein Weg schneller auf den Gipfel der Vollkommenheit f\u00fchrt, als der Weg des Gehorsams, wendet manche unter dem unscheinbaren Vorwande des Guten von der \u00dcbung dieser Tugend ab.\u201c<br><\/p>\n\n\n\n<p>Lasset und beten <strong>3 Ave Maria<\/strong>, um durch Maria die Tugend des Gehorsams zu erlangen.<\/p>\n\n\n\n<p>Gegr\u00fc\u00dfet seist du Maria \u2026<\/p>\n\n\n\n<p><em>Bei Privatandachten kann auch nach den Worten \u201eJesus\u201c jedes Mal hinzugesetzt werden:<\/em><\/p>\n\n\n\n<p>\u201eDer uns die Tugend des Gehorsams schenken wolle.\u201c<br><\/p>\n\n\n\n<p class=\"has-medium-font-size\"><strong>Gebet<\/strong><\/p>\n\n\n\n<p>O meine geliebte K\u00f6nigin und Mutter meines Gottes, bitte Jesum f\u00fcr mich und erlange mir um deines Gehorsams willen die Gnade, dass ich getreu den Willen Gottes und aus Liebe zu Gott den Willen derjenigen erf\u00fclle, die \u00fcber mich gesetzt sind, besonders aber meinen geistlichen F\u00fchrern mich gern unterwerfe. Amen.<\/p>\n","protected":false},"excerpt":{"rendered":"<p>Vorbereitungs- und Aufopferungsgebet Von der Tugend des Gehorsams O lerne denn auch du, meine Seele, von Maria die sch\u00f6nste aller Tugenden \u00fcben! Ohne Gehorsam kannst du nimmermehr zu Gott gelangen, denn ohne Gehorsam gibt es keine wahre Tugend, und ohne &hellip; <a href=\"https:\/\/ecclesiae.de\/blog\/?page_id=11912\">Weiterlesen <span class=\"meta-nav\">&rarr;<\/span><\/a><\/p>\n","protected":false},"author":3,"featured_media":0,"parent":11795,"menu_order":15,"comment_status":"closed","ping_status":"closed","template":"","meta":{"footnotes":""},"class_list":["post-11912","page","type-page","status-publish","hentry"],"_links":{"self":[{"href":"https:\/\/ecclesiae.de\/blog\/index.php?rest_route=\/wp\/v2\/pages\/11912","targetHints":{"allow":["GET"]}}],"collection":[{"href":"https:\/\/ecclesiae.de\/blog\/index.php?rest_route=\/wp\/v2\/pages"}],"about":[{"href":"https:\/\/ecclesiae.de\/blog\/index.php?rest_route=\/wp\/v2\/types\/page"}],"author":[{"embeddable":true,"href":"https:\/\/ecclesiae.de\/blog\/index.php?rest_route=\/wp\/v2\/users\/3"}],"replies":[{"embeddable":true,"href":"https:\/\/ecclesiae.de\/blog\/index.php?rest_route=%2Fwp%2Fv2%2Fcomments&post=11912"}],"version-history":[{"count":2,"href":"https:\/\/ecclesiae.de\/blog\/index.php?rest_route=\/wp\/v2\/pages\/11912\/revisions"}],"predecessor-version":[{"id":11915,"href":"https:\/\/ecclesiae.de\/blog\/index.php?rest_route=\/wp\/v2\/pages\/11912\/revisions\/11915"}],"up":[{"embeddable":true,"href":"https:\/\/ecclesiae.de\/blog\/index.php?rest_route=\/wp\/v2\/pages\/11795"}],"wp:attachment":[{"href":"https:\/\/ecclesiae.de\/blog\/index.php?rest_route=%2Fwp%2Fv2%2Fmedia&parent=11912"}],"curies":[{"name":"wp","href":"https:\/\/api.w.org\/{rel}","templated":true}]}}