{"id":11919,"date":"2023-05-05T15:57:51","date_gmt":"2023-05-05T15:57:51","guid":{"rendered":"https:\/\/ecclesiae.de\/blog\/?page_id=11919"},"modified":"2023-05-05T15:57:51","modified_gmt":"2023-05-05T15:57:51","slug":"maiandacht-17-tag","status":"publish","type":"page","link":"https:\/\/ecclesiae.de\/blog\/?page_id=11919","title":{"rendered":"Maiandacht &#8211; 17. Tag"},"content":{"rendered":"\n<p><a href=\"https:\/\/ecclesiae.de\/blog\/?page_id=11795\">Vorbereitungsgebet und Aufopferungsgebet<\/a><\/p>\n\n\n\n<p class=\"has-medium-font-size\"><strong>Von der Tugend der Geduld<\/strong><\/p>\n\n\n\n<ol class=\"wp-block-list\" type=\"1\">\n<li>\u00a0\u201eWer in seinen Reden nicht anst\u00f6\u00dft, der ist ein vollkommener Mann,\u201c schreibt der heilige Apostel Jakobus. Ohne Bez\u00e4hmung der Zunge gibt es gar keine Vollkommenheit und keine wahre Fr\u00f6mmigkeit. Maria, das Muster aller Tugenden, wusste dies wohl, darum bez\u00e4hmte sie auch so sehr ihre Zunge. Schon als Kind von drei Jahren suchte sie sich im Umgange mit Menschen ihren einsamen Aufenthalt im Tempel zu entziehen, wo sie in ihrer Zelle oder im Tempel selbst sich nur mit Gott unterhielt. Vor ihren Mund hatte sie eine Wache gesetzt, die Gegenwart Gottes. \u00d6ffnete sie ihren Mund, so geschah es nur, um von Gott und g\u00f6ttlichen Dingen zu reden, und auch hier beobachtete sie die gr\u00f6\u00dfte Bescheidenheit und Demut. Musste sie von zeitlichen Dingen reden, so gebrauchte sie wenige treffende Worte, w\u00e4hrend ihr Herz bei Gott war. So wurde Maria ein Muster des Stillschweigens f\u00fcr alle, die mit ihr im Tempelgeb\u00e4ude wohnten, und rings um sie herrschte der tiefste Friede.<br><br><\/li>\n\n\n\n<li>Als sie in das \u00f6ffentliche Lebe hinaustrat und zu Nazareth in ihrem armen H\u00e4uslein wohnte, nahm sie diese Tugend mit sich. Einsam weilte sie in ihrem K\u00e4mmerlein. Der Erzengel Gabriel trifft sie nicht auf der Stra\u00dfe, nicht auf Besuch bei andern in eitlem Geschw\u00e4tz begriffen, sondern zuhause im Gebete. Bis in ihr hohes Alter \u00fcbte sie die Tugend des Stillschweigens oder das Schweigen. Wenig kommt von ihr vor in der heiligen Schrift, ein Zeichen, dass sie wenig sprach. Was sie h\u00f6rte und sah, bewahrte sie in ihrem Herzen. Am liebsten redete sie mit Gott im Gebete und in der Betrachtung und mied die Menschen, besonders jene, die gern und viel redeten, denn sie wusste, dass, wer viel mit den Menschen redet, wenig mit Gott reden kann.<br>Und wie viele S\u00fcnden werden au\u00dferdem durch Reden begangen, wie viele Ehrabschneidungen, Verleumdungen! Wie viele S\u00fcnden durch L\u00fcgen, durch \u00e4rgerliche, unkeusche, gottesl\u00e4sterliche und lieblose Reden, durch Tadeln, Klatschsucht und Ohrenbl\u00e4serei!<br>Wie wirst du bestehen vor deinem Richter, wenn du schon von jedem m\u00fc\u00dfigen Worte Rechenschaft ablegen sollst! Bez\u00e4hme also deine Zunge und t\u00f6te dich auch, so viel deine Verh\u00e4ltnisse es gestatten, in erlaubten Reden ab. Liebe das Stillschweigen, wo nicht die Ehre Gottes, das Heil der Seele, die Pflicht der N\u00e4chstenliebe und Anstand und H\u00f6flichkeit zu reden fordern: du wirst desto gesammelter in deinem Innern bleiben.<br>Das Stillschweigen ist die Mutter heiliger Gedanken. Nur in einsamer Stille redet Gott zu deinem Herzen und teilt dir seine Liebkosungen und Tr\u00f6stungen mit.<br><\/li>\n<\/ol>\n\n\n\n<p>Lasset und beten <strong>3 Ave Maria<\/strong>, um durch Maria die Tugend des Stillschweigens zu erhalten.<\/p>\n\n\n\n<p>Gegr\u00fc\u00dfet seist du Maria \u2026<\/p>\n\n\n\n<p><em>Bei Privatandachten kann auch nach den Worten \u201eJesus\u201c jedes Mal hinzugesetzt werden:<\/em><\/p>\n\n\n\n<p>\u201eDer uns die Tugend des gottgef\u00e4lligen Stillschweigens schenken wolle.\u201c<br><\/p>\n\n\n\n<p class=\"has-medium-font-size\"><strong>Gebet<\/strong><\/p>\n\n\n\n<p>O Maria, meine liebe Mutter, lehre mich doch, meine Zunge zu bez\u00e4hmen und stillzuschweigen, wo nicht die Ehre Gottes, das Heil der Seele und die Pflicht der N\u00e4chstenliebe fordern, zu reden, damit ich die Ruhe der Seele, den Frieden mit meinem Mitmenschen, die Andacht im Gebete, den Fortschritt in der Fr\u00f6mmigkeit, die Gnade Gottes und die Seligkeit nicht verliere. Amen.<\/p>\n","protected":false},"excerpt":{"rendered":"<p>Vorbereitungsgebet und Aufopferungsgebet Von der Tugend der Geduld Lasset und beten 3 Ave Maria, um durch Maria die Tugend des Stillschweigens zu erhalten. Gegr\u00fc\u00dfet seist du Maria \u2026 Bei Privatandachten kann auch nach den Worten \u201eJesus\u201c jedes Mal hinzugesetzt werden: &hellip; <a href=\"https:\/\/ecclesiae.de\/blog\/?page_id=11919\">Weiterlesen <span class=\"meta-nav\">&rarr;<\/span><\/a><\/p>\n","protected":false},"author":3,"featured_media":0,"parent":11795,"menu_order":17,"comment_status":"closed","ping_status":"closed","template":"","meta":{"footnotes":""},"class_list":["post-11919","page","type-page","status-publish","hentry"],"_links":{"self":[{"href":"https:\/\/ecclesiae.de\/blog\/index.php?rest_route=\/wp\/v2\/pages\/11919","targetHints":{"allow":["GET"]}}],"collection":[{"href":"https:\/\/ecclesiae.de\/blog\/index.php?rest_route=\/wp\/v2\/pages"}],"about":[{"href":"https:\/\/ecclesiae.de\/blog\/index.php?rest_route=\/wp\/v2\/types\/page"}],"author":[{"embeddable":true,"href":"https:\/\/ecclesiae.de\/blog\/index.php?rest_route=\/wp\/v2\/users\/3"}],"replies":[{"embeddable":true,"href":"https:\/\/ecclesiae.de\/blog\/index.php?rest_route=%2Fwp%2Fv2%2Fcomments&post=11919"}],"version-history":[{"count":1,"href":"https:\/\/ecclesiae.de\/blog\/index.php?rest_route=\/wp\/v2\/pages\/11919\/revisions"}],"predecessor-version":[{"id":11920,"href":"https:\/\/ecclesiae.de\/blog\/index.php?rest_route=\/wp\/v2\/pages\/11919\/revisions\/11920"}],"up":[{"embeddable":true,"href":"https:\/\/ecclesiae.de\/blog\/index.php?rest_route=\/wp\/v2\/pages\/11795"}],"wp:attachment":[{"href":"https:\/\/ecclesiae.de\/blog\/index.php?rest_route=%2Fwp%2Fv2%2Fmedia&parent=11919"}],"curies":[{"name":"wp","href":"https:\/\/api.w.org\/{rel}","templated":true}]}}