{"id":11922,"date":"2023-05-06T13:16:35","date_gmt":"2023-05-06T13:16:35","guid":{"rendered":"https:\/\/ecclesiae.de\/blog\/?page_id=11922"},"modified":"2023-05-06T13:16:35","modified_gmt":"2023-05-06T13:16:35","slug":"maiandacht-18-tag","status":"publish","type":"page","link":"https:\/\/ecclesiae.de\/blog\/?page_id=11922","title":{"rendered":"Maiandacht &#8211; 18. Tag"},"content":{"rendered":"\n<p><a href=\"https:\/\/ecclesiae.de\/blog\/?page_id=11795\">Vorbereitungsgebet und Aufopferungsgebet<\/a><\/p>\n\n\n\n<p class=\"has-medium-font-size\"><strong>Von der Herzensreinigkeit<\/strong><\/p>\n\n\n\n<ol class=\"wp-block-list\" type=\"1\">\n<li>\u00a0Es gibt eine doppelte Herzensreinigkeit, die des Fleisches und des Geistes. In beiden gibt uns Maria das sch\u00f6nste Beispiel. Die erste besteht in der Unbeflecktheit des Herzens von jedem unlauteren Gedanken, von jeder unreinen Regung und Begierde, von jedem die Keuschheit befleckenden Tun. Maria hat nie auch nur durch den kleinsten unreinen Gedanken ihr Herz befleckt, nie ihr Herz durch unordentliche Liebe zu einem Gesch\u00f6pfe verunreinigt. Schon als Kind weihte sie ihre unbefleckte Reinheit Gott, dem Liebhaber keuscher Seelen. Lieber wollte sie die W\u00fcrde, Mutter Gottes zu werden, ablehnen, als ihre jungfr\u00e4uliche Reinigkeit hingeben. Lilienwei\u00df blieb ihr Herz, und mit Recht wird sie eine K\u00f6nigin der Jungfrauen genannt. An ihrem ganzen Leibe herrschte die gr\u00f6\u00dfte Schamhaftigkeit. Gelenkt waren ihre Augen, geschlossen ihre Ohren, z\u00fcchtig ihr Gang, keusch ihr Anzug, und ihr Herz hatte sie mit Gebet und Abt\u00f6tung so sehr verschlossen, dass auch nicht der geringste b\u00f6se Gedanke Eingang fand. Wie eine Lilie unten den Dornen bl\u00fchte sie, und ihr blo\u00dfer Anblick fl\u00f6\u00dfte allen, die sie sahen, reine Gedanken und Empfindungen ein. <br>Willst du also, meine Seele, dass Gott der Herr in dir wohne, dass die Gnade des Herrn immer mit dir sei, dass reine Liebe Gottes immer in deinem Herzen brenne, so folge Maria nach und w\u00e4hle sie, die reinste und keuscheste Jungfrau, zu deiner besonderen F\u00fcrbitterin um die heilige Keuschheit. Bedenke, wie hoch von den Heiligen Gottes diese himmlische Tugend erhoben wird. \u201eO Keuschheit, \u201esagt der heilige Athanasius, \u201edu kostbare Perle, die du von wenigen gefunden, von vielen sogar gehasst, und nur von denen, die deiner w\u00fcrdig sind, gesucht wirst! Du t\u00f6test den Tod und lebst selbst in der Unsterblichkeit. Du bist die Freude der Propheten, die Zierde der Apostel, das Leben der Engel, die Siegeskrone der Heiligen.\u201c<br><br><\/li>\n\n\n\n<li>Die zweite Art der Herzensreinigkeit ist geistiger Art und besteht darin, dass man bei all seinem Tun und Lassen immer die reinste Absicht hat, Gott, dem h\u00f6chsten Gute, allein zu gefallen, ihn allein zu lieben, ihm allein zu dienen und alle Ehre zu erweisen. Auch hierin ist Maria unser Muster. Gott zu gefallen, eilte sie als kleines Kind in den Tempel und weihte sich dort ganz und gar dem Allerh\u00f6chsten. Gott zu gefallen, \u00fcbernahm sie mit der Geburt ihres Kindes alle Leiden, opferte ihm ihren Eingeborenen im Tempel und am Kreuze und wies alles Lob, alle Ehre von sich. Alle ihre Schritte und Tritte, alle Gedanken, Worte und Werke opferte sie t\u00e4glich, ja st\u00fcndlich, Gott auf. Sie wollte nur, dass Gott von ihr und allen Gesch\u00f6pfen geliebt, gelobt und gepriesen werde. <br>Das sei auch dein Ziel, christliche Seele! Sobald du deine Ehre suchst, und, um den Menschen zu gefallen, Gutes tust und B\u00f6ses meidest, oder sobald du etwas au\u00dfer Gott liebst oder nicht wegen Gott, der es erschaffen hat und erh\u00e4lt, so verunreinigst du dein Herz und verletzest die Treue, welche du Gott zu halten schuldig bist. \u201eO wie gut ist es,\u201c sagt der heilige Franz von Sales, \u201enicht anders zu wirken, als wegen Gott, in nichts anderm sich zu erg\u00f6tzen, als in Gott! F\u00e4nde ich in mir nur die geringste Neigung, die nicht von Gott herkommen oder sich nicht auf ihn beziehen sollte, so wollte ich sie sogleich ausrei\u00dfen!\u201c<br>\u201eAlles meinem Gott zu Ehren,\u201c das sei dein Wahlspruch.<br><\/li>\n<\/ol>\n\n\n\n<p>Lasset und beten <strong>3 Ave Maria<\/strong>, um durch Maria die Tugend der Herzensreinigkeit zu erlangen.<\/p>\n\n\n\n<p>Gegr\u00fc\u00dfet seist du Maria \u2026<\/p>\n\n\n\n<p><em>Bei Privatandachten kann auch nach den Worten \u201eJesus\u201c jedes Mal hinzugesetzt werden:<\/em><\/p>\n\n\n\n<p>\u201eDer in uns ein reines Herz schaffen wolle.\u201c<\/p>\n\n\n\n<p class=\"has-medium-font-size\"><br><strong>Gebet<\/strong><\/p>\n\n\n\n<p>O allerreinste Braut des heiligen Geistes, unbefleckte Jungfrau Maria, lehre mich die Herzensreinigkeit bewahren. Besch\u00fctze mich vor jeder unreinen Versuchung und beh\u00fcte mich vor jedem Verlangen nach eitler Ehre, damit ich Gott immer ein reines Herz weihen, mit reinem Herzen ihn, den Heiligsten der Heiligen lieben kann! Amen.<\/p>\n","protected":false},"excerpt":{"rendered":"<p>Vorbereitungsgebet und Aufopferungsgebet Von der Herzensreinigkeit Lasset und beten 3 Ave Maria, um durch Maria die Tugend der Herzensreinigkeit zu erlangen. Gegr\u00fc\u00dfet seist du Maria \u2026 Bei Privatandachten kann auch nach den Worten \u201eJesus\u201c jedes Mal hinzugesetzt werden: \u201eDer in &hellip; <a href=\"https:\/\/ecclesiae.de\/blog\/?page_id=11922\">Weiterlesen <span class=\"meta-nav\">&rarr;<\/span><\/a><\/p>\n","protected":false},"author":3,"featured_media":0,"parent":11795,"menu_order":18,"comment_status":"closed","ping_status":"closed","template":"","meta":{"footnotes":""},"class_list":["post-11922","page","type-page","status-publish","hentry"],"_links":{"self":[{"href":"https:\/\/ecclesiae.de\/blog\/index.php?rest_route=\/wp\/v2\/pages\/11922","targetHints":{"allow":["GET"]}}],"collection":[{"href":"https:\/\/ecclesiae.de\/blog\/index.php?rest_route=\/wp\/v2\/pages"}],"about":[{"href":"https:\/\/ecclesiae.de\/blog\/index.php?rest_route=\/wp\/v2\/types\/page"}],"author":[{"embeddable":true,"href":"https:\/\/ecclesiae.de\/blog\/index.php?rest_route=\/wp\/v2\/users\/3"}],"replies":[{"embeddable":true,"href":"https:\/\/ecclesiae.de\/blog\/index.php?rest_route=%2Fwp%2Fv2%2Fcomments&post=11922"}],"version-history":[{"count":1,"href":"https:\/\/ecclesiae.de\/blog\/index.php?rest_route=\/wp\/v2\/pages\/11922\/revisions"}],"predecessor-version":[{"id":11923,"href":"https:\/\/ecclesiae.de\/blog\/index.php?rest_route=\/wp\/v2\/pages\/11922\/revisions\/11923"}],"up":[{"embeddable":true,"href":"https:\/\/ecclesiae.de\/blog\/index.php?rest_route=\/wp\/v2\/pages\/11795"}],"wp:attachment":[{"href":"https:\/\/ecclesiae.de\/blog\/index.php?rest_route=%2Fwp%2Fv2%2Fmedia&parent=11922"}],"curies":[{"name":"wp","href":"https:\/\/api.w.org\/{rel}","templated":true}]}}