{"id":11925,"date":"2023-05-08T07:30:18","date_gmt":"2023-05-08T07:30:18","guid":{"rendered":"https:\/\/ecclesiae.de\/blog\/?page_id=11925"},"modified":"2023-05-08T07:30:18","modified_gmt":"2023-05-08T07:30:18","slug":"maiandacht-19-tag","status":"publish","type":"page","link":"https:\/\/ecclesiae.de\/blog\/?page_id=11925","title":{"rendered":"Maiandacht &#8211; 19. Tag"},"content":{"rendered":"\n<p><a href=\"https:\/\/ecclesiae.de\/blog\/?page_id=11795\">Vorbereitungsgebet und Aufopferungsgebet<\/a><\/p>\n\n\n\n<p class=\"has-medium-font-size\"><strong>Von der Tugend der Armut<\/strong><\/p>\n\n\n\n<ol class=\"wp-block-list\" type=\"1\">\n<li>\u00a0Unser liebensw\u00fcrdigster Erl\u00f6ser wollte arm auf Erden erscheinen, um uns dadurch die Verachtung der G\u00fcter dieser Welt zu lehren. Darum w\u00e4hlte er sich auch zu seiner Mutter eine arme Jungfrau. Wie Jesus, so liebte auch Maria die Armut. Obwohl aus k\u00f6niglichem Gebl\u00fcte stammend, sch\u00e4mte sie sich nicht, ihren Unterhalt durch Arbeit zu erwerben. Ein Engel offenbarte eines Tages der heiligen Brigitta, dass die Reicht\u00fcmer dieser Welt Maria so ver\u00e4chtlich geschienen, wie Stra\u00dfenstaub. Gleichwie Maria arm gelebt, so starb sie auch in Armut, denn nichts hinterlie\u00df sie nach ihrem Tode, als zwei \u00e4rmliche Kleider, die sie nach dem Berichte des Nicophorus zwei armen Frauen schenkte. <br>Bist du also, christliche Seele, arm, von niedrigem Stande, so freue dich, auf solche Weise Jesu und Maria \u00e4hnlich zu sein. Verlange nie unordentlich nach irdischem Besitze, sei immer zufrieden mit dem wenigen, dass du besitzest, und vertraue auf den Herrn, der auch dich, wie Maria, nicht verlassen wird.<br><br><\/li>\n\n\n\n<li>Bist du aber verm\u00f6gend, hast du ein gutes Auskommen, hat dich Gott mit G\u00fctern gesegnet, so h\u00e4nge ja dein Herz nicht an diese verg\u00e4nglichen G\u00fcter. Maria erhielt von den heiligen drei K\u00f6nigen kostbare Geschenke, aber sie verteilte sie, wie der heilige Bernhard sagt, sogleich unter die Armen. Unm\u00f6glich kannst du Gott ganz von Herzen lieben, wenn du die Erdeng\u00fcter unordentlich liebst. Halte dich immer nur f\u00fcr den Verwalter und Nutznie\u00dfer deines Verm\u00f6gens und freue dich, Mittel zu haben, den armen Gliedern Christi mitteilen zu k\u00f6nnen. Gibst du gern Almosen, so sei versichert, dass dir Jesus daf\u00fcr Gr\u00f6\u00dferes, seine s\u00fc\u00dfe Liebe und den reichlichsten Lohn im Himmel, zu teil werden lasse. Er sagt ja:<br>\u201eWas ihr dem Geringsten getan habt in meinem Namen, das habt ihr mir getan.\u201c <br>Sprich oft mit dem heiligen Ignatius: \u201eHerr, gib mir nur deine Liebe und deine Gnade, und ich bin reich genug.\u201c<br>Bist du aber durch Ungl\u00fcck um das Deinige gekommen und wieder arm geworden, so tr\u00f6ste dich mit dem Gedanken, dass auch Jesus und seine heilige Mutter arm gewesen und die Armut so sehr geliebt haben, und sprich mit dem heiligen Arsenius: \u201eO Gott, der Du f\u00fcr uns bist arm geworden, sei ewig gepriesen, dass Du mich an Deiner glorw\u00fcrdigen Armut teilnehmen lie\u00dfest.\u201c<\/li>\n<\/ol>\n\n\n\n<p>Lasset und beten <strong>3 Ave Maria<\/strong>, um durch Maria die Tugend der Armut zu erlangen.<\/p>\n\n\n\n<p>Gegr\u00fc\u00dfet seist du Maria \u2026<\/p>\n\n\n\n<p><em>Bei Privatandachten kann auch nach den Worten \u201eJesus\u201c jedes Mal hinzugesetzt werden:<\/em><\/p>\n\n\n\n<p>\u201eDer uns die Liebe zur Armut einfl\u00f6\u00dfen wolle.\u201c<br><\/p>\n\n\n\n<p class=\"has-medium-font-size\"><strong>Gebet<\/strong><\/p>\n\n\n\n<p>O Maria, meine g\u00fctige Mutter, du liebtest auf Erden kein anderes Gut, als Gott. Mache, dass ich der Welt ganz absterbe, ziehe mich zu dir, damit ich nur den liebe, der allein geliebt zu werden verdient, Jesum Christum, unsern Herrn. Amen.<\/p>\n","protected":false},"excerpt":{"rendered":"<p>Vorbereitungsgebet und Aufopferungsgebet Von der Tugend der Armut Lasset und beten 3 Ave Maria, um durch Maria die Tugend der Armut zu erlangen. Gegr\u00fc\u00dfet seist du Maria \u2026 Bei Privatandachten kann auch nach den Worten \u201eJesus\u201c jedes Mal hinzugesetzt werden: &hellip; <a href=\"https:\/\/ecclesiae.de\/blog\/?page_id=11925\">Weiterlesen <span class=\"meta-nav\">&rarr;<\/span><\/a><\/p>\n","protected":false},"author":3,"featured_media":0,"parent":11795,"menu_order":19,"comment_status":"closed","ping_status":"closed","template":"","meta":{"footnotes":""},"class_list":["post-11925","page","type-page","status-publish","hentry"],"_links":{"self":[{"href":"https:\/\/ecclesiae.de\/blog\/index.php?rest_route=\/wp\/v2\/pages\/11925","targetHints":{"allow":["GET"]}}],"collection":[{"href":"https:\/\/ecclesiae.de\/blog\/index.php?rest_route=\/wp\/v2\/pages"}],"about":[{"href":"https:\/\/ecclesiae.de\/blog\/index.php?rest_route=\/wp\/v2\/types\/page"}],"author":[{"embeddable":true,"href":"https:\/\/ecclesiae.de\/blog\/index.php?rest_route=\/wp\/v2\/users\/3"}],"replies":[{"embeddable":true,"href":"https:\/\/ecclesiae.de\/blog\/index.php?rest_route=%2Fwp%2Fv2%2Fcomments&post=11925"}],"version-history":[{"count":1,"href":"https:\/\/ecclesiae.de\/blog\/index.php?rest_route=\/wp\/v2\/pages\/11925\/revisions"}],"predecessor-version":[{"id":11926,"href":"https:\/\/ecclesiae.de\/blog\/index.php?rest_route=\/wp\/v2\/pages\/11925\/revisions\/11926"}],"up":[{"embeddable":true,"href":"https:\/\/ecclesiae.de\/blog\/index.php?rest_route=\/wp\/v2\/pages\/11795"}],"wp:attachment":[{"href":"https:\/\/ecclesiae.de\/blog\/index.php?rest_route=%2Fwp%2Fv2%2Fmedia&parent=11925"}],"curies":[{"name":"wp","href":"https:\/\/api.w.org\/{rel}","templated":true}]}}