{"id":11933,"date":"2023-05-08T13:03:02","date_gmt":"2023-05-08T13:03:02","guid":{"rendered":"https:\/\/ecclesiae.de\/blog\/?page_id=11933"},"modified":"2023-05-08T13:03:02","modified_gmt":"2023-05-08T13:03:02","slug":"maiandacht-21-tag","status":"publish","type":"page","link":"https:\/\/ecclesiae.de\/blog\/?page_id=11933","title":{"rendered":"Maiandacht &#8211; 21. Tag"},"content":{"rendered":"\n<p><a href=\"https:\/\/ecclesiae.de\/blog\/?page_id=11795\">Vorbereitungs- und Aufopferungsgebet<\/a><\/p>\n\n\n\n<p class=\"has-medium-font-size\"><strong>Von der Tugend der Hoffnung<\/strong><\/p>\n\n\n\n<ol class=\"wp-block-list\" type=\"1\">\n<li>\u00a0Aus dem Glauben geht hervor die Hoffnung, oder das Verlangen nach dem Besitze Gottes, und das Vertrauen, durch seine Gnade wirklich zu seinem Besitze zu gelangen. Maria war so fest im Vertrauen auf Gott gegr\u00fcndet und hatte ein solches Verlangen nach dem Besitze Gottes, dass sie die ganze Welt verachtete und weder auf irgendein Gesch\u00f6pf, noch auf ihre eigenen Verdienste das geringste Vertrauen setzte.<br>Wenn schon ein heiliger Paulus und viele andere Heiligen eine so gro\u00dfe Sehnsucht hatten nach dem Besitze Gottes und deshalb aufgel\u00f6st zu werden w\u00fcnschten: wie viel mehr d\u00fcrfen wir annehmen, dass Maria, welche die Tage dieses Lebens als Tage der Verbannung ansah, von heftigem Verlangen nach der Aufl\u00f6sung entbrannte, um mit ihrem g\u00f6ttlichen Sohne auf das innigste vereinigt zu werden! Einen Beweis ihres vollkommenen Gottvertrauens gab sie damals, als sie bemerke, dass der heilige Joseph, der Gottes Wundertaten an ihr nicht kannte, sie entlassen wollte; sie schwieg und \u00fcberlie\u00df alles Gott dem Herrn, mit dem festen Vertrauen, Gott werde ihre Unschuld und ihren Guten Ruf zu bewahren wissen.<br>Ebenso fest vertraute sie auf Gottes Vorsehung bei der Flucht nach \u00c4gypten. Besonders aber bewies sie ihr Vertrauen auf der Hochzeit zu Kana, wo sie, obgleich sie von ihrem Sohne eine dem Scheine nach abschl\u00e4gige Antwort erhielt, dennoch das feste Vertrauen hatte, sie werde erh\u00f6rt werden.<br>Lerne also hier, christliche Seele, von Maria diese g\u00f6ttliche Tugend \u00fcben. Lass alle menschliche Hoffnung fahren und halte fest an Gott in allen Versuchungen und Tr\u00fcbsalen.<br><br><\/li>\n\n\n\n<li>Wegen ihres unersch\u00fctterlichen Vertrauens auf Gott wird Maria die Mutter der heiligen Hoffnung genannt, ja, die katholische Kirche lehrt uns sogar sagen: \u201eMaria, unsere Hoffnung, sei gegr\u00fc\u00dft.\u201c<br>Maria ist also unsere Hoffnung, durch sie erlangen wir alles von Gott, sie ist der Kanal aller Gnaden Gottes. Solltest du also wegen deiner S\u00fcndhaftigkeit zagen und im Vertrauen auf Gott wanken, so wende dich zu Maria: sie wird dein Vertrauen st\u00e4rken und, wenn du herzlich zu ihr rufst, sich deiner annehmen und das Herz ihres g\u00f6ttlichen Sohnes bewegen, dass er dich erh\u00f6rt. Halte f\u00fcr gewiss, dass Christus seiner Mutter keine Bitte abschl\u00e4gt, wie er dieses der heiligen Brigitta geoffenbart hat, indem diese einst vernahm, wie Jesus zu Maria sprach:<br>\u201eDu hast mir auf Erden keine Bitte abgeschlagen, so werde ich dir auch im Himmel keine Bitte verweigern.\u201c<br><br><\/li>\n<\/ol>\n\n\n\n<p>Lasset und beten <strong>3 Ave Maria<\/strong> um Erlangung einer unersch\u00fctterlichen Hoffnung durch die F\u00fcrbitte Mari\u00e4.<\/p>\n\n\n\n<p>Gegr\u00fc\u00dfet seist du Maria \u2026<\/p>\n\n\n\n<p><em>Bei Privatandachten kann auch nach den Worten \u201eJesus\u201c jedes Mal hinzugesetzt werden:<\/em><\/p>\n\n\n\n<p>\u201eDer uns eine unersch\u00fctterliche Hoffnung verleihen wolle.\u201c<br><\/p>\n\n\n\n<p class=\"has-medium-font-size\"><strong>Gebet<\/strong><\/p>\n\n\n\n<p>O Maria, meine s\u00fc\u00dfe Hoffnung, sei gegr\u00fc\u00dft, und gew\u00e4hre mir die Freude, dich als den Grund aller meiner Hoffnung immer verehren zu d\u00fcrfen. Kommen Zweifel, werde ich kleinm\u00fctig und verzagt, dann eile mir zu Hilfe, dass ich nicht wanke. Besonders aber stehe mir bei, dass ich in der Todesstunde das Vertrauen auf Gottes G\u00fcte und Erbarmen und die Liebe deines g\u00f6ttlichen Sohnes nicht verliere. Amen.<\/p>\n","protected":false},"excerpt":{"rendered":"<p>Vorbereitungs- und Aufopferungsgebet Von der Tugend der Hoffnung Lasset und beten 3 Ave Maria um Erlangung einer unersch\u00fctterlichen Hoffnung durch die F\u00fcrbitte Mari\u00e4. Gegr\u00fc\u00dfet seist du Maria \u2026 Bei Privatandachten kann auch nach den Worten \u201eJesus\u201c jedes Mal hinzugesetzt werden: &hellip; <a href=\"https:\/\/ecclesiae.de\/blog\/?page_id=11933\">Weiterlesen <span class=\"meta-nav\">&rarr;<\/span><\/a><\/p>\n","protected":false},"author":3,"featured_media":0,"parent":11795,"menu_order":21,"comment_status":"closed","ping_status":"closed","template":"","meta":{"footnotes":""},"class_list":["post-11933","page","type-page","status-publish","hentry"],"_links":{"self":[{"href":"https:\/\/ecclesiae.de\/blog\/index.php?rest_route=\/wp\/v2\/pages\/11933","targetHints":{"allow":["GET"]}}],"collection":[{"href":"https:\/\/ecclesiae.de\/blog\/index.php?rest_route=\/wp\/v2\/pages"}],"about":[{"href":"https:\/\/ecclesiae.de\/blog\/index.php?rest_route=\/wp\/v2\/types\/page"}],"author":[{"embeddable":true,"href":"https:\/\/ecclesiae.de\/blog\/index.php?rest_route=\/wp\/v2\/users\/3"}],"replies":[{"embeddable":true,"href":"https:\/\/ecclesiae.de\/blog\/index.php?rest_route=%2Fwp%2Fv2%2Fcomments&post=11933"}],"version-history":[{"count":1,"href":"https:\/\/ecclesiae.de\/blog\/index.php?rest_route=\/wp\/v2\/pages\/11933\/revisions"}],"predecessor-version":[{"id":11934,"href":"https:\/\/ecclesiae.de\/blog\/index.php?rest_route=\/wp\/v2\/pages\/11933\/revisions\/11934"}],"up":[{"embeddable":true,"href":"https:\/\/ecclesiae.de\/blog\/index.php?rest_route=\/wp\/v2\/pages\/11795"}],"wp:attachment":[{"href":"https:\/\/ecclesiae.de\/blog\/index.php?rest_route=%2Fwp%2Fv2%2Fmedia&parent=11933"}],"curies":[{"name":"wp","href":"https:\/\/api.w.org\/{rel}","templated":true}]}}