{"id":11938,"date":"2023-05-09T07:06:10","date_gmt":"2023-05-09T07:06:10","guid":{"rendered":"https:\/\/ecclesiae.de\/blog\/?page_id=11938"},"modified":"2023-05-09T07:06:10","modified_gmt":"2023-05-09T07:06:10","slug":"maiandacht-22-tag","status":"publish","type":"page","link":"https:\/\/ecclesiae.de\/blog\/?page_id=11938","title":{"rendered":"Maiandacht &#8211; 22. Tag"},"content":{"rendered":"\n<p><a href=\"https:\/\/ecclesiae.de\/blog\/?page_id=11795\">Vorbereitungsgebet und Aufopferungsgebet<\/a><\/p>\n\n\n\n<p class=\"has-medium-font-size\"><strong>Vom Gebete<\/strong><\/p>\n\n\n\n<ol class=\"wp-block-list\" type=\"1\">\n<li>\u00a0Keine Seele auf Erden, sagt der heilige Alfonsus von Ligouri, hat mit gr\u00f6\u00dferer Vollkommenheit die Lehre unseres Heilandes: \u201eMan muss allzeit beten und nicht nachlassen,\u201c befolgt, als Maria. An niemand andern, schreibt der heilige Bonaventura, k\u00f6nnen wir ein besseres Beispiel nehmen, von niemanden k\u00f6nnen wir besser lernen, wie notwendig die Beharrlichkeit im Gebete sei, als von Maria. Sie begab sich schon als Kind von drei Jahren in den Tempel, um dort dem Gebete besser obliegen zu k\u00f6nnen. Sie betete ohne Unterlass bei Tag und Nacht, indem sie ihr Herz zu Gott erhoben hielt: immer stiegen heilige Liebesanmutungen aus ihren reinsten Herzen wie leuchtende Flammen zum Himmel empor. Nach dem Tode ihres g\u00f6ttlichen Sohnes und nach seiner Auffahrt zum Himmel besuchte sie h\u00e4ufig die Orte seiner Geburt, seines Leidens und Sterbens, betrachtete dort seine unendliche Liebe und gab uns ein Beispiel, wie auch wir das Leben, Leiden und Sterben des Heilandes stets vor Augen haben, innerlich betrachten und demselben nachleben sollen.<br>So fasse denn auch du, meine Seele, den festen Entschluss, ohne Unterlass das Gebet und die Betrachtung zu \u00fcben. Das Gebet ist der Schl\u00fcssel zu allen Gnaden des Herrn, durch die Betrachtung lernst du dich und die Welt verachten und dein Herz \u00fcber alles Irdische hinweg zum Himmel erheben, durch die Betrachtung wirst du frei von leidenschaftlicher Anh\u00e4nglichkeit an der Erde.<br><br><\/li>\n\n\n\n<li>\u201eWeil die allerseligste Jungfrau,\u201c sagt der heilige Alfonsus, \u201edas Gebet so sehr liebte, so trug sie auch eine so innige Liebe zur Einsamkeit und floh daher auch den Umgang mit Menschen so viel, wie m\u00f6glich.\u201c Im Gebete mit Gott vereinigt traf sie der Erzengel Gabriel einsam in ihrem K\u00e4mmerlein an, als er ihr die frohe Botschaft brachte, dass sie Mutter Gottes werden sollte. Der heilige Bernhard sagt daher, dass Maria aus Liebe zum Gebete und zur Einsamkeit immer darauf bedacht war, die Unterredung mit den Menschen zu fliehen, weshalb sie der heilige Geist eine Turteltaube nannte!<br>\u201eSch\u00f6n sind deine Wangen, wie die der Turteltaube.\u201c Denn die Turteltaube lebt einsam und deutet die innigste Bereinigung einer Seele mit Gott an.<br>Ahme denn auch hierin Maria nach, ziehe dich gern von unn\u00fctzem und unn\u00f6tigem Umgang mit Menschen zur\u00fcck, wandle stets in der Gegenwart Gottes. Musst du unter Menschen sein, unter ihnen leben und arbeiten, so erhebe dein Herz, so oft du kannst, durch heilige Seufzer zu Gott und suche dann in den Stunden, wo du dir \u00fcberlassen bist, mit Gott im Gebete dich zu unterhalten.<\/li>\n<\/ol>\n\n\n\n<p>Lasset und beten <strong>3 Ave Maria<\/strong>, um durch Maria die Gnade des beharrlichen und and\u00e4chtigen Gebetes zu erlangen.<\/p>\n\n\n\n<p>Gegr\u00fc\u00dfet seist du Maria \u2026<\/p>\n\n\n\n<p><em>Bei Privatandachten kann auch nach den Worten \u201eJesus\u201c jedes Mal hinzugesetzt werden:<\/em><\/p>\n\n\n\n<p>\u201eDer uns die Gnade des and\u00e4chtigen Gebetes geben wolle.\u201c<br><\/p>\n\n\n\n<p class=\"has-medium-font-size\"><strong>Gebet<\/strong><\/p>\n\n\n\n<p>Allerseligste Jungfrau, liebe Mutter Maria, ich verlange von Herzen eine \u00e4hnliche Liebe zum Gebete und zur Einsamkeit, wie du gehabt hast. O bewirke doch, dass mein Herz sich immer mehr von den Gesch\u00f6pfen weg zu Gott wende und in der Unterredung mit ihm seine einzige Freude finde. Amen.<\/p>\n","protected":false},"excerpt":{"rendered":"<p>Vorbereitungsgebet und Aufopferungsgebet Vom Gebete Lasset und beten 3 Ave Maria, um durch Maria die Gnade des beharrlichen und and\u00e4chtigen Gebetes zu erlangen. Gegr\u00fc\u00dfet seist du Maria \u2026 Bei Privatandachten kann auch nach den Worten \u201eJesus\u201c jedes Mal hinzugesetzt werden: &hellip; <a href=\"https:\/\/ecclesiae.de\/blog\/?page_id=11938\">Weiterlesen <span class=\"meta-nav\">&rarr;<\/span><\/a><\/p>\n","protected":false},"author":3,"featured_media":0,"parent":11795,"menu_order":22,"comment_status":"closed","ping_status":"closed","template":"","meta":{"footnotes":""},"class_list":["post-11938","page","type-page","status-publish","hentry"],"_links":{"self":[{"href":"https:\/\/ecclesiae.de\/blog\/index.php?rest_route=\/wp\/v2\/pages\/11938","targetHints":{"allow":["GET"]}}],"collection":[{"href":"https:\/\/ecclesiae.de\/blog\/index.php?rest_route=\/wp\/v2\/pages"}],"about":[{"href":"https:\/\/ecclesiae.de\/blog\/index.php?rest_route=\/wp\/v2\/types\/page"}],"author":[{"embeddable":true,"href":"https:\/\/ecclesiae.de\/blog\/index.php?rest_route=\/wp\/v2\/users\/3"}],"replies":[{"embeddable":true,"href":"https:\/\/ecclesiae.de\/blog\/index.php?rest_route=%2Fwp%2Fv2%2Fcomments&post=11938"}],"version-history":[{"count":1,"href":"https:\/\/ecclesiae.de\/blog\/index.php?rest_route=\/wp\/v2\/pages\/11938\/revisions"}],"predecessor-version":[{"id":11939,"href":"https:\/\/ecclesiae.de\/blog\/index.php?rest_route=\/wp\/v2\/pages\/11938\/revisions\/11939"}],"up":[{"embeddable":true,"href":"https:\/\/ecclesiae.de\/blog\/index.php?rest_route=\/wp\/v2\/pages\/11795"}],"wp:attachment":[{"href":"https:\/\/ecclesiae.de\/blog\/index.php?rest_route=%2Fwp%2Fv2%2Fmedia&parent=11938"}],"curies":[{"name":"wp","href":"https:\/\/api.w.org\/{rel}","templated":true}]}}