{"id":11949,"date":"2023-05-10T12:16:11","date_gmt":"2023-05-10T12:16:11","guid":{"rendered":"https:\/\/ecclesiae.de\/blog\/?page_id=11949"},"modified":"2023-05-10T12:16:11","modified_gmt":"2023-05-10T12:16:11","slug":"maiandacht-25-tag","status":"publish","type":"page","link":"https:\/\/ecclesiae.de\/blog\/?page_id=11949","title":{"rendered":"Maiandacht &#8211; 25. Tag"},"content":{"rendered":"\n<p><a href=\"https:\/\/ecclesiae.de\/blog\/?page_id=11795\">Vorbereitungsgebet und Aufopferungsgebet<\/a><\/p>\n\n\n\n<p class=\"has-medium-font-size\"><strong>Von der Liebe Gottes<\/strong><\/p>\n\n\n\n<ol class=\"wp-block-list\" type=\"1\">\n<li>\u00a0Je leerer das Herz von sich selbst und von den Gesch\u00f6pfen ist, desto mehr wird es von der Liebe zu Gott erf\u00fcllt sein. Weil nun Maria so dem\u00fctig, also leer von sich selbst, und so abget\u00f6tet, also leer von allen Gesch\u00f6pfen war, deshalb ward sie von der Liebe Gottes so erf\u00fcllt, dass sie, wie der heilige Bernhardin sagt, Gott mehr liebt, als die Menschen und Engel ihn lieben. Mit recht wird sie daher eine K\u00f6nigin der Liebe, eine Mutter der sch\u00f6nen Liebe genannt. Sie erf\u00fcllte das Gebot: \u201eDu sollst Gott, deinen Herrn, lieben aus deinem ganzen Herzen,\u201c auf das vollkommenste. Dieses vollkommene Liebesfeuer hatte das heiligste Herz Mari\u00e4 so tief verwundet und durchdrungen, sagt der heilige Bernhard, dass nichts davon \u00fcbrigblieb, was nicht von der Liebe erf\u00fcllt gewesen w\u00e4re. Sie konnte mit vollem Rechte ausrufen: \u201eMein Geliebter ist mein und ich bin sein,\u201c und deshalb konnten, nach dem Ausspruche des Richardus, sogar die Seraphim vom Himmel herabsteigen, um von dem liebeerf\u00fcllten Herzen Mari\u00e4 zu lernen, wie man Gott lieben soll.<br>O meine Seele, warum liebst du Gott nicht \u00fcber alles? Warum liebst du noch etwas au\u00dfer ihm? Ist er nicht wert, mehr als alles geliebt zu werden? Hat er dich nicht zuvor geliebt? Liebt er dich nicht noch immer?<br><br><\/li>\n\n\n\n<li>Weil nun Maria eine so gro\u00dfe Liebe zu Gott tr\u00e4gt, so verlangt sie sicher nichts so sehr von ihren Verehrern, als dass auch sie Gott lieben, so sehr sie k\u00f6nnen. Das sagte sie auch eines Tages der seligen Angela von Foligno, nachdem dieselbe kommuniziert hatte: \u201eAngela, mein Sohn hat dich gesegnet: suche ihn also zu lieben, so sehr du vermagst.\u201c Auch sprach die allerseligste Jungfrau eines Tages zur heiligen Brigitta: \u201eWenn du dich mit mir vereinigen willst, meine Tochter, so liebe meinen Sohn.\u201c<br>Siehe, die Mutter der sch\u00f6nen Liebe hat das innigste Verlangen, dass die Herzen aller Menschen von dem n\u00e4mlichen Liebesfeuer ergl\u00fchen, wie das ihrige. Darum nannte die heilige Katharina von Siena sie die Tr\u00e4gerin des Feuers der g\u00f6ttlichen Liebe. Willst also auch du, meine Seele, von dieser Flamme entz\u00fcndet werden, so musst du suchen, durch treue Haltung der Gebote, durch Gebet und durch Anmutungen zu Gott immer mehr dieser geliebten Mutter zu gleichen.<br><br><\/li>\n<\/ol>\n\n\n\n<p>Lasset und beten <strong>3 Ave Maria<\/strong>, um durch Maria die heilige Liebe Gottes zu erlangen.<\/p>\n\n\n\n<p>Gegr\u00fc\u00dfet seist du Maria \u2026<\/p>\n\n\n\n<p><em>Bei Privatandachten kann auch nach den Worten \u201eJesus\u201c jedes Mal hinzugesetzt werden:<\/em><\/p>\n\n\n\n<p>\u201eDer die Liebe in uns entz\u00fcnden wolle.\u201c<br><\/p>\n\n\n\n<p class=\"has-medium-font-size\"><strong>Gebet<\/strong><\/p>\n\n\n\n<p>O K\u00f6nigin der Liebe, Maria, du Liebensw\u00fcrdigste, o Geliebte und mehr als alle anderen Gesch\u00f6pfe Liebende, o meine Mutter, du warst immer ganz von Liebe zu Gott entz\u00fcndet. Erweise mir die Gnade, mir wenigstens einen Funken dieser Liebe mitzuteilen. Du batest deinen Sohn f\u00fcr jene Brautleute, die keinen Wein mehr hatten: \u201eSie haben keinen Wein.\u201c Solltest du Gott nicht auch f\u00fcr mich bitten, dem der Wein der Liebe mangelt, der ich Gott nicht liebe, den zu lieben ich so sehr verpflichtet bin? Sage ihm also: \u201eSiehe, er hat keine Liebe!\u201c und erlange mir die Liebe! Ich bitte dich um keine andere Gnade, als um die Liebe zu Gott. O meine Mutter, wegen deiner gro\u00dfen Liebe zu Gott erh\u00f6re mich und bitte f\u00fcr mich. Amen. (vom hl. Alfonsus)<\/p>\n","protected":false},"excerpt":{"rendered":"<p>Vorbereitungsgebet und Aufopferungsgebet Von der Liebe Gottes Lasset und beten 3 Ave Maria, um durch Maria die heilige Liebe Gottes zu erlangen. Gegr\u00fc\u00dfet seist du Maria \u2026 Bei Privatandachten kann auch nach den Worten \u201eJesus\u201c jedes Mal hinzugesetzt werden: \u201eDer &hellip; <a href=\"https:\/\/ecclesiae.de\/blog\/?page_id=11949\">Weiterlesen <span class=\"meta-nav\">&rarr;<\/span><\/a><\/p>\n","protected":false},"author":3,"featured_media":0,"parent":11795,"menu_order":25,"comment_status":"closed","ping_status":"closed","template":"","meta":{"footnotes":""},"class_list":["post-11949","page","type-page","status-publish","hentry"],"_links":{"self":[{"href":"https:\/\/ecclesiae.de\/blog\/index.php?rest_route=\/wp\/v2\/pages\/11949","targetHints":{"allow":["GET"]}}],"collection":[{"href":"https:\/\/ecclesiae.de\/blog\/index.php?rest_route=\/wp\/v2\/pages"}],"about":[{"href":"https:\/\/ecclesiae.de\/blog\/index.php?rest_route=\/wp\/v2\/types\/page"}],"author":[{"embeddable":true,"href":"https:\/\/ecclesiae.de\/blog\/index.php?rest_route=\/wp\/v2\/users\/3"}],"replies":[{"embeddable":true,"href":"https:\/\/ecclesiae.de\/blog\/index.php?rest_route=%2Fwp%2Fv2%2Fcomments&post=11949"}],"version-history":[{"count":1,"href":"https:\/\/ecclesiae.de\/blog\/index.php?rest_route=\/wp\/v2\/pages\/11949\/revisions"}],"predecessor-version":[{"id":11950,"href":"https:\/\/ecclesiae.de\/blog\/index.php?rest_route=\/wp\/v2\/pages\/11949\/revisions\/11950"}],"up":[{"embeddable":true,"href":"https:\/\/ecclesiae.de\/blog\/index.php?rest_route=\/wp\/v2\/pages\/11795"}],"wp:attachment":[{"href":"https:\/\/ecclesiae.de\/blog\/index.php?rest_route=%2Fwp%2Fv2%2Fmedia&parent=11949"}],"curies":[{"name":"wp","href":"https:\/\/api.w.org\/{rel}","templated":true}]}}